{"id":16379,"date":"2025-04-18T07:19:32","date_gmt":"2025-04-18T12:19:32","guid":{"rendered":"https:\/\/texmexcurios.com\/tmcdev26\/?post_type=product&#038;p=16379"},"modified":"2025-05-13T03:22:42","modified_gmt":"2025-05-13T08:22:42","slug":"betel-natural-hierba-de-sapo","status":"publish","type":"product","link":"https:\/\/texmexcurios.com\/tmcdev26\/product\/betel-natural-hierba-de-sapo\/","title":{"rendered":"Betel Natural Hierba de Sapo"},"content":{"rendered":"<p><strong>Betel Natural Hierba de Sapo<\/strong><br \/>\nNatural Health Benefits: Liver, kidney and gall bladder support; Liver detox; Anti-inflammatory and antioxidant properties ; Mexican milk thistle.<br \/>\nBeneficios naturales para la salud: Apoyo al h\u00edgado, ri\u00f1ones y ves\u00edcula biliar; Desintoxicaci\u00f3n hep\u00e1tica; Propiedades antiinflamatorias y antioxidantes; Cardo mariano mexicano<\/p>\n<p>Ingredients: Milk thistle<br \/>\n24 tea bags per box<br \/>\n90 capsules<\/p>\n<p>Recommended dosage for tea: 1 tea bag daily.<br \/>\nRecommended dosage for capsules: 3 capsules per day with meals.<br \/>\nRecommended combo dosage: Depending on your lifestyle, take capsules as recommended or tea as recommended.<\/p>\n","protected":false},"excerpt":{"rendered":"<p>Mexican milk thistle<\/p>\n","protected":false},"featured_media":16380,"comment_status":"open","ping_status":"closed","template":"","meta":{"_kad_blocks_custom_css":"","_kad_blocks_head_custom_js":"","_kad_blocks_body_custom_js":"","_kad_blocks_footer_custom_js":"","_kad_post_transparent":"default","_kad_post_title":"","_kad_post_layout":"default","_kad_post_sidebar_id":"","_kad_post_content_style":"default","_kad_post_vertical_padding":"default","_kad_post_feature":"","_kad_post_feature_position":"","_kad_post_header":false,"_kad_post_footer":false,"_kad_post_classname":""},"product_brand":[],"product_cat":[2150],"product_tag":[2851,2840,2839,2838,2858,2841,2857,62,696,2854,2856,2855,2852,2847,2268,2846,2843,2842,2848,2850,2860,2844,2853,2859,2849,2845],"class_list":{"0":"post-16379","1":"product","2":"type-product","3":"status-publish","4":"has-post-thumbnail","6":"product_cat-herbal-remedies","7":"product_tag-beneficios-de-hierba-de-sapo","8":"product_tag-betel-hierba-de-sapo","9":"product_tag-betel-natural","10":"product_tag-betel-natural-hierba-de-sapo","11":"product_tag-folk-medicine","12":"product_tag-frog-grass","13":"product_tag-herbal-blends","14":"product_tag-herbal-capsules","15":"product_tag-herbal-medicine","16":"product_tag-herbal-remedies","17":"product_tag-herbal-supplements","18":"product_tag-herbal-teas","19":"product_tag-hiebra-para-el-higado","20":"product_tag-hiebre-de-sapo-uses","21":"product_tag-hierba-de-sapo","22":"product_tag-hierba-de-sapo-benefits","23":"product_tag-hierba-de-sapo-capsules","24":"product_tag-hierba-de-sapo-herbal-supplement","25":"product_tag-hierba-de-sapo-supplements","26":"product_tag-hierba-de-sapo-tea","27":"product_tag-hierbas-naturales","28":"product_tag-mexican-milk-thistle","29":"product_tag-natural-healing","30":"product_tag-natural-ingredients","31":"product_tag-que-es-la-hiebra-de-sapo-y-para-que-sirve","32":"product_tag-thistle-tea","33":"product_shipping_class-flat-fee-3","35":"first","36":"instock","37":"taxable","38":"shipping-taxable","39":"purchasable","40":"product-type-simple","41":"entry","42":"content-bg","43":"loop-entry"},"taxonomy_info":{"product_cat":[{"value":2150,"label":"Herbal Remedies"}],"product_tag":[{"value":2851,"label":"beneficios de hierba de sapo"},{"value":2840,"label":"betel hierba de sapo"},{"value":2839,"label":"betel natural"},{"value":2838,"label":"Betel Natural Hierba de Sapo"},{"value":2858,"label":"folk medicine"},{"value":2841,"label":"frog grass"},{"value":2857,"label":"herbal blends"},{"value":62,"label":"Herbal Capsules"},{"value":696,"label":"Herbal medicine"},{"value":2854,"label":"herbal remedies"},{"value":2856,"label":"herbal supplements"},{"value":2855,"label":"herbal teas"},{"value":2852,"label":"hiebra para el higado"},{"value":2847,"label":"hiebre de sapo uses"},{"value":2268,"label":"Hierba de Sapo"},{"value":2846,"label":"hierba de sapo benefits"},{"value":2843,"label":"hierba de sapo capsules"},{"value":2842,"label":"hierba de sapo herbal supplement"},{"value":2848,"label":"hierba de sapo supplements"},{"value":2850,"label":"hierba de sapo tea"},{"value":2860,"label":"hierbas naturales"},{"value":2844,"label":"Mexican milk thistle"},{"value":2853,"label":"natural healing"},{"value":2859,"label":"natural ingredients"},{"value":2849,"label":"que es la hiebra de sapo y para que sirve"},{"value":2845,"label":"thistle tea"}]},"featured_image_src_large":["https:\/\/texmexcurios.com\/tmcdev26\/wp-content\/uploads\/2025\/04\/Betel-Natural-Hierba-de-Sapo.jpg",1000,1000,false],"author_info":[],"comment_info":0,"_links":{"self":[{"href":"https:\/\/texmexcurios.com\/tmcdev26\/wp-json\/wp\/v2\/product\/16379","targetHints":{"allow":["GET"]}}],"collection":[{"href":"https:\/\/texmexcurios.com\/tmcdev26\/wp-json\/wp\/v2\/product"}],"about":[{"href":"https:\/\/texmexcurios.com\/tmcdev26\/wp-json\/wp\/v2\/types\/product"}],"replies":[{"embeddable":true,"href":"https:\/\/texmexcurios.com\/tmcdev26\/wp-json\/wp\/v2\/comments?post=16379"}],"wp:featuredmedia":[{"embeddable":true,"href":"https:\/\/texmexcurios.com\/tmcdev26\/wp-json\/wp\/v2\/media\/16380"}],"wp:attachment":[{"href":"https:\/\/texmexcurios.com\/tmcdev26\/wp-json\/wp\/v2\/media?parent=16379"}],"wp:term":[{"taxonomy":"product_brand","embeddable":true,"href":"https:\/\/texmexcurios.com\/tmcdev26\/wp-json\/wp\/v2\/product_brand?post=16379"},{"taxonomy":"product_cat","embeddable":true,"href":"https:\/\/texmexcurios.com\/tmcdev26\/wp-json\/wp\/v2\/product_cat?post=16379"},{"taxonomy":"product_tag","embeddable":true,"href":"https:\/\/texmexcurios.com\/tmcdev26\/wp-json\/wp\/v2\/product_tag?post=16379"}],"curies":[{"name":"wp","href":"https:\/\/api.w.org\/{rel}","templated":true}]}}