{"id":17640,"date":"2018-10-29T06:14:56","date_gmt":"2018-10-29T11:14:56","guid":{"rendered":"https:\/\/texmexcurios.com\/tmcdev26\/vela-jumbo-atrapasuenos\/"},"modified":"2026-02-05T07:13:42","modified_gmt":"2026-02-05T13:13:42","slug":"vela-jumbo-atrapasuenos","status":"publish","type":"product","link":"https:\/\/texmexcurios.com\/tmcdev26\/es\/producto\/vela-jumbo-atrapasuenos\/","title":{"rendered":"Vela Jumbo Atrapasue\u00f1os"},"content":{"rendered":"<p>Enciende una Vela Jumbo Atrapasue\u00f1os para detener las pesadillas, atrapar a los esp\u00edritus malignos durante el sue\u00f1o, calmar los nervios y conceder un sue\u00f1o tranquilo. Las velas espirituales se fijan con hierbas m\u00e1gicas, aceites espirituales y cristales curativos. <\/p>\n<ul>\n<li>Vela de oraci\u00f3n inspirada en \u00e1ngeles y santos<\/li>\n<li>La vela Jumbo arde de 10 a 14 d\u00edas<\/li>\n<li>Vela sin aroma<\/li>\n<li>Ver las instrucciones a continuaci\u00f3n<\/li>\n<\/ul>\n<p>PASO 1<br \/>\nEscribe tu petici\u00f3n, tus deseos en el papel de pergamino situado sobre la vela. Puedes utilizar las dos caras del papel. En resumen, escribe lo que deseas. Puedes incluir en el papel de pergamino detalles como nombre o nombres, d\u00eda o fechas de nacimiento, direcciones, n\u00fameros importantes, lo que creas que est\u00e1 relacionado con tu intenci\u00f3n.   <\/p>\n<p>PASO 2<br \/>\nDobla 2 veces el papel de pergamino y col\u00f3calo debajo de la vela.<\/p>\n<p>PASO 3<br \/>\nReza la oraci\u00f3n de la vela, medita y visualiza lo que quieres que ocurra; Reza la oraci\u00f3n diariamente; Si la vela no incluye una oraci\u00f3n, reza tu oraci\u00f3n favorita.<\/p>\n","protected":false},"excerpt":{"rendered":"<p>Detiene las pesadillas<\/p>\n","protected":false},"featured_media":15725,"comment_status":"open","ping_status":"closed","template":"","meta":{"_kad_blocks_custom_css":"","_kad_blocks_head_custom_js":"","_kad_blocks_body_custom_js":"","_kad_blocks_footer_custom_js":"","_kad_post_transparent":"","_kad_post_title":"","_kad_post_layout":"","_kad_post_sidebar_id":"","_kad_post_content_style":"","_kad_post_vertical_padding":"","_kad_post_feature":"","_kad_post_feature_position":"","_kad_post_header":false,"_kad_post_footer":false,"_kad_post_classname":""},"product_brand":[],"product_cat":[3100],"product_tag":[4202,4201,3110,4203,4200,3107,3104,3197],"class_list":{"0":"post-17640","1":"product","2":"type-product","3":"status-publish","4":"has-post-thumbnail","6":"product_cat-protege-del-dano","7":"product_tag-atrapasuenos","8":"product_tag-proteccion-de-pesadilla","9":"product_tag-rituales-de-proteccion","10":"product_tag-significado-del-atrapasuenos","11":"product_tag-vela-atrapasuenos","12":"product_tag-velas-curativas","13":"product_tag-velas-espirituales","14":"product_tag-velas-metafisicas","15":"product_shipping_class-tarifa-plana-8","17":"first","18":"instock","19":"taxable","20":"shipping-taxable","21":"purchasable","22":"product-type-simple","23":"entry","24":"content-bg","25":"loop-entry"},"taxonomy_info":{"product_cat":[{"value":3100,"label":"Protege del da\u00f1o"}],"product_tag":[{"value":4202,"label":"Atrapasue\u00f1os"},{"value":4201,"label":"Protecci\u00f3n de pesadilla"},{"value":3110,"label":"rituales de protecci\u00f3n"},{"value":4203,"label":"significado del atrapasue\u00f1os"},{"value":4200,"label":"Vela Atrapasue\u00f1os"},{"value":3107,"label":"velas curativas"},{"value":3104,"label":"Velas espirituales"},{"value":3197,"label":"velas metaf\u00edsicas"}]},"featured_image_src_large":["https:\/\/texmexcurios.com\/tmcdev26\/wp-content\/uploads\/2018\/10\/Dream-Catcher-Jumbo-Candle-1000.jpg",1000,1000,false],"author_info":[],"comment_info":0,"_links":{"self":[{"href":"https:\/\/texmexcurios.com\/tmcdev26\/es\/wp-json\/wp\/v2\/product\/17640","targetHints":{"allow":["GET"]}}],"collection":[{"href":"https:\/\/texmexcurios.com\/tmcdev26\/es\/wp-json\/wp\/v2\/product"}],"about":[{"href":"https:\/\/texmexcurios.com\/tmcdev26\/es\/wp-json\/wp\/v2\/types\/product"}],"replies":[{"embeddable":true,"href":"https:\/\/texmexcurios.com\/tmcdev26\/es\/wp-json\/wp\/v2\/comments?post=17640"}],"wp:featuredmedia":[{"embeddable":true,"href":"https:\/\/texmexcurios.com\/tmcdev26\/es\/wp-json\/wp\/v2\/media\/15725"}],"wp:attachment":[{"href":"https:\/\/texmexcurios.com\/tmcdev26\/es\/wp-json\/wp\/v2\/media?parent=17640"}],"wp:term":[{"taxonomy":"product_brand","embeddable":true,"href":"https:\/\/texmexcurios.com\/tmcdev26\/es\/wp-json\/wp\/v2\/product_brand?post=17640"},{"taxonomy":"product_cat","embeddable":true,"href":"https:\/\/texmexcurios.com\/tmcdev26\/es\/wp-json\/wp\/v2\/product_cat?post=17640"},{"taxonomy":"product_tag","embeddable":true,"href":"https:\/\/texmexcurios.com\/tmcdev26\/es\/wp-json\/wp\/v2\/product_tag?post=17640"}],"curies":[{"name":"wp","href":"https:\/\/api.w.org\/{rel}","templated":true}]}}