{"id":17612,"date":"2019-10-14T09:29:41","date_gmt":"2019-10-14T14:29:41","guid":{"rendered":"https:\/\/texmexcurios.com\/tmcdev26\/peaceful-home-vela-paz-en-el-hogar\/"},"modified":"2019-10-14T09:29:41","modified_gmt":"2019-10-14T14:29:41","slug":"peaceful-home-vela-paz-en-el-hogar","status":"publish","type":"product","link":"https:\/\/texmexcurios.com\/tmcdev26\/es\/producto\/peaceful-home-vela-paz-en-el-hogar\/","title":{"rendered":"Peaceful Home &#8211; Vela Paz en el Hogar"},"content":{"rendered":"<p>Enciende un Hogar en Paz &#8211; Paz en el Hogar Vela por la paz, la armon\u00eda y la unidad en el hogar.<\/p>\n<ul>\n<li>Vela con aroma floral y herbal<\/li>\n<li>Vela de oraci\u00f3n inspirada en \u00e1ngeles y santos<\/li>\n<\/ul>\n<p>PASO 1<br \/>\nEscribe tu petici\u00f3n, tus deseos en el papel de pergamino situado sobre la vela. Puedes utilizar las dos caras del papel. En resumen, escribe lo que deseas. Puedes incluir en el papel de pergamino detalles como nombre o nombres, d\u00eda o fechas de nacimiento, direcciones, n\u00fameros importantes, lo que creas que est\u00e1 relacionado con tu intenci\u00f3n.   <\/p>\n<p>Por ejemplo<br \/>\n(Pon fin a las discusiones en nuestra casa) Nombre de la familia<br \/>\n(Elimina la ansiedad de nuestra casa) Direcci\u00f3n de la casa<br \/>\n(Trae paz, amor y unidad a nuestra casa) Direcci\u00f3n de la casa<\/p>\n<p>PASO 2<br \/>\nDobla 2 veces el papel de pergamino y col\u00f3calo debajo de la vela.<\/p>\n<p>PASO 3<br \/>\nReza la oraci\u00f3n de la vela, medita y visualiza lo que quieres que ocurra; Reza la oraci\u00f3n diariamente; Si la vela no incluye una oraci\u00f3n, reza tu oraci\u00f3n favorita.<\/p>\n","protected":false},"excerpt":{"rendered":"<p>Concede la paz en el hogar<\/p>\n","protected":false},"featured_media":15715,"comment_status":"open","ping_status":"closed","template":"","meta":{"_kad_blocks_custom_css":"","_kad_blocks_head_custom_js":"","_kad_blocks_body_custom_js":"","_kad_blocks_footer_custom_js":"","_kad_post_transparent":"","_kad_post_title":"","_kad_post_layout":"","_kad_post_sidebar_id":"","_kad_post_content_style":"","_kad_post_vertical_padding":"","_kad_post_feature":"","_kad_post_feature_position":"","_kad_post_header":false,"_kad_post_footer":false,"_kad_post_classname":""},"product_brand":[],"product_cat":[4029,3181],"product_tag":[3191,3196,3108,4067,4187,4068,4065,4031,3197,3132],"class_list":{"0":"post-17612","1":"product","2":"type-product","3":"status-publish","4":"has-post-thumbnail","6":"product_cat-atrae-el-amor","7":"product_cat-elimina-la-mala-suerte","8":"product_tag-vela-curativa","9":"product_tag-vela-de-oracion","10":"product_tag-vela-espiritual","11":"product_tag-vela-fija-hogar-tranquilo","12":"product_tag-vela-hogar-tranquilo-7-dias","13":"product_tag-vela-ritual-hogar-pacifico","14":"product_tag-velas-de-la-paz","15":"product_tag-velas-del-amor","16":"product_tag-velas-metafisicas","17":"product_tag-velas-rituales","18":"product_shipping_class-tarifa-plana-3","20":"first","21":"instock","22":"taxable","23":"shipping-taxable","24":"purchasable","25":"product-type-simple","26":"entry","27":"content-bg","28":"loop-entry"},"taxonomy_info":{"product_cat":[{"value":4029,"label":"Atrae el Amor"},{"value":3181,"label":"Elimina la mala suerte"}],"product_tag":[{"value":3191,"label":"vela curativa"},{"value":3196,"label":"vela de oraci\u00f3n"},{"value":3108,"label":"vela espiritual"},{"value":4067,"label":"vela fija hogar tranquilo"},{"value":4187,"label":"vela hogar tranquilo 7 d\u00edas"},{"value":4068,"label":"vela ritual hogar pac\u00edfico"},{"value":4065,"label":"Velas de la Paz"},{"value":4031,"label":"Velas del amor"},{"value":3197,"label":"velas metaf\u00edsicas"},{"value":3132,"label":"velas rituales"}]},"featured_image_src_large":["https:\/\/texmexcurios.com\/tmcdev26\/wp-content\/uploads\/2019\/10\/Peaceful-Home-candle-scented-1000.jpg",1000,1000,false],"author_info":[],"comment_info":0,"_links":{"self":[{"href":"https:\/\/texmexcurios.com\/tmcdev26\/es\/wp-json\/wp\/v2\/product\/17612","targetHints":{"allow":["GET"]}}],"collection":[{"href":"https:\/\/texmexcurios.com\/tmcdev26\/es\/wp-json\/wp\/v2\/product"}],"about":[{"href":"https:\/\/texmexcurios.com\/tmcdev26\/es\/wp-json\/wp\/v2\/types\/product"}],"replies":[{"embeddable":true,"href":"https:\/\/texmexcurios.com\/tmcdev26\/es\/wp-json\/wp\/v2\/comments?post=17612"}],"wp:featuredmedia":[{"embeddable":true,"href":"https:\/\/texmexcurios.com\/tmcdev26\/es\/wp-json\/wp\/v2\/media\/15715"}],"wp:attachment":[{"href":"https:\/\/texmexcurios.com\/tmcdev26\/es\/wp-json\/wp\/v2\/media?parent=17612"}],"wp:term":[{"taxonomy":"product_brand","embeddable":true,"href":"https:\/\/texmexcurios.com\/tmcdev26\/es\/wp-json\/wp\/v2\/product_brand?post=17612"},{"taxonomy":"product_cat","embeddable":true,"href":"https:\/\/texmexcurios.com\/tmcdev26\/es\/wp-json\/wp\/v2\/product_cat?post=17612"},{"taxonomy":"product_tag","embeddable":true,"href":"https:\/\/texmexcurios.com\/tmcdev26\/es\/wp-json\/wp\/v2\/product_tag?post=17612"}],"curies":[{"name":"wp","href":"https:\/\/api.w.org\/{rel}","templated":true}]}}