{"id":17603,"date":"2019-10-14T09:40:17","date_gmt":"2019-10-14T14:40:17","guid":{"rendered":"https:\/\/texmexcurios.com\/tmcdev26\/santa-teresa-vela-santa-teresa\/"},"modified":"2019-10-14T09:40:17","modified_gmt":"2019-10-14T14:40:17","slug":"santa-teresa-vela-santa-teresa","status":"publish","type":"product","link":"https:\/\/texmexcurios.com\/tmcdev26\/es\/producto\/santa-teresa-vela-santa-teresa\/","title":{"rendered":"Santa Teresa &#8211; Vela Santa Teresa"},"content":{"rendered":"<p>Enciende una Vela de Santa Teresa &#8211; Santa Theresa y te ayudar\u00e1 a reunirte con los miembros de tu familia que se han perdido. Patrona de la unidad familiar y del amor. <\/p>\n<ul>\n<li style=\"list-style-type: none;\">\n<ul>\n<li>Vela con aroma floral y herbal<\/li>\n<li>Vela de oraci\u00f3n inspirada en \u00e1ngeles y santos<\/li>\n<li>Ver las instrucciones a continuaci\u00f3n<\/li>\n<\/ul>\n<\/li>\n<\/ul>\n<p>PASO 1<br \/>\nEscribe tu petici\u00f3n, tus deseos en el papel de pergamino situado sobre la vela. Puedes utilizar las dos caras del papel. En resumen, escribe lo que deseas. Puedes incluir en el papel de pergamino detalles como nombre o nombres, d\u00eda o fechas de nacimiento, direcciones, n\u00fameros importantes, lo que creas que est\u00e1 relacionado con tu intenci\u00f3n.   <\/p>\n<p>Por ejemplo<br \/>\n(Trae la unidad familiar a mi familia) Nombre de la familia<br \/>\n(Devuelve ___________ a nuestra familia ) Nombre de la persona<br \/>\n(Acaba con las discusiones en mi casa) Direcci\u00f3n de la casa<\/p>\n<p>PASO 2<br \/>\nDobla 2 veces el papel de pergamino y col\u00f3calo debajo de la vela.<\/p>\n<p>PASO 3<br \/>\nReza la oraci\u00f3n de la vela, medita y visualiza lo que quieres que ocurra; Reza la oraci\u00f3n diariamente; Si la vela no incluye una oraci\u00f3n, reza tu oraci\u00f3n favorita.<\/p>\n","protected":false},"excerpt":{"rendered":"<p>Concede la Unidad Familiar<\/p>\n","protected":false},"featured_media":15713,"comment_status":"open","ping_status":"closed","template":"","meta":{"_kad_blocks_custom_css":"","_kad_blocks_head_custom_js":"","_kad_blocks_body_custom_js":"","_kad_blocks_footer_custom_js":"","_kad_post_transparent":"","_kad_post_title":"","_kad_post_layout":"","_kad_post_sidebar_id":"","_kad_post_content_style":"","_kad_post_vertical_padding":"","_kad_post_feature":"","_kad_post_feature_position":"","_kad_post_header":false,"_kad_post_footer":false,"_kad_post_classname":""},"product_brand":[],"product_cat":[4029],"product_tag":[3130,3191,4047,4045,4046,4033,3899,3105,3103,4031,3104,3132],"class_list":{"0":"post-17603","1":"product","2":"type-product","3":"status-publish","4":"has-post-thumbnail","6":"product_cat-atrae-el-amor","7":"product_tag-vela-compuesta","8":"product_tag-vela-curativa","9":"product_tag-vela-de-oracion-de-7-dias-por-santa-teresa","10":"product_tag-vela-de-santa-teresa","11":"product_tag-vela-fija-santa-teresa","12":"product_tag-velas-benditas","13":"product_tag-velas-de-oracion","14":"product_tag-velas-de-oracion-mexicanas","15":"product_tag-velas-de-santo-mexicano","16":"product_tag-velas-del-amor","17":"product_tag-velas-espirituales","18":"product_tag-velas-rituales","19":"product_shipping_class-tarifa-plana-3","21":"first","22":"instock","23":"taxable","24":"shipping-taxable","25":"purchasable","26":"product-type-simple","27":"entry","28":"content-bg","29":"loop-entry"},"taxonomy_info":{"product_cat":[{"value":4029,"label":"Atrae el Amor"}],"product_tag":[{"value":3130,"label":"vela compuesta"},{"value":3191,"label":"vela curativa"},{"value":4047,"label":"Vela de oraci\u00f3n de 7 d\u00edas por Santa Teresa"},{"value":4045,"label":"Vela de Santa Teresa"},{"value":4046,"label":"Vela fija Santa Teresa"},{"value":4033,"label":"velas benditas"},{"value":3899,"label":"velas de oraci\u00f3n"},{"value":3105,"label":"Velas de oraci\u00f3n mexicanas"},{"value":3103,"label":"Velas de santo mexicano"},{"value":4031,"label":"Velas del amor"},{"value":3104,"label":"Velas espirituales"},{"value":3132,"label":"velas rituales"}]},"featured_image_src_large":["https:\/\/texmexcurios.com\/tmcdev26\/wp-content\/uploads\/2019\/10\/Saint-Teresa-candle-scented-1000.jpg",1000,1000,false],"author_info":[],"comment_info":0,"_links":{"self":[{"href":"https:\/\/texmexcurios.com\/tmcdev26\/es\/wp-json\/wp\/v2\/product\/17603","targetHints":{"allow":["GET"]}}],"collection":[{"href":"https:\/\/texmexcurios.com\/tmcdev26\/es\/wp-json\/wp\/v2\/product"}],"about":[{"href":"https:\/\/texmexcurios.com\/tmcdev26\/es\/wp-json\/wp\/v2\/types\/product"}],"replies":[{"embeddable":true,"href":"https:\/\/texmexcurios.com\/tmcdev26\/es\/wp-json\/wp\/v2\/comments?post=17603"}],"wp:featuredmedia":[{"embeddable":true,"href":"https:\/\/texmexcurios.com\/tmcdev26\/es\/wp-json\/wp\/v2\/media\/15713"}],"wp:attachment":[{"href":"https:\/\/texmexcurios.com\/tmcdev26\/es\/wp-json\/wp\/v2\/media?parent=17603"}],"wp:term":[{"taxonomy":"product_brand","embeddable":true,"href":"https:\/\/texmexcurios.com\/tmcdev26\/es\/wp-json\/wp\/v2\/product_brand?post=17603"},{"taxonomy":"product_cat","embeddable":true,"href":"https:\/\/texmexcurios.com\/tmcdev26\/es\/wp-json\/wp\/v2\/product_cat?post=17603"},{"taxonomy":"product_tag","embeddable":true,"href":"https:\/\/texmexcurios.com\/tmcdev26\/es\/wp-json\/wp\/v2\/product_tag?post=17603"}],"curies":[{"name":"wp","href":"https:\/\/api.w.org\/{rel}","templated":true}]}}