{"id":17573,"date":"2020-08-28T05:12:58","date_gmt":"2020-08-28T10:12:58","guid":{"rendered":"https:\/\/texmexcurios.com\/tmcdev26\/vela-de-palo-santo\/"},"modified":"2020-08-28T05:12:58","modified_gmt":"2020-08-28T10:12:58","slug":"vela-de-palo-santo","status":"publish","type":"product","link":"https:\/\/texmexcurios.com\/tmcdev26\/es\/producto\/vela-de-palo-santo\/","title":{"rendered":"Vela de Palo Santo"},"content":{"rendered":"<p>Enciende una vela ritual de Palo Santo y purifica tu casa o tu negocio. El ritual de Palo Santo eliminar\u00e1 las vibraciones negativas, conceder\u00e1 bendiciones y te llenar\u00e1 de energ\u00eda. <\/p>\n<ul>\n<li>Aroma floral y herbal<\/li>\n<li>Ver las instrucciones a continuaci\u00f3n<\/li>\n<\/ul>\n<p>PASO 1<br \/>\nEscribe tu petici\u00f3n, tus deseos en el papel de pergamino situado sobre la vela. Puedes utilizar las dos caras del papel. En resumen, escribe lo que deseas. Puedes incluir en el papel de pergamino detalles como nombre o nombres, d\u00eda o fechas de nacimiento, direcciones, n\u00fameros importantes, lo que creas que est\u00e1 relacionado con tu intenci\u00f3n.   <\/p>\n<p>PASO 2<br \/>\nDobla 2 veces el papel de pergamino y col\u00f3calo debajo de la vela.<\/p>\n<p>PASO 3<br \/>\nReza la oraci\u00f3n de la vela, medita y visualiza lo que quieres que ocurra; Reza la oraci\u00f3n diariamente; Si la vela no incluye una oraci\u00f3n, reza tu oraci\u00f3n favorita.<\/p>\n","protected":false},"excerpt":{"rendered":"<p>Purifica tu casa o negocio<\/p>\n","protected":false},"featured_media":15703,"comment_status":"open","ping_status":"closed","template":"","meta":{"_kad_blocks_custom_css":"","_kad_blocks_head_custom_js":"","_kad_blocks_body_custom_js":"","_kad_blocks_footer_custom_js":"","_kad_post_transparent":"","_kad_post_title":"","_kad_post_layout":"","_kad_post_sidebar_id":"","_kad_post_content_style":"","_kad_post_vertical_padding":"","_kad_post_feature":"","_kad_post_feature_position":"","_kad_post_header":false,"_kad_post_footer":false,"_kad_post_classname":""},"product_brand":[],"product_cat":[3181],"product_tag":[3728,3193,3191,3196,3108,3276,4116,4073,4115],"class_list":{"0":"post-17573","1":"product","2":"type-product","3":"status-publish","4":"has-post-thumbnail","6":"product_cat-elimina-la-mala-suerte","7":"product_tag-limpias","8":"product_tag-rituales-de-limpieza","9":"product_tag-vela-curativa","10":"product_tag-vela-de-oracion","11":"product_tag-vela-espiritual","12":"product_tag-vela-palo-santo","13":"product_tag-vela-palo-santo-7-dias","14":"product_tag-vela-palo-santo-fija","15":"product_tag-vela-palo-santo-vela-limpiadora","16":"product_shipping_class-tarifa-plana-3","18":"first","19":"instock","20":"taxable","21":"shipping-taxable","22":"purchasable","23":"product-type-simple","24":"entry","25":"content-bg","26":"loop-entry"},"taxonomy_info":{"product_cat":[{"value":3181,"label":"Elimina la mala suerte"}],"product_tag":[{"value":3728,"label":"limpias"},{"value":3193,"label":"rituales de limpieza"},{"value":3191,"label":"vela curativa"},{"value":3196,"label":"vela de oraci\u00f3n"},{"value":3108,"label":"vela espiritual"},{"value":3276,"label":"Vela Palo Santo"},{"value":4116,"label":"vela palo santo 7 d\u00edas"},{"value":4073,"label":"vela palo santo fija"},{"value":4115,"label":"vela palo santo vela limpiadora"}]},"featured_image_src_large":["https:\/\/texmexcurios.com\/tmcdev26\/wp-content\/uploads\/2020\/08\/Palo-santo-scented-candle-1000.jpg",1000,1000,false],"author_info":[],"comment_info":0,"_links":{"self":[{"href":"https:\/\/texmexcurios.com\/tmcdev26\/es\/wp-json\/wp\/v2\/product\/17573","targetHints":{"allow":["GET"]}}],"collection":[{"href":"https:\/\/texmexcurios.com\/tmcdev26\/es\/wp-json\/wp\/v2\/product"}],"about":[{"href":"https:\/\/texmexcurios.com\/tmcdev26\/es\/wp-json\/wp\/v2\/types\/product"}],"replies":[{"embeddable":true,"href":"https:\/\/texmexcurios.com\/tmcdev26\/es\/wp-json\/wp\/v2\/comments?post=17573"}],"wp:featuredmedia":[{"embeddable":true,"href":"https:\/\/texmexcurios.com\/tmcdev26\/es\/wp-json\/wp\/v2\/media\/15703"}],"wp:attachment":[{"href":"https:\/\/texmexcurios.com\/tmcdev26\/es\/wp-json\/wp\/v2\/media?parent=17573"}],"wp:term":[{"taxonomy":"product_brand","embeddable":true,"href":"https:\/\/texmexcurios.com\/tmcdev26\/es\/wp-json\/wp\/v2\/product_brand?post=17573"},{"taxonomy":"product_cat","embeddable":true,"href":"https:\/\/texmexcurios.com\/tmcdev26\/es\/wp-json\/wp\/v2\/product_cat?post=17573"},{"taxonomy":"product_tag","embeddable":true,"href":"https:\/\/texmexcurios.com\/tmcdev26\/es\/wp-json\/wp\/v2\/product_tag?post=17573"}],"curies":[{"name":"wp","href":"https:\/\/api.w.org\/{rel}","templated":true}]}}