{"id":17518,"date":"2022-09-14T09:52:26","date_gmt":"2022-09-14T14:52:26","guid":{"rendered":"https:\/\/texmexcurios.com\/tmcdev26\/san-judas-velas-de-san-judas\/"},"modified":"2022-09-14T09:52:26","modified_gmt":"2022-09-14T14:52:26","slug":"san-judas-velas-de-san-judas","status":"publish","type":"product","link":"https:\/\/texmexcurios.com\/tmcdev26\/es\/producto\/san-judas-velas-de-san-judas\/","title":{"rendered":"San Judas &#8211; Velas de San Judas"},"content":{"rendered":"<p>Realiza el ritual de las Velas de San Judas durante 3 semanas y ruega a Dios por un milagro financiero. Patr\u00f3n de las causas dif\u00edciles y de p\u00e9rdida de dinero, salud y amor. Las velas espirituales se fijan con hierbas m\u00e1gicas, aceites espirituales y cristales curativos.  <\/p>\n<ul>\n<li>Vela de oraci\u00f3n inspirada en \u00e1ngeles y santos<\/li>\n<li>La compra incluye 3 velas fijas<\/li>\n<li>Vela sin aroma<\/li>\n<li>Ver las instrucciones a continuaci\u00f3n<\/li>\n<\/ul>\n<p>PASO 1<br \/>\nEscribe tu petici\u00f3n, tus deseos en el papel de pergamino situado sobre la vela. Puedes utilizar las dos caras del papel. En resumen, escribe lo que deseas. Puedes incluir en el papel de pergamino detalles como nombre o nombres, d\u00eda o fechas de nacimiento, direcciones, n\u00fameros importantes, lo que creas que est\u00e1 relacionado con tu intenci\u00f3n.<br \/>\nPASO 2<br \/>\nDobla el papel de pergamino 2 veces y col\u00f3calo debajo de la vela.<br \/>\nPASO 3<br \/>\nReza la oraci\u00f3n sobre la vela, medita y visualiza lo que quieres que ocurra; Reza la oraci\u00f3n a diario; Si la vela no incluye una oraci\u00f3n, reza tu oraci\u00f3n favorita.   <\/p>\n<p>Nota: Puedes realizar un trabajo con velas de 3 semanas quemando una vela por semana o disponer las tres velas en forma de tri\u00e1ngulo y quemarlas todas a la vez. Te recomendamos que empieces enseguida tu trabajo de quema de velas. <\/p>\n","protected":false},"excerpt":{"rendered":"<p>Concede Milagros de Salud<\/p>\n","protected":false},"featured_media":15689,"comment_status":"open","ping_status":"closed","template":"","meta":{"_kad_blocks_custom_css":"","_kad_blocks_head_custom_js":"","_kad_blocks_body_custom_js":"","_kad_blocks_footer_custom_js":"","_kad_post_transparent":"","_kad_post_title":"","_kad_post_layout":"","_kad_post_sidebar_id":"","_kad_post_content_style":"","_kad_post_vertical_padding":"","_kad_post_feature":"","_kad_post_feature_position":"","_kad_post_header":false,"_kad_post_footer":false,"_kad_post_classname":""},"product_brand":[],"product_cat":[3121,3171,3141],"product_tag":[3208,4119,3204,3158,3134,3842,4122,3138,4117,3764,3827,3108,3109,4118,3106,3107,4120,3105,3157,3103,3104,3159,3140,3164,4121,3132],"class_list":{"0":"post-17518","1":"product","2":"type-product","3":"status-publish","4":"has-post-thumbnail","6":"product_cat-multiplica-tu-dinero","7":"product_cat-gana-al-juego","8":"product_cat-mejora-tu-salud","9":"product_tag-buena-suerte-velas","10":"product_tag-oracion-milagrosa-de-san-judas","11":"product_tag-rituales-de-juego","12":"product_tag-rituales-de-salud","13":"product_tag-rituales-del-dinero","14":"product_tag-san-judas-para-casos-imposibles","15":"product_tag-vela-cruz-de-jerusalen-de-7-dias","16":"product_tag-vela-de-la-suerte","17":"product_tag-vela-de-san-judas-2","18":"product_tag-vela-de-san-judas","19":"product_tag-vela-de-santo-mexicano","20":"product_tag-vela-espiritual","21":"product_tag-vela-fija","22":"product_tag-vela-fija-de-san-judas","23":"product_tag-velas-compuestas","24":"product_tag-velas-curativas","25":"product_tag-velas-de-adiccion","26":"product_tag-velas-de-oracion-mexicanas","27":"product_tag-velas-de-salud","28":"product_tag-velas-de-santo-mexicano","29":"product_tag-velas-espirituales","30":"product_tag-velas-milagrosas","31":"product_tag-velas-para-dibujar-dinero","32":"product_tag-velas-para-la-salud","33":"product_tag-velas-para-superar-la-adiccion","34":"product_tag-velas-rituales","35":"product_shipping_class-tarifa-plana-3","37":"first","38":"instock","39":"taxable","40":"shipping-taxable","41":"purchasable","42":"product-type-simple","43":"entry","44":"content-bg","45":"loop-entry"},"taxonomy_info":{"product_cat":[{"value":3121,"label":"Multiplica tu dinero"},{"value":3171,"label":"Gana al juego"},{"value":3141,"label":"Mejora tu salud"}],"product_tag":[{"value":3208,"label":"buena suerte velas"},{"value":4119,"label":"Oraci\u00f3n milagrosa de San Judas"},{"value":3204,"label":"rituales de juego"},{"value":3158,"label":"rituales de salud"},{"value":3134,"label":"rituales del dinero"},{"value":3842,"label":"San Judas para casos imposibles"},{"value":4122,"label":"Vela cruz de Jerusal\u00e9n de 7 d\u00edas"},{"value":3138,"label":"vela de la suerte"},{"value":4117,"label":"Vela de San Judas"},{"value":3764,"label":"Vela de San Judas"},{"value":3827,"label":"Vela de santo mexicano"},{"value":3108,"label":"vela espiritual"},{"value":3109,"label":"vela fija"},{"value":4118,"label":"Vela fija de San Judas"},{"value":3106,"label":"velas compuestas"},{"value":3107,"label":"velas curativas"},{"value":4120,"label":"velas de adicci\u00f3n"},{"value":3105,"label":"Velas de oraci\u00f3n mexicanas"},{"value":3157,"label":"velas de salud"},{"value":3103,"label":"Velas de santo mexicano"},{"value":3104,"label":"Velas espirituales"},{"value":3159,"label":"velas milagrosas"},{"value":3140,"label":"velas para dibujar dinero"},{"value":3164,"label":"velas para la salud"},{"value":4121,"label":"velas para superar la adicci\u00f3n"},{"value":3132,"label":"velas rituales"}]},"featured_image_src_large":["https:\/\/texmexcurios.com\/tmcdev26\/wp-content\/uploads\/2022\/09\/Saint-Jude-San-Judas-Candles-1000.jpg",1000,1000,false],"author_info":[],"comment_info":0,"_links":{"self":[{"href":"https:\/\/texmexcurios.com\/tmcdev26\/es\/wp-json\/wp\/v2\/product\/17518","targetHints":{"allow":["GET"]}}],"collection":[{"href":"https:\/\/texmexcurios.com\/tmcdev26\/es\/wp-json\/wp\/v2\/product"}],"about":[{"href":"https:\/\/texmexcurios.com\/tmcdev26\/es\/wp-json\/wp\/v2\/types\/product"}],"replies":[{"embeddable":true,"href":"https:\/\/texmexcurios.com\/tmcdev26\/es\/wp-json\/wp\/v2\/comments?post=17518"}],"wp:featuredmedia":[{"embeddable":true,"href":"https:\/\/texmexcurios.com\/tmcdev26\/es\/wp-json\/wp\/v2\/media\/15689"}],"wp:attachment":[{"href":"https:\/\/texmexcurios.com\/tmcdev26\/es\/wp-json\/wp\/v2\/media?parent=17518"}],"wp:term":[{"taxonomy":"product_brand","embeddable":true,"href":"https:\/\/texmexcurios.com\/tmcdev26\/es\/wp-json\/wp\/v2\/product_brand?post=17518"},{"taxonomy":"product_cat","embeddable":true,"href":"https:\/\/texmexcurios.com\/tmcdev26\/es\/wp-json\/wp\/v2\/product_cat?post=17518"},{"taxonomy":"product_tag","embeddable":true,"href":"https:\/\/texmexcurios.com\/tmcdev26\/es\/wp-json\/wp\/v2\/product_tag?post=17518"}],"curies":[{"name":"wp","href":"https:\/\/api.w.org\/{rel}","templated":true}]}}