{"id":17503,"date":"2023-09-19T01:35:32","date_gmt":"2023-09-19T06:35:32","guid":{"rendered":"https:\/\/texmexcurios.com\/tmcdev26\/limpieza-telefonica\/"},"modified":"2023-09-19T01:35:32","modified_gmt":"2023-09-19T06:35:32","slug":"limpieza-telefonica","status":"publish","type":"product","link":"https:\/\/texmexcurios.com\/tmcdev26\/es\/producto\/limpieza-telefonica\/","title":{"rendered":"Limpieza telef\u00f3nica"},"content":{"rendered":"<p>Si no puedes venir a nuestra tienda para la limpieza en persona, ofrecemos la limpieza por tel\u00e9fono. Puedes elegir una fecha y una hora para tu limpieza y concertar una cita. <\/p>\n<p>El sanador Doron Avaknin rezar\u00e1 sobre ti en privado mientras quema incienso espiritual y se concentra en tu situaci\u00f3n particular. Mientras realiza la limpia (Limpieza) sentir\u00e1s c\u00f3mo se levanta el peso de la energ\u00eda negativa. Trabajos de oraci\u00f3n, trabajos con velas para la limpieza espiritual inspirados por \u00c1ngeles y Santos. Una limpieza espiritual puede utilizarse para diversas circunstancias: limpieza para encontrar empleo, para un caso judicial pendiente, buena salud, envidia, \u00e9xito en los negocios, paz en tu hogar y protecci\u00f3n contra la energ\u00eda negativa, as\u00ed como para limpiar tu vida amorosa.   <\/p>\n<p>.<\/p>\n","protected":false},"excerpt":{"rendered":"<p>Recibe las bendiciones curativas de Doron<\/p>\n","protected":false},"featured_media":15685,"comment_status":"open","ping_status":"closed","template":"","meta":{"_kad_blocks_custom_css":"","_kad_blocks_head_custom_js":"","_kad_blocks_body_custom_js":"","_kad_blocks_footer_custom_js":"","_kad_post_transparent":"","_kad_post_title":"","_kad_post_layout":"","_kad_post_sidebar_id":"","_kad_post_content_style":"","_kad_post_vertical_padding":"","_kad_post_feature":"","_kad_post_feature_position":"","_kad_post_header":false,"_kad_post_footer":false,"_kad_post_classname":""},"product_brand":[],"product_cat":[4089],"product_tag":[4102,4104,4106,4098,4094,3728,4090,4092,4099,4105,4096,4107,4100,4101,4103],"class_list":{"0":"post-17503","1":"product","2":"type-product","3":"status-publish","4":"has-post-thumbnail","6":"product_cat-servicios-de-limpieza","7":"product_tag-bendicion-del-hogar-y-limpieza-espiritual","8":"product_tag-curanderismo-limpio","9":"product_tag-el-poder-curativo-de-las-limpias","10":"product_tag-incienso-espiritual","11":"product_tag-limpiar-tu-vida-amorosa","12":"product_tag-limpias","13":"product_tag-limpieza-espiritual","14":"product_tag-limpieza-sin-cita-previa","15":"product_tag-limpieza-telefonica","16":"product_tag-limpiezas-espirituales","17":"product_tag-proteccion-contra-la-energia-negativa","18":"product_tag-que-es-una-limpia","19":"product_tag-recibir-las-bendiciones-curativas-de-doron","20":"product_tag-servicio-de-limpieza-espiritual","21":"product_tag-terapia-limpia","22":"product_shipping_class-tarifa-plana-3","24":"first","25":"instock","26":"virtual","27":"sold-individually","28":"purchasable","29":"product-type-phive_booking","30":"entry","31":"content-bg","32":"loop-entry"},"taxonomy_info":{"product_cat":[{"value":4089,"label":"Servicios de limpieza"}],"product_tag":[{"value":4102,"label":"Bendici\u00f3n del hogar y limpieza espiritual"},{"value":4104,"label":"Curanderismo limpio"},{"value":4106,"label":"El poder curativo de las limpias"},{"value":4098,"label":"incienso espiritual"},{"value":4094,"label":"limpiar tu vida amorosa"},{"value":3728,"label":"limpias"},{"value":4090,"label":"limpieza espiritual"},{"value":4092,"label":"Limpieza sin cita previa"},{"value":4099,"label":"Limpieza telef\u00f3nica"},{"value":4105,"label":"Limpiezas espirituales"},{"value":4096,"label":"protecci\u00f3n contra la energ\u00eda negativa"},{"value":4107,"label":"Qu\u00e9 es una limpia"},{"value":4100,"label":"recibir las bendiciones curativas de Doron"},{"value":4101,"label":"Servicio de Limpieza Espiritual"},{"value":4103,"label":"Terapia Limpia"}]},"featured_image_src_large":["https:\/\/texmexcurios.com\/tmcdev26\/wp-content\/uploads\/2023\/09\/over-the-phone-cleansing-1000.jpg",1000,1000,false],"author_info":[],"comment_info":0,"_links":{"self":[{"href":"https:\/\/texmexcurios.com\/tmcdev26\/es\/wp-json\/wp\/v2\/product\/17503","targetHints":{"allow":["GET"]}}],"collection":[{"href":"https:\/\/texmexcurios.com\/tmcdev26\/es\/wp-json\/wp\/v2\/product"}],"about":[{"href":"https:\/\/texmexcurios.com\/tmcdev26\/es\/wp-json\/wp\/v2\/types\/product"}],"replies":[{"embeddable":true,"href":"https:\/\/texmexcurios.com\/tmcdev26\/es\/wp-json\/wp\/v2\/comments?post=17503"}],"wp:featuredmedia":[{"embeddable":true,"href":"https:\/\/texmexcurios.com\/tmcdev26\/es\/wp-json\/wp\/v2\/media\/15685"}],"wp:attachment":[{"href":"https:\/\/texmexcurios.com\/tmcdev26\/es\/wp-json\/wp\/v2\/media?parent=17503"}],"wp:term":[{"taxonomy":"product_brand","embeddable":true,"href":"https:\/\/texmexcurios.com\/tmcdev26\/es\/wp-json\/wp\/v2\/product_brand?post=17503"},{"taxonomy":"product_cat","embeddable":true,"href":"https:\/\/texmexcurios.com\/tmcdev26\/es\/wp-json\/wp\/v2\/product_cat?post=17503"},{"taxonomy":"product_tag","embeddable":true,"href":"https:\/\/texmexcurios.com\/tmcdev26\/es\/wp-json\/wp\/v2\/product_tag?post=17503"}],"curies":[{"name":"wp","href":"https:\/\/api.w.org\/{rel}","templated":true}]}}