{"id":17474,"date":"2024-07-11T03:51:34","date_gmt":"2024-07-11T08:51:34","guid":{"rendered":"https:\/\/texmexcurios.com\/tmcdev26\/conjunto-rosa-salvia\/"},"modified":"2024-07-11T03:51:34","modified_gmt":"2024-07-11T08:51:34","slug":"conjunto-rosa-salvia","status":"publish","type":"product","link":"https:\/\/texmexcurios.com\/tmcdev26\/es\/producto\/conjunto-rosa-salvia\/","title":{"rendered":"Conjunto Rosa Salvia"},"content":{"rendered":"<p>El set de limpieza Rose Sage Bundle elimina las vibraciones negativas y restaura el amor y la felicidad. El set de limpieza Paquete de Salvia Rosa elimina las vibraciones negativas y restaura el amor y la felicidad. La pr\u00e1ctica del sahumerio o quema de salvia como limpieza de humo es una antigua y poderosa ceremonia de limpieza. L\u00edmpiate, limpia tu casa o tu negocio con salvia. Nuestros manojos de salvia son recogidos a mano por los nativos americanos y se utilizan para ahuyentar las energ\u00edas negativas, as\u00ed como los esp\u00edritus y las influencias negativas.    <\/p>\n<ul>\n<li>La compra incluye 2 manojos grandes de salvia<\/li>\n<li>Ver instrucciones m\u00e1s abajo<\/li>\n<\/ul>\n<p>Paso 1<br \/>\nVe a la entrada principal de tu casa o negocio. Enciende la punta de tu manojo de salvia y deja que arda durante unos segundos. Apaga suavemente la llama y deja que salga un flujo constante de humo para la sesi\u00f3n de limpieza. Tambi\u00e9n te recomendamos que utilices un cuenco ign\u00edfugo lleno de arena o tierra para recoger las cenizas en caso de que caigan. Tambi\u00e9n puedes adquirir nuestro quemador de salvia de concha de abul\u00f3n para recoger las cenizas y detener el humo de la salvia despu\u00e9s de la limpieza. Este producto est\u00e1 disponible en l\u00ednea en nuestro sitio web.<br \/>\nPaso 2<br \/>\nUna vez encendido el haz, con la mano derecha rodea el haz de salvia 3 veces en el sentido contrario a las agujas del reloj y camina hacia la izquierda de la habitaci\u00f3n. Tambi\u00e9n puedes mover el haz de salvia en forma de cruz. Este proceso empezar\u00e1 a eliminar la energ\u00eda negativa.<br \/>\nPaso 3<br \/>\nSigue caminando por tu casa o negocio y, si es posible, limpia todas las habitaciones de tu casa o negocio. Mientras limpias la habitaci\u00f3n, contin\u00faa con el movimiento de las manos, salmodia tu petici\u00f3n y medita.        <\/p>\n<p style=\"padding-left: 40px;\">Por ejemplo, puedes cantar<em>:<\/em><br \/>\n<em>&#8220;Limpia esta zona de toda energ\u00eda negativa&#8221;<br \/>\n&#8220;Invito a la positividad, la paz, la curaci\u00f3n y la luz<\/em>&#8220;<em>.<\/em><br \/>\nCanta lo que te salga del coraz\u00f3n.<\/p>\n<p>Tambi\u00e9n te recomendamos que recites y reces tu oraci\u00f3n favorita. Si no puedes limpiar todas las habitaciones, c\u00e9ntrate en la que creas que contiene las vibraciones m\u00e1s negativas.<br \/>\nPaso 4<br \/>\nVuelve a la entrada principal de tu casa o negocio y ahoga el humo de salvia en tu cuenco o concha de abul\u00f3n hasta que deje de salir humo. Si es posible, abre la puerta principal y las ventanas de todas las habitaciones para eliminar y liberar la energ\u00eda negativa del humo.  <\/p>\n<p>Repite estos pasos durante 2 d\u00edas m\u00e1s; t\u00f3mate un d\u00eda de descanso y contin\u00faa con la limpieza de salvia durante 3 d\u00edas m\u00e1s. Una vez que elimines la energ\u00eda negativa, contin\u00faa quemando salvia preferiblemente los mi\u00e9rcoles o los viernes.<br \/>\n<strong>(Nota: Para obtener resultados m\u00e1s potentes, quema una serie de 3 velas de salvia)<\/strong><\/p>\n","protected":false},"excerpt":{"rendered":"<p>Limpieza de Salvia para el Amor y la Felicidad<\/p>\n","protected":false},"featured_media":14268,"comment_status":"open","ping_status":"closed","template":"","meta":{"_kad_blocks_custom_css":"","_kad_blocks_head_custom_js":"","_kad_blocks_body_custom_js":"","_kad_blocks_footer_custom_js":"","_kad_post_transparent":"","_kad_post_title":"","_kad_post_layout":"","_kad_post_sidebar_id":"","_kad_post_content_style":"","_kad_post_vertical_padding":"","_kad_post_feature":"","_kad_post_feature_position":"","_kad_post_header":false,"_kad_post_footer":false,"_kad_post_classname":""},"product_brand":[],"product_cat":[3181],"product_tag":[4030,4028,3728,3193,4027],"class_list":{"0":"post-17474","1":"product","2":"type-product","3":"status-publish","4":"has-post-thumbnail","6":"product_cat-elimina-la-mala-suerte","7":"product_tag-bastoncillo-de-salvia-rosa","8":"product_tag-conjunto-rosa-salvia","9":"product_tag-limpias","10":"product_tag-rituales-de-limpieza","11":"product_tag-rosa-salvia","12":"product_shipping_class-tarifa-plana-3","14":"first","15":"instock","16":"taxable","17":"shipping-taxable","18":"purchasable","19":"product-type-simple","20":"entry","21":"content-bg","22":"loop-entry"},"taxonomy_info":{"product_cat":[{"value":3181,"label":"Elimina la mala suerte"}],"product_tag":[{"value":4030,"label":"bastoncillo de salvia rosa"},{"value":4028,"label":"Conjunto Rosa Salvia"},{"value":3728,"label":"limpias"},{"value":3193,"label":"rituales de limpieza"},{"value":4027,"label":"Rosa Salvia"}]},"featured_image_src_large":["https:\/\/texmexcurios.com\/tmcdev26\/wp-content\/uploads\/2024\/07\/Rose-Sage-Bundle-Set-1000.jpg",1000,1000,false],"author_info":[],"comment_info":0,"_links":{"self":[{"href":"https:\/\/texmexcurios.com\/tmcdev26\/es\/wp-json\/wp\/v2\/product\/17474","targetHints":{"allow":["GET"]}}],"collection":[{"href":"https:\/\/texmexcurios.com\/tmcdev26\/es\/wp-json\/wp\/v2\/product"}],"about":[{"href":"https:\/\/texmexcurios.com\/tmcdev26\/es\/wp-json\/wp\/v2\/types\/product"}],"replies":[{"embeddable":true,"href":"https:\/\/texmexcurios.com\/tmcdev26\/es\/wp-json\/wp\/v2\/comments?post=17474"}],"wp:featuredmedia":[{"embeddable":true,"href":"https:\/\/texmexcurios.com\/tmcdev26\/es\/wp-json\/wp\/v2\/media\/14268"}],"wp:attachment":[{"href":"https:\/\/texmexcurios.com\/tmcdev26\/es\/wp-json\/wp\/v2\/media?parent=17474"}],"wp:term":[{"taxonomy":"product_brand","embeddable":true,"href":"https:\/\/texmexcurios.com\/tmcdev26\/es\/wp-json\/wp\/v2\/product_brand?post=17474"},{"taxonomy":"product_cat","embeddable":true,"href":"https:\/\/texmexcurios.com\/tmcdev26\/es\/wp-json\/wp\/v2\/product_cat?post=17474"},{"taxonomy":"product_tag","embeddable":true,"href":"https:\/\/texmexcurios.com\/tmcdev26\/es\/wp-json\/wp\/v2\/product_tag?post=17474"}],"curies":[{"name":"wp","href":"https:\/\/api.w.org\/{rel}","templated":true}]}}