{"id":17465,"date":"2024-07-12T07:55:33","date_gmt":"2024-07-12T12:55:33","guid":{"rendered":"https:\/\/texmexcurios.com\/tmcdev26\/set-de-perfume-y-cristal-san-cipriano\/"},"modified":"2024-07-12T07:55:33","modified_gmt":"2024-07-12T12:55:33","slug":"set-de-perfume-y-cristal-san-cipriano","status":"publish","type":"product","link":"https:\/\/texmexcurios.com\/tmcdev26\/es\/producto\/set-de-perfume-y-cristal-san-cipriano\/","title":{"rendered":"Set de Perfume y Cristal San Cipriano"},"content":{"rendered":"<p>Este conjunto te proteger\u00e1 a ti y a tu familia del diablo, las brujas, los esp\u00edritus malignos, la energ\u00eda negativa y los fantasmas malvados. La piedra de \u00f3nice negro te proporcionar\u00e1 fuerza interior en los momentos dif\u00edciles. La piedra turmalina negra limpiar\u00e1 toda la energ\u00eda negativa que te rodea. La piedra amatista es una poderosa piedra de protecci\u00f3n para el equilibrio emocional.   <\/p>\n<ul>\n<li>La compra incluye cristales de \u00f3nice negro, turmalina negra y amatista y una bolsa con dijes<\/li>\n<li>Perfume San Cipriano 2 oz. <\/li>\n<li>Usa el perfume a diario<\/li>\n<li>Ver instrucciones m\u00e1s abajo<\/li>\n<\/ul>\n<p>Paso 1<br \/>\nUnge cada piedra con el perfume San Ciprano y coloca las piedras en la bolsa del amuleto y ll\u00e9vala siempre contigo. Unge cada piedra una vez a la semana.<br \/>\nPaso 2<br \/>\nPonte el perfume a diario mientras meditas y rezas pidiendo protecci\u00f3n.<br \/>\n(Nota: Para una protecci\u00f3n adicional, quema 3 velas de San Ciprano o una serie de 3 velas de amatista) <\/p>\n","protected":false},"excerpt":{"rendered":"<p>Elimina demonios, brujas y esp\u00edritus malignos<\/p>\n","protected":false},"featured_media":16877,"comment_status":"open","ping_status":"closed","template":"","meta":{"_kad_blocks_custom_css":"","_kad_blocks_head_custom_js":"","_kad_blocks_body_custom_js":"","_kad_blocks_footer_custom_js":"","_kad_post_transparent":"","_kad_post_title":"","_kad_post_layout":"","_kad_post_sidebar_id":"","_kad_post_content_style":"","_kad_post_vertical_padding":"","_kad_post_feature":"","_kad_post_feature_position":"","_kad_post_header":false,"_kad_post_footer":false,"_kad_post_classname":""},"product_brand":[],"product_cat":[3100],"product_tag":[4014,4009,4010,4012,3115,3112,3113,3998,3341,3101,3117,3110,3355,3119,3356,4015,3107,3104],"class_list":{"0":"post-17465","1":"product","2":"type-product","3":"status-publish","4":"has-post-thumbnail","6":"product_cat-protege-del-dano","7":"product_tag-colonia-san-cipriano","8":"product_tag-cristal-de-amatista","9":"product_tag-cristal-de-onix-negro","10":"product_tag-cristal-de-turmalina-negra","11":"product_tag-hechizo-de-proteccion-contra-el-mal","12":"product_tag-oracion-de-san-cipriano","13":"product_tag-oracion-san-cipriano","14":"product_tag-perfume-san-cipriano","15":"product_tag-productos-metafisicos","16":"product_tag-proteccion-contra-el-diablo","17":"product_tag-ritual-de-proteccion-contra-el-diablo","18":"product_tag-rituales-de-proteccion","19":"product_tag-san-ciprano","20":"product_tag-san-cipriano-para-proteccion","21":"product_tag-santos-mexicanos","22":"product_tag-set-de-perfume-y-cristal-san-cipriano","23":"product_tag-velas-curativas","24":"product_tag-velas-espirituales","25":"product_shipping_class-tarifa-plana-3","27":"first","28":"instock","29":"taxable","30":"shipping-taxable","31":"purchasable","32":"product-type-simple","33":"entry","34":"content-bg","35":"loop-entry"},"taxonomy_info":{"product_cat":[{"value":3100,"label":"Protege del da\u00f1o"}],"product_tag":[{"value":4014,"label":"Colonia San Cipriano"},{"value":4009,"label":"Cristal de amatista"},{"value":4010,"label":"cristal de \u00f3nix negro"},{"value":4012,"label":"cristal de turmalina negra"},{"value":3115,"label":"hechizo de protecci\u00f3n contra el mal"},{"value":3112,"label":"Oraci\u00f3n de San Cipriano"},{"value":3113,"label":"oracion San Cipriano"},{"value":3998,"label":"Perfume San Cipriano"},{"value":3341,"label":"productos metaf\u00edsicos"},{"value":3101,"label":"protecci\u00f3n contra el diablo"},{"value":3117,"label":"ritual de protecci\u00f3n contra el diablo"},{"value":3110,"label":"rituales de protecci\u00f3n"},{"value":3355,"label":"San Ciprano"},{"value":3119,"label":"San Cipriano para protecci\u00f3n"},{"value":3356,"label":"Santos mexicanos"},{"value":4015,"label":"Set de Perfume y Cristal San Cipriano"},{"value":3107,"label":"velas curativas"},{"value":3104,"label":"Velas espirituales"}]},"featured_image_src_large":["https:\/\/texmexcurios.com\/tmcdev26\/wp-content\/uploads\/2024\/07\/san-cipriano-perfume-and-crystal-set-1000-1.jpg",1000,1000,false],"author_info":[],"comment_info":0,"_links":{"self":[{"href":"https:\/\/texmexcurios.com\/tmcdev26\/es\/wp-json\/wp\/v2\/product\/17465","targetHints":{"allow":["GET"]}}],"collection":[{"href":"https:\/\/texmexcurios.com\/tmcdev26\/es\/wp-json\/wp\/v2\/product"}],"about":[{"href":"https:\/\/texmexcurios.com\/tmcdev26\/es\/wp-json\/wp\/v2\/types\/product"}],"replies":[{"embeddable":true,"href":"https:\/\/texmexcurios.com\/tmcdev26\/es\/wp-json\/wp\/v2\/comments?post=17465"}],"wp:featuredmedia":[{"embeddable":true,"href":"https:\/\/texmexcurios.com\/tmcdev26\/es\/wp-json\/wp\/v2\/media\/16877"}],"wp:attachment":[{"href":"https:\/\/texmexcurios.com\/tmcdev26\/es\/wp-json\/wp\/v2\/media?parent=17465"}],"wp:term":[{"taxonomy":"product_brand","embeddable":true,"href":"https:\/\/texmexcurios.com\/tmcdev26\/es\/wp-json\/wp\/v2\/product_brand?post=17465"},{"taxonomy":"product_cat","embeddable":true,"href":"https:\/\/texmexcurios.com\/tmcdev26\/es\/wp-json\/wp\/v2\/product_cat?post=17465"},{"taxonomy":"product_tag","embeddable":true,"href":"https:\/\/texmexcurios.com\/tmcdev26\/es\/wp-json\/wp\/v2\/product_tag?post=17465"}],"curies":[{"name":"wp","href":"https:\/\/api.w.org\/{rel}","templated":true}]}}