{"id":17460,"date":"2024-07-11T04:21:29","date_gmt":"2024-07-11T09:21:29","guid":{"rendered":"https:\/\/texmexcurios.com\/tmcdev26\/set-de-4-varillas-de-incienso\/"},"modified":"2024-07-11T04:21:29","modified_gmt":"2024-07-11T09:21:29","slug":"set-de-4-varillas-de-incienso","status":"publish","type":"product","link":"https:\/\/texmexcurios.com\/tmcdev26\/es\/producto\/set-de-4-varillas-de-incienso\/","title":{"rendered":"Set de 4 Varillas de Incienso"},"content":{"rendered":"<p>Set de 4 Varillas de Incienso. Utilizados tradicionalmente para la limpieza, las bendiciones y la purificaci\u00f3n. Un completo set de incienso para un mes de limpieza de la energ\u00eda negativa.<br \/>\nQuema varitas de incienso a diario, elimina la energ\u00eda negativa, limpia tu espacio y atrae amor, paz y bendiciones.  <\/p>\n<ul>\n<li>La compra incluye 4 paquetes de incienso de Copal, Palo Santo, S\u00e1ndalo y Mirra<\/li>\n<li>Ver instrucciones m\u00e1s abajo<\/li>\n<\/ul>\n<ol>\n<li>Empieza con las varillas de incienso Palo Santo y quema de 1 a 3 varillas de incienso al d\u00eda. El incienso Palo Santo eliminar\u00e1 la energ\u00eda negativa, purificar\u00e1 y limpiar\u00e1 espiritualmente tu hogar. Antes de empezar la siguiente sesi\u00f3n de quema de incienso, quema todas las varillas de incienso Palo Santo  <\/li>\n<li>A continuaci\u00f3n, quema de 1 a 3 varitas de incienso de copal al d\u00eda. El incienso de copal calmar\u00e1 la energ\u00eda de tu casa o negocio y favorecer\u00e1 la relajaci\u00f3n. El incienso de copal tambi\u00e9n ayuda a calmar la mente de las preocupaciones y se sabe que mejora la intuici\u00f3n. Antes de pasar a la siguiente sesi\u00f3n de quema de incienso, quema todas las varillas de incienso de copal   <\/li>\n<li>A continuaci\u00f3n, quema de 1 a 3 varillas de incienso de Mirra al d\u00eda. El incienso de mirra equilibrar\u00e1 la energ\u00eda de tu casa o negocio y te ayudar\u00e1 con la meditaci\u00f3n y la oraci\u00f3n. Antes de pasar a la \u00faltima sesi\u00f3n de quema, quema todas las varillas de incienso de mirra  <\/li>\n<li>Completa tu sesi\u00f3n de quema de incienso y quema de 1 a 3 varillas de incienso de S\u00e1ndalo. El incienso de S\u00e1ndalo es un incienso calmante que otorga paz y fomenta el pensamiento positivo. Completa tu sesi\u00f3n de limpieza y quema todas las varillas de incienso  <\/li>\n<li>Quemar incienso es una pr\u00e1ctica poderosa para la purificaci\u00f3n y para conectar con un poder superior. Rel\u00e1jate y quema incienso a diario. <\/li>\n<\/ol>\n","protected":false},"excerpt":{"rendered":"<p>Ritual de Limpieza y Bendici\u00f3n<\/p>\n","protected":false},"featured_media":15550,"comment_status":"open","ping_status":"closed","template":"","meta":{"_kad_blocks_custom_css":"","_kad_blocks_head_custom_js":"","_kad_blocks_body_custom_js":"","_kad_blocks_footer_custom_js":"","_kad_post_transparent":"","_kad_post_title":"","_kad_post_layout":"","_kad_post_sidebar_id":"","_kad_post_content_style":"","_kad_post_vertical_padding":"","_kad_post_feature":"","_kad_post_feature_position":"","_kad_post_header":false,"_kad_post_footer":false,"_kad_post_classname":""},"product_brand":[],"product_cat":[3181],"product_tag":[3543,4006,3993,4001,3994,4007,3728,4005,3999,3996,3193,3995,4003,3997,4008],"class_list":{"0":"post-17460","1":"product","2":"type-product","3":"status-publish","4":"has-post-thumbnail","6":"product_cat-elimina-la-mala-suerte","7":"product_tag-canela","8":"product_tag-canela-2","9":"product_tag-incienso","10":"product_tag-incienso-copal","11":"product_tag-incienso-palo-santo","12":"product_tag-incienso-sandalo","13":"product_tag-limpias","14":"product_tag-limpieza-con-copal","15":"product_tag-limpieza-con-mirra","16":"product_tag-mirra","17":"product_tag-rituales-de-limpieza","18":"product_tag-sandalo","19":"product_tag-varitas-de-incienso-copal","20":"product_tag-varitas-de-incienso-mirra","21":"product_tag-varitas-de-incienso-palo-santo","22":"product_shipping_class-tarifa-plana-3","24":"first","25":"outofstock","26":"taxable","27":"shipping-taxable","28":"purchasable","29":"product-type-simple","30":"entry","31":"content-bg","32":"loop-entry"},"taxonomy_info":{"product_cat":[{"value":3181,"label":"Elimina la mala suerte"}],"product_tag":[{"value":3543,"label":"Canela"},{"value":4006,"label":"canela"},{"value":3993,"label":"incienso"},{"value":4001,"label":"incienso copal"},{"value":3994,"label":"Incienso Palo Santo"},{"value":4007,"label":"incienso sandalo"},{"value":3728,"label":"limpias"},{"value":4005,"label":"limpieza con copal"},{"value":3999,"label":"limpieza con mirra"},{"value":3996,"label":"Mirra"},{"value":3193,"label":"rituales de limpieza"},{"value":3995,"label":"S\u00e1ndalo"},{"value":4003,"label":"varitas de incienso copal"},{"value":3997,"label":"varitas de incienso mirra"},{"value":4008,"label":"varitas de incienso palo santo"}]},"featured_image_src_large":["https:\/\/texmexcurios.com\/tmcdev26\/wp-content\/uploads\/2024\/07\/Incense-sticks-four-pack-set-1000-1.jpg",1000,1000,false],"author_info":[],"comment_info":0,"_links":{"self":[{"href":"https:\/\/texmexcurios.com\/tmcdev26\/es\/wp-json\/wp\/v2\/product\/17460","targetHints":{"allow":["GET"]}}],"collection":[{"href":"https:\/\/texmexcurios.com\/tmcdev26\/es\/wp-json\/wp\/v2\/product"}],"about":[{"href":"https:\/\/texmexcurios.com\/tmcdev26\/es\/wp-json\/wp\/v2\/types\/product"}],"replies":[{"embeddable":true,"href":"https:\/\/texmexcurios.com\/tmcdev26\/es\/wp-json\/wp\/v2\/comments?post=17460"}],"wp:featuredmedia":[{"embeddable":true,"href":"https:\/\/texmexcurios.com\/tmcdev26\/es\/wp-json\/wp\/v2\/media\/15550"}],"wp:attachment":[{"href":"https:\/\/texmexcurios.com\/tmcdev26\/es\/wp-json\/wp\/v2\/media?parent=17460"}],"wp:term":[{"taxonomy":"product_brand","embeddable":true,"href":"https:\/\/texmexcurios.com\/tmcdev26\/es\/wp-json\/wp\/v2\/product_brand?post=17460"},{"taxonomy":"product_cat","embeddable":true,"href":"https:\/\/texmexcurios.com\/tmcdev26\/es\/wp-json\/wp\/v2\/product_cat?post=17460"},{"taxonomy":"product_tag","embeddable":true,"href":"https:\/\/texmexcurios.com\/tmcdev26\/es\/wp-json\/wp\/v2\/product_tag?post=17460"}],"curies":[{"name":"wp","href":"https:\/\/api.w.org\/{rel}","templated":true}]}}