{"id":17429,"date":"2024-07-12T10:26:13","date_gmt":"2024-07-12T15:26:13","guid":{"rendered":"https:\/\/texmexcurios.com\/tmcdev26\/set-de-pulsera-y-estampa-de-san-ramon\/"},"modified":"2024-07-12T10:26:13","modified_gmt":"2024-07-12T15:26:13","slug":"set-de-pulsera-y-estampa-de-san-ramon","status":"publish","type":"product","link":"https:\/\/texmexcurios.com\/tmcdev26\/es\/producto\/set-de-pulsera-y-estampa-de-san-ramon\/","title":{"rendered":"Set de pulsera y estampa de San Ram\u00f3n"},"content":{"rendered":"<p>Conjunto de pulsera y tarjeta de oraci\u00f3n de San Ram\u00f3n. Lleva una pulsera de piedras preciosas de San Ram\u00f3n Donato y reza tu tarjeta a diario para que dejen de circular chismes, rumores y malas habladur\u00edas en tu comunidad o en las redes sociales. Te protege de vecinos y compa\u00f1eros de trabajo negativos. Tambi\u00e9n puedes colocar la pulsera en tu bolsa de amuletos y llevarla siempre contigo.   <\/p>\n<ul>\n<li>La compra incluye una pulsera de piedras preciosas de San Ram\u00f3n, una estampa y una bolsa con dijes<\/li>\n<\/ul>\n","protected":false},"excerpt":{"rendered":"<p>Detiene los cotilleos<\/p>\n","protected":false},"featured_media":14302,"comment_status":"open","ping_status":"closed","template":"","meta":{"_kad_blocks_custom_css":"","_kad_blocks_head_custom_js":"","_kad_blocks_body_custom_js":"","_kad_blocks_footer_custom_js":"","_kad_post_transparent":"","_kad_post_title":"","_kad_post_layout":"","_kad_post_sidebar_id":"","_kad_post_content_style":"","_kad_post_vertical_padding":"","_kad_post_feature":"","_kad_post_feature_position":"","_kad_post_header":false,"_kad_post_footer":false,"_kad_post_classname":""},"product_brand":[],"product_cat":[3100],"product_tag":[3904,3905,3906,3907,3908,3911,3912,3902,3903,3110,3356,3107,3104],"class_list":{"0":"post-17429","1":"product","2":"type-product","3":"status-publish","4":"has-post-thumbnail","6":"product_cat-protege-del-dano","7":"product_tag-joyeria-san-ramon","8":"product_tag-oracion-de-san-ramon","9":"product_tag-oracion-de-san-ramon-en-espanol","10":"product_tag-oracion-de-san-ramon-en-ingles","11":"product_tag-oracion-de-san-ramon-nonato","12":"product_tag-oracion-san-ramon","13":"product_tag-oracion-san-ramon-nonato","14":"product_tag-oraciones-mexicanas","15":"product_tag-pulsera-san-ramon","16":"product_tag-rituales-de-proteccion","17":"product_tag-santos-mexicanos","18":"product_tag-velas-curativas","19":"product_tag-velas-espirituales","20":"product_shipping_class-tarifa-plana-3","22":"first","23":"instock","24":"taxable","25":"shipping-taxable","26":"purchasable","27":"product-type-simple","28":"entry","29":"content-bg","30":"loop-entry"},"taxonomy_info":{"product_cat":[{"value":3100,"label":"Protege del da\u00f1o"}],"product_tag":[{"value":3904,"label":"Joyer\u00eda San Ram\u00f3n"},{"value":3905,"label":"Oraci\u00f3n de San Ram\u00f3n"},{"value":3906,"label":"Oraci\u00f3n de San Ram\u00f3n en espa\u00f1ol"},{"value":3907,"label":"Oraci\u00f3n de San Ram\u00f3n en ingl\u00e9s"},{"value":3908,"label":"Oraci\u00f3n de San Ram\u00f3n Nonato"},{"value":3911,"label":"oracion San Ramon"},{"value":3912,"label":"oracion San Ramon Nonato"},{"value":3902,"label":"Oraciones mexicanas"},{"value":3903,"label":"Pulsera San Ram\u00f3n"},{"value":3110,"label":"rituales de protecci\u00f3n"},{"value":3356,"label":"Santos mexicanos"},{"value":3107,"label":"velas curativas"},{"value":3104,"label":"Velas espirituales"}]},"featured_image_src_large":["https:\/\/texmexcurios.com\/tmcdev26\/wp-content\/uploads\/2024\/07\/San-Ramon-bracelet-and-prayer-card-set-1000.jpg",1000,1000,false],"author_info":[],"comment_info":0,"_links":{"self":[{"href":"https:\/\/texmexcurios.com\/tmcdev26\/es\/wp-json\/wp\/v2\/product\/17429","targetHints":{"allow":["GET"]}}],"collection":[{"href":"https:\/\/texmexcurios.com\/tmcdev26\/es\/wp-json\/wp\/v2\/product"}],"about":[{"href":"https:\/\/texmexcurios.com\/tmcdev26\/es\/wp-json\/wp\/v2\/types\/product"}],"replies":[{"embeddable":true,"href":"https:\/\/texmexcurios.com\/tmcdev26\/es\/wp-json\/wp\/v2\/comments?post=17429"}],"wp:featuredmedia":[{"embeddable":true,"href":"https:\/\/texmexcurios.com\/tmcdev26\/es\/wp-json\/wp\/v2\/media\/14302"}],"wp:attachment":[{"href":"https:\/\/texmexcurios.com\/tmcdev26\/es\/wp-json\/wp\/v2\/media?parent=17429"}],"wp:term":[{"taxonomy":"product_brand","embeddable":true,"href":"https:\/\/texmexcurios.com\/tmcdev26\/es\/wp-json\/wp\/v2\/product_brand?post=17429"},{"taxonomy":"product_cat","embeddable":true,"href":"https:\/\/texmexcurios.com\/tmcdev26\/es\/wp-json\/wp\/v2\/product_cat?post=17429"},{"taxonomy":"product_tag","embeddable":true,"href":"https:\/\/texmexcurios.com\/tmcdev26\/es\/wp-json\/wp\/v2\/product_tag?post=17429"}],"curies":[{"name":"wp","href":"https:\/\/api.w.org\/{rel}","templated":true}]}}