{"id":17427,"date":"2024-07-15T03:31:16","date_gmt":"2024-07-15T08:31:16","guid":{"rendered":"https:\/\/texmexcurios.com\/tmcdev26\/set-de-vela-y-spray-abre-camino\/"},"modified":"2024-07-15T03:31:16","modified_gmt":"2024-07-15T08:31:16","slug":"set-de-vela-y-spray-abre-camino","status":"publish","type":"product","link":"https:\/\/texmexcurios.com\/tmcdev26\/es\/producto\/set-de-vela-y-spray-abre-camino\/","title":{"rendered":"Set de Vela y Spray Abre Camino"},"content":{"rendered":"<p>Set de Vela y Spray Abre Camino. Enciende una vela Abre Camino y roc\u00edala con perfume en spray a diario para abrir nuevas oportunidades en tu vida. Ritual con velas para los nuevos comienzos, el \u00e9xito y la prosperidad. Te ayuda a alcanzar tus objetivos en la vida. La vela espiritual est\u00e1 fijada con hierbas m\u00e1gicas, aceites espirituales y cristales curativos.    <\/p>\n<ul>\n<li>Vela de oraci\u00f3n inspirada en \u00e1ngeles y santos<\/li>\n<li>Spray de perfume Abre Camino 2 oz. <\/li>\n<li>Pulveriza y reza<\/li>\n<\/ul>\n<p>PASO 1<br \/>\nNebuliza diariamente la entrada principal de tu casa o negocio. Roc\u00eda tu cuerpo a diario.<br \/>\nPASO 2<br \/>\nEscribe tu petici\u00f3n, tu deseo y lo que quieres recibir en el papel de pergamino situado sobre la vela. Puedes utilizar ambas caras del papel.  <\/p>\n<p style=\"padding-left: 40px;\">Por ejemplo:<br \/>\n(Abre mis puertas para ______________ el dinero y el \u00e9xito (nombre o nombres)<br \/>\nEscribe tu nombre completo y tu fecha de nacimiento en el papel<br \/>\n(Abre mis puertas para un viaje positivo)<br \/>\nEscribe tu nombre completo y tu fecha de nacimiento en el papel<\/p>\n<p style=\"padding-left: 40px;\">Nota: Puedes incluir en el papel de pergamino detalles como nombre o nombres, fecha o fechas de nacimiento, direcciones, n\u00fameros importantes, lo que creas que est\u00e1 relacionado con tu intenci\u00f3n.<\/p>\n<p>PASO 3<br \/>\nDobla el papel de pergamino 2 veces y col\u00f3calo debajo de la vela.<\/p>\n<p>PASO 4<br \/>\nEnciende la vela Abre Camino, medita y visualiza lo que quieres que ocurra. Recita la oraci\u00f3n a diario. (Nota: Para obtener resultados m\u00e1s contundentes, enciende una serie de 3 velas Abre Camino)  <\/p>\n","protected":false},"excerpt":{"rendered":"<p>Abre nuevas oportunidades<\/p>\n","protected":false},"featured_media":14301,"comment_status":"open","ping_status":"closed","template":"","meta":{"_kad_blocks_custom_css":"","_kad_blocks_head_custom_js":"","_kad_blocks_body_custom_js":"","_kad_blocks_footer_custom_js":"","_kad_post_transparent":"","_kad_post_title":"","_kad_post_layout":"","_kad_post_sidebar_id":"","_kad_post_content_style":"","_kad_post_vertical_padding":"","_kad_post_feature":"","_kad_post_feature_position":"","_kad_post_header":false,"_kad_post_footer":false,"_kad_post_classname":""},"product_brand":[],"product_cat":[3121],"product_tag":[3936,3932,3348,3933,3935,3341,3134,3260,3257,3109,3934,3106,3197,3140,3132],"class_list":{"0":"post-17427","1":"product","2":"type-product","3":"status-publish","4":"has-post-thumbnail","6":"product_cat-multiplica-tu-dinero","7":"product_tag-abre-camino-perfume-spray-abre-caminos","8":"product_tag-apertura-del-camino-oracion-mexicana","9":"product_tag-hechizo-abrecaminos","10":"product_tag-oracion-con-velas-abre-camino","11":"product_tag-oracion-con-velas-abre-camino-en-ingles","12":"product_tag-productos-metafisicos","13":"product_tag-rituales-del-dinero","14":"product_tag-vela-abre-camino","15":"product_tag-vela-abrecaminos","16":"product_tag-vela-fija","17":"product_tag-vela-preparada-abrecaminos","18":"product_tag-velas-compuestas","19":"product_tag-velas-metafisicas","20":"product_tag-velas-para-dibujar-dinero","21":"product_tag-velas-rituales","22":"product_shipping_class-tarifa-plana-4","24":"first","25":"instock","26":"taxable","27":"shipping-taxable","28":"purchasable","29":"product-type-simple","30":"entry","31":"content-bg","32":"loop-entry"},"taxonomy_info":{"product_cat":[{"value":3121,"label":"Multiplica tu dinero"}],"product_tag":[{"value":3936,"label":"abre camino perfume spray abre caminos"},{"value":3932,"label":"apertura del camino oraci\u00f3n mexicana"},{"value":3348,"label":"hechizo abrecaminos"},{"value":3933,"label":"Oraci\u00f3n con velas Abre camino"},{"value":3935,"label":"Oraci\u00f3n con velas Abre camino en ingl\u00e9s"},{"value":3341,"label":"productos metaf\u00edsicos"},{"value":3134,"label":"rituales del dinero"},{"value":3260,"label":"Vela Abre Camino"},{"value":3257,"label":"Vela Abrecaminos"},{"value":3109,"label":"vela fija"},{"value":3934,"label":"vela preparada abrecaminos"},{"value":3106,"label":"velas compuestas"},{"value":3197,"label":"velas metaf\u00edsicas"},{"value":3140,"label":"velas para dibujar dinero"},{"value":3132,"label":"velas rituales"}]},"featured_image_src_large":["https:\/\/texmexcurios.com\/tmcdev26\/wp-content\/uploads\/2024\/07\/abre-camino-spray-and-candle-set-1000.jpg",1000,1000,false],"author_info":[],"comment_info":0,"_links":{"self":[{"href":"https:\/\/texmexcurios.com\/tmcdev26\/es\/wp-json\/wp\/v2\/product\/17427","targetHints":{"allow":["GET"]}}],"collection":[{"href":"https:\/\/texmexcurios.com\/tmcdev26\/es\/wp-json\/wp\/v2\/product"}],"about":[{"href":"https:\/\/texmexcurios.com\/tmcdev26\/es\/wp-json\/wp\/v2\/types\/product"}],"replies":[{"embeddable":true,"href":"https:\/\/texmexcurios.com\/tmcdev26\/es\/wp-json\/wp\/v2\/comments?post=17427"}],"wp:featuredmedia":[{"embeddable":true,"href":"https:\/\/texmexcurios.com\/tmcdev26\/es\/wp-json\/wp\/v2\/media\/14301"}],"wp:attachment":[{"href":"https:\/\/texmexcurios.com\/tmcdev26\/es\/wp-json\/wp\/v2\/media?parent=17427"}],"wp:term":[{"taxonomy":"product_brand","embeddable":true,"href":"https:\/\/texmexcurios.com\/tmcdev26\/es\/wp-json\/wp\/v2\/product_brand?post=17427"},{"taxonomy":"product_cat","embeddable":true,"href":"https:\/\/texmexcurios.com\/tmcdev26\/es\/wp-json\/wp\/v2\/product_cat?post=17427"},{"taxonomy":"product_tag","embeddable":true,"href":"https:\/\/texmexcurios.com\/tmcdev26\/es\/wp-json\/wp\/v2\/product_tag?post=17427"}],"curies":[{"name":"wp","href":"https:\/\/api.w.org\/{rel}","templated":true}]}}