{"id":17340,"date":"2024-08-02T06:02:16","date_gmt":"2024-08-02T11:02:16","guid":{"rendered":"https:\/\/texmexcurios.com\/tmcdev26\/altar-de-velas-de-la-salud-personal\/"},"modified":"2026-02-05T07:07:28","modified_gmt":"2026-02-05T13:07:28","slug":"altar-de-velas-de-la-salud-personal","status":"publish","type":"product","link":"https:\/\/texmexcurios.com\/tmcdev26\/es\/producto\/altar-de-velas-de-la-salud-personal\/","title":{"rendered":"Altar de Velas de la Salud Personal"},"content":{"rendered":"<h3>Altar de Velas de la Salud Personal<\/h3>\n<p><strong>Quemamos las siguientes velas para ti. Estas velas no se te entregan. <\/strong><\/p>\n<p>Virgen de Guadalupe, San Judas, 7 Arc\u00e1ngeles, Cruz de Caravaca.<\/p>\n<p>Servicio de quema de velas por tu salud y la de tu familia. Si t\u00fa, un familiar o un amigo est\u00e1is pasando por un momento dif\u00edcil debido a una enfermedad, realizaremos este servicio de quema de velas y rezaremos por una mejor salud y una pronta recuperaci\u00f3n. Personalizamos tu servicio de altar privado para adaptarlo a tus necesidades y quemamos las velas por ti, una vela por semana. Env\u00edanos un mensaje describiendo tu situaci\u00f3n para que podamos preparar un altar de velas para ti y rezar por tu petici\u00f3n; Colocamos tus intenciones debajo de tu vela y comenzamos nuestra sesi\u00f3n de oraci\u00f3n en tu nombre Nos centraremos en mejorar tu salud y la de tu familia encendiendo 4 velas de salud diferentes.   <\/p>\n<h4 style=\"padding: 1em; margin-bottom: 1em; border-radius: 5px; border: 1px solid #444; overflow: auto;\"><a href=\"https:\/\/texmexcurios.com\/tmcdev26\/wp-content\/uploads\/2024\/08\/health-week-1.jpg\"><img loading=\"lazy\" decoding=\"async\" class=\"alignleft size-thumbnail wp-image-17012\" src=\"https:\/\/texmexcurios.com\/tmcdev26\/wp-content\/uploads\/2024\/08\/health-week-1-150x150.jpg\" alt=\"Altar de velas de la buena salud personal semana 1\" width=\"150\" height=\"150\" title=\"\"><\/a>SEMANA 1: Comenzamos el servicio de quema de velas quemando la Vela de la Virgen de Guadalupe para alejar las enfermedades y dolencias de tu vida. La Virgen de Guadalupe intervendr\u00e1 y te conceder\u00e1 buena salud a ti, a tu familia y\/o amigo. <\/h4>\n<h4 style=\"padding: 1em; margin-bottom: 1em; border-radius: 5px; border: 1px solid #444; overflow: auto;\"><a href=\"https:\/\/texmexcurios.com\/tmcdev26\/wp-content\/uploads\/2024\/08\/health-week-2.jpg\"><img loading=\"lazy\" decoding=\"async\" class=\"alignleft size-thumbnail wp-image-17013\" src=\"https:\/\/texmexcurios.com\/tmcdev26\/wp-content\/uploads\/2024\/08\/health-week-2-150x150.jpg\" alt=\"Altar de velas de la buena salud personal semana 2\" width=\"150\" height=\"150\" title=\"\"><\/a>SEMANA 2: La segunda vela que encendemos en tu nombre es la Vela de San Judas. San Judas es el patr\u00f3n de los casos imposibles y concede milagros. Nos concentraremos y rezaremos para que t\u00fa o un miembro de tu familia os recuper\u00e9is y recobr\u00e9is la salud.  <\/h4>\n<h4 style=\"padding: 1em; margin-bottom: 1em; border-radius: 5px; border: 1px solid #444; overflow: auto;\"><a href=\"https:\/\/texmexcurios.com\/tmcdev26\/wp-content\/uploads\/2024\/08\/health-week-3.jpg\"><img loading=\"lazy\" decoding=\"async\" class=\"alignleft size-thumbnail wp-image-17014\" src=\"https:\/\/texmexcurios.com\/tmcdev26\/wp-content\/uploads\/2024\/08\/health-week-3-150x150.jpg\" alt=\"Altar de velas de la buena salud personal semana 3\" width=\"150\" height=\"150\" title=\"\"><\/a>SEMANA 3: La tercera vela que encendemos para ti es la Cruz de Caravaca. Esta vela tambi\u00e9n concede milagros y bendiciones para la salud. Rezaremos e invocaremos a la Cruz de Caravaca para que aparezca ante ti y limpie tu cuerpo para que tengas mejor salud.  <\/h4>\n<h4 style=\"padding: 1em; margin-bottom: 1em; border-radius: 5px; border: 1px solid #444; overflow: auto;\"><a href=\"https:\/\/texmexcurios.com\/tmcdev26\/wp-content\/uploads\/2024\/08\/health-week-4.jpg\"><img loading=\"lazy\" decoding=\"async\" class=\"alignleft size-thumbnail wp-image-17015\" src=\"https:\/\/texmexcurios.com\/tmcdev26\/wp-content\/uploads\/2024\/08\/health-week-4-150x150.jpg\" alt=\"Altar de velas de la buena salud personal semana 4\" width=\"150\" height=\"150\" title=\"\"><\/a>SEMANA 4: Concluimos tu sesi\u00f3n privada del altar de velas encendiendo la vela de los 7 Arc\u00e1ngeles. Los 7 Arc\u00e1ngeles unir\u00e1n sus fuerzas e intervendr\u00e1n para conceder buena salud y bendiciones. <\/h4>\n<p>Cada semana, te enviaremos la oraci\u00f3n por mensaje de texto o correo electr\u00f3nico por si quieres participar en la sesi\u00f3n de oraci\u00f3n. Podemos trabajar juntos para luchar y abordar de frente tu problema o problemas. Todas nuestras velas son fijas y est\u00e1n aderezadas con semillas de mostaza, aceites espirituales, hierbas y cristales. Estos antiguos rituales y poderosas tradiciones se han transmitido de generaci\u00f3n en generaci\u00f3n y, en mi caso, de mi abuela a mi madre, a m\u00ed.   <\/p>\n<h5>Da un giro a tu vida con este poderoso ritual privado de altar con velas y recibe la bendici\u00f3n y la inspiraci\u00f3n de \u00c1ngeles y Santos<\/h5>\n","protected":false},"excerpt":{"rendered":"<p>RITUAL DE LAS VELAS PARA LA BUENA SALUD<br \/>\n&#8220;TRABAJO DE LAS VELAS EN TU FAVOR&#8221;<\/p>\n","protected":false},"featured_media":15015,"comment_status":"open","ping_status":"closed","template":"","meta":{"_kad_blocks_custom_css":"","_kad_blocks_head_custom_js":"","_kad_blocks_body_custom_js":"","_kad_blocks_footer_custom_js":"","_kad_post_transparent":"","_kad_post_title":"","_kad_post_layout":"","_kad_post_sidebar_id":"","_kad_post_content_style":"","_kad_post_vertical_padding":"","_kad_post_feature":"","_kad_post_feature_position":"","_kad_post_header":false,"_kad_post_footer":false,"_kad_post_classname":""},"product_brand":[],"product_cat":[3253],"product_tag":[3771,3769,3772,3775,3770,3765,3767,3774,3766,3768,3267,3266,3255,3261,3265,3264,3268,3776,3773,3764,3778,3779,3855,3777],"class_list":{"0":"post-17340","1":"product","2":"type-product","3":"status-publish","4":"has-post-thumbnail","6":"product_cat-servicio-de-quema-de-velas","7":"product_tag-altar-de-velas-de-la-salud-personal","8":"product_tag-ansiedad-por-la-salud","9":"product_tag-bendiciones-de-buena-salud","10":"product_tag-bendiciones-de-buena-salud-para-ti","11":"product_tag-bienestar-y-vigor","12":"product_tag-curarse-de-una-operacion","13":"product_tag-para-luchar-contra-una-enfermedad","14":"product_tag-para-una-buena-salud","15":"product_tag-para-una-recuperacion-rapida","16":"product_tag-por-enfermedad","17":"product_tag-servicio-de-altar-catolico-con-velas","18":"product_tag-servicio-de-altar-con-velas","19":"product_tag-servicio-de-quema-de-velas","20":"product_tag-servicio-interno-de-quema-de-velas","21":"product_tag-servicio-ritual","22":"product_tag-servicio-ritual-de-quema-de-velas","23":"product_tag-tienda-de-velas-espirituales","24":"product_tag-tu-familia-o-amigos","25":"product_tag-un-milagro-para-la-salud","26":"product_tag-vela-de-san-judas","27":"product_tag-vela-mano-poderosa","28":"product_tag-vela-san-judas","29":"product_tag-vela-vigen-de-guadalupe-2","30":"product_tag-vela-vigen-de-guadalupe","32":"first","33":"instock","34":"virtual","35":"purchasable","36":"product-type-simple","37":"entry","38":"content-bg","39":"loop-entry"},"taxonomy_info":{"product_cat":[{"value":3253,"label":"Servicio de Quema de Velas"}],"product_tag":[{"value":3771,"label":"Altar de Velas de la Salud Personal"},{"value":3769,"label":"ansiedad por la salud"},{"value":3772,"label":"Bendiciones de buena salud"},{"value":3775,"label":"Bendiciones de buena salud para ti"},{"value":3770,"label":"bienestar y vigor"},{"value":3765,"label":"curarse de una operaci\u00f3n"},{"value":3767,"label":"para luchar contra una enfermedad"},{"value":3774,"label":"para una buena salud"},{"value":3766,"label":"para una recuperaci\u00f3n r\u00e1pida"},{"value":3768,"label":"por enfermedad"},{"value":3267,"label":"Servicio de altar cat\u00f3lico con velas"},{"value":3266,"label":"Servicio de altar con velas"},{"value":3255,"label":"Servicio de quema de velas"},{"value":3261,"label":"Servicio interno de quema de velas"},{"value":3265,"label":"Servicio ritual"},{"value":3264,"label":"Servicio ritual de quema de velas"},{"value":3268,"label":"Tienda de velas espirituales"},{"value":3776,"label":"tu familia o amigos"},{"value":3773,"label":"un milagro para la salud"},{"value":3764,"label":"Vela de San Judas"},{"value":3778,"label":"Vela Mano Poderosa"},{"value":3779,"label":"vela San Judas"},{"value":3855,"label":"Vela Vigen de Guadalupe"},{"value":3777,"label":"Vela Vigen de Guadalupe"}]},"featured_image_src_large":["https:\/\/texmexcurios.com\/tmcdev26\/wp-content\/uploads\/2024\/07\/4-Health-Candles-1000-1.jpg",1000,1000,false],"author_info":[],"comment_info":0,"_links":{"self":[{"href":"https:\/\/texmexcurios.com\/tmcdev26\/es\/wp-json\/wp\/v2\/product\/17340","targetHints":{"allow":["GET"]}}],"collection":[{"href":"https:\/\/texmexcurios.com\/tmcdev26\/es\/wp-json\/wp\/v2\/product"}],"about":[{"href":"https:\/\/texmexcurios.com\/tmcdev26\/es\/wp-json\/wp\/v2\/types\/product"}],"replies":[{"embeddable":true,"href":"https:\/\/texmexcurios.com\/tmcdev26\/es\/wp-json\/wp\/v2\/comments?post=17340"}],"wp:featuredmedia":[{"embeddable":true,"href":"https:\/\/texmexcurios.com\/tmcdev26\/es\/wp-json\/wp\/v2\/media\/15015"}],"wp:attachment":[{"href":"https:\/\/texmexcurios.com\/tmcdev26\/es\/wp-json\/wp\/v2\/media?parent=17340"}],"wp:term":[{"taxonomy":"product_brand","embeddable":true,"href":"https:\/\/texmexcurios.com\/tmcdev26\/es\/wp-json\/wp\/v2\/product_brand?post=17340"},{"taxonomy":"product_cat","embeddable":true,"href":"https:\/\/texmexcurios.com\/tmcdev26\/es\/wp-json\/wp\/v2\/product_cat?post=17340"},{"taxonomy":"product_tag","embeddable":true,"href":"https:\/\/texmexcurios.com\/tmcdev26\/es\/wp-json\/wp\/v2\/product_tag?post=17340"}],"curies":[{"name":"wp","href":"https:\/\/api.w.org\/{rel}","templated":true}]}}