{"id":17276,"date":"2025-04-18T08:41:58","date_gmt":"2025-04-18T13:41:58","guid":{"rendered":"https:\/\/texmexcurios.com\/tmcdev26\/betel-natural-gastribye\/"},"modified":"2025-04-18T08:41:58","modified_gmt":"2025-04-18T13:41:58","slug":"betel-natural-gastribye","status":"publish","type":"product","link":"https:\/\/texmexcurios.com\/tmcdev26\/es\/producto\/betel-natural-gastribye\/","title":{"rendered":"Betel Natural Gastribye"},"content":{"rendered":"<p><strong>Betel Natural Gastribye<\/strong><br \/>\nBeneficios naturales para la salud: Ayuda contra la gastritis; f\u00f3rmula a base de plantas para la inflamaci\u00f3n del est\u00f3mago, el reflujo \u00e1cido y la infecci\u00f3n bacteriana.<br \/>\nIngredientes: Manzanilla, menta piperita, aloe vera, romero, flor de \u00e1rnica, aloe vera, jengibre, boldo, cuachalalate, \u00e1rnica, vitaminas A, B, C y zinc<br \/>\nBeneficios naturales para la salud: Apoyo a la gastritis; F\u00f3rmula a base de hierbas para la inflamaci\u00f3n del est\u00f3mago, reflujo \u00e1cido e infecci\u00f3n bacteriana;<\/p>\n<p>24 bolsitas de t\u00e9 por caja<br \/>\n90 c\u00e1psulas<\/p>\n<p>Dosis recomendada para el t\u00e9: 1 bolsita de t\u00e9 al d\u00eda<br \/>\nDosis recomendada para las c\u00e1psulas: 3 c\u00e1psulas al d\u00eda con las comidas<br \/>\nDosis combinada recomendada: Seg\u00fan tu estilo de vida, toma las c\u00e1psulas como se recomienda o el t\u00e9 como se recomienda<\/p>\n","protected":false},"excerpt":{"rendered":"<p>Ayuda para la gastritis<\/p>\n","protected":false},"featured_media":16401,"comment_status":"open","ping_status":"closed","template":"","meta":{"_kad_blocks_custom_css":"","_kad_blocks_head_custom_js":"","_kad_blocks_body_custom_js":"","_kad_blocks_footer_custom_js":"","_kad_post_transparent":"","_kad_post_title":"","_kad_post_layout":"","_kad_post_sidebar_id":"","_kad_post_content_style":"","_kad_post_vertical_padding":"","_kad_post_feature":"","_kad_post_feature_position":"","_kad_post_header":false,"_kad_post_footer":false,"_kad_post_classname":""},"product_brand":[],"product_cat":[3380],"product_tag":[3502,3500,3490,3489,3467,3382,3492,3496,3503,3491,3498,3386,3499,3501,3396,3400,3486,3504,3488,3399,3487,3398,3395,3390,3495,3497,3397,3493,3494],"class_list":{"0":"post-17276","1":"product","2":"type-product","3":"status-publish","4":"has-post-thumbnail","6":"product_cat-remedios-a-base-de-plantas","7":"product_tag-aloe-vera","8":"product_tag-apoyo-intestinal-natural","9":"product_tag-betel-gastribye","10":"product_tag-betel-natural-gastribye","11":"product_tag-boldo","12":"product_tag-capsulas-de-hierbas","13":"product_tag-capsulas-de-hierbas-gastribye","14":"product_tag-cuachalalate","15":"product_tag-fitoterapia-para-personas-acidas","16":"product_tag-gastribye","17":"product_tag-hierbas-de-apoyo-gastrico","18":"product_tag-hierbas-medicinales","19":"product_tag-hierbas-medicinales-de-apoyo-gastrico","20":"product_tag-hinojo","21":"product_tag-infusiones","22":"product_tag-ingredientes-naturales-hierbas-naturales","23":"product_tag-jengibre","24":"product_tag-las-mejores-hierbas-y-especias-para-el-reflujo-acido-curacion-natural","25":"product_tag-manzanilla","26":"product_tag-medicina-popular","27":"product_tag-menta","28":"product_tag-mezclas-de-hierbas","29":"product_tag-remedios-herbales","30":"product_tag-romero","31":"product_tag-sabila","32":"product_tag-soporte-gastrico","33":"product_tag-suplementos-de-hierbas","34":"product_tag-suplementos-herbales-gastribye","35":"product_tag-tisana-gastribye","36":"product_shipping_class-tarifa-plana-3","38":"first","39":"instock","40":"shipping-taxable","41":"purchasable","42":"product-type-simple","43":"entry","44":"content-bg","45":"loop-entry"},"taxonomy_info":{"product_cat":[{"value":3380,"label":"Remedios a base de plantas"}],"product_tag":[{"value":3502,"label":"aloe vera"},{"value":3500,"label":"apoyo intestinal natural"},{"value":3490,"label":"betel gastribye"},{"value":3489,"label":"betel natural gastribye"},{"value":3467,"label":"boldo"},{"value":3382,"label":"C\u00e1psulas de hierbas"},{"value":3492,"label":"c\u00e1psulas de hierbas gastribye"},{"value":3496,"label":"cuachalalate"},{"value":3503,"label":"fitoterapia para personas \u00e1cidas"},{"value":3491,"label":"gastribye"},{"value":3498,"label":"hierbas de apoyo g\u00e1strico"},{"value":3386,"label":"Hierbas medicinales"},{"value":3499,"label":"hierbas medicinales de apoyo g\u00e1strico"},{"value":3501,"label":"hinojo"},{"value":3396,"label":"infusiones"},{"value":3400,"label":"ingredientes naturales hierbas naturales"},{"value":3486,"label":"Jengibre"},{"value":3504,"label":"las mejores hierbas y especias para el reflujo \u00e1cido curaci\u00f3n natural"},{"value":3488,"label":"Manzanilla"},{"value":3399,"label":"medicina popular"},{"value":3487,"label":"Menta"},{"value":3398,"label":"mezclas de hierbas"},{"value":3395,"label":"remedios herbales"},{"value":3390,"label":"Romero"},{"value":3495,"label":"sabila"},{"value":3497,"label":"soporte g\u00e1strico"},{"value":3397,"label":"suplementos de hierbas"},{"value":3493,"label":"suplementos herbales gastribye"},{"value":3494,"label":"tisana gastribye"}]},"featured_image_src_large":["https:\/\/texmexcurios.com\/tmcdev26\/wp-content\/uploads\/2025\/04\/Betel-Natural-Gastribye.jpg",1000,1000,false],"author_info":[],"comment_info":0,"_links":{"self":[{"href":"https:\/\/texmexcurios.com\/tmcdev26\/es\/wp-json\/wp\/v2\/product\/17276","targetHints":{"allow":["GET"]}}],"collection":[{"href":"https:\/\/texmexcurios.com\/tmcdev26\/es\/wp-json\/wp\/v2\/product"}],"about":[{"href":"https:\/\/texmexcurios.com\/tmcdev26\/es\/wp-json\/wp\/v2\/types\/product"}],"replies":[{"embeddable":true,"href":"https:\/\/texmexcurios.com\/tmcdev26\/es\/wp-json\/wp\/v2\/comments?post=17276"}],"wp:featuredmedia":[{"embeddable":true,"href":"https:\/\/texmexcurios.com\/tmcdev26\/es\/wp-json\/wp\/v2\/media\/16401"}],"wp:attachment":[{"href":"https:\/\/texmexcurios.com\/tmcdev26\/es\/wp-json\/wp\/v2\/media?parent=17276"}],"wp:term":[{"taxonomy":"product_brand","embeddable":true,"href":"https:\/\/texmexcurios.com\/tmcdev26\/es\/wp-json\/wp\/v2\/product_brand?post=17276"},{"taxonomy":"product_cat","embeddable":true,"href":"https:\/\/texmexcurios.com\/tmcdev26\/es\/wp-json\/wp\/v2\/product_cat?post=17276"},{"taxonomy":"product_tag","embeddable":true,"href":"https:\/\/texmexcurios.com\/tmcdev26\/es\/wp-json\/wp\/v2\/product_tag?post=17276"}],"curies":[{"name":"wp","href":"https:\/\/api.w.org\/{rel}","templated":true}]}}