{"id":17255,"date":"2025-06-11T05:06:26","date_gmt":"2025-06-11T10:06:26","guid":{"rendered":"https:\/\/texmexcurios.com\/tmcdev26\/set-de-colonia-en-spray-protection\/"},"modified":"2025-06-11T05:06:26","modified_gmt":"2025-06-11T10:06:26","slug":"set-de-colonia-en-spray-protection","status":"publish","type":"product","link":"https:\/\/texmexcurios.com\/tmcdev26\/es\/producto\/set-de-colonia-en-spray-protection\/","title":{"rendered":"Set de Colonia en Spray Protection"},"content":{"rendered":"<h3 class=\"western\">Set de Colonia en Spray Protection<\/h3>\n<p>3 colonia spray combinaci\u00f3n colonia oraci\u00f3n trabajo te proporciona a ti, a tu familia la m\u00e1xima protecci\u00f3n espiritual. San Miguel intervendr\u00e1 para derrotar a tus enemigos. La poderosa colonia del mal de ojo detendr\u00e1 los celos y la envidia de familiares, compa\u00f1eros de trabajo, amigos y vecinos. San Ciprano intervendr\u00e1 y te proteger\u00e1 a ti y a tu familia del demonio, la brujer\u00eda y los esp\u00edritus malignos.   <\/p>\n<ul>\n<li>2 oz. aerosoles <\/li>\n<li>Incluye los 3 sprays<\/li>\n<li>Tarjeta de oraci\u00f3n<\/li>\n<li>Ver instrucciones m\u00e1s abajo<\/li>\n<\/ul>\n<p>Paso 1<br \/>\nRoc\u00eda diariamente la puerta principal de tu casa y una foto tuya y de tu familia con el San Miguel; Reza diariamente la estampa adjunta y reza con todo tu coraz\u00f3n.<br \/>\nPaso 2<br \/>\nRoc\u00eda tu cuerpo a diario con el spray del mal de ojo, especialmente cuando salgas de casa o cuando tengas compa\u00f1\u00eda<br \/>\nPaso 3<br \/>\nRoc\u00eda a diario el spray de San Cipriano debajo de todas las camas y en todos los armarios de tu casa para protegerte a ti y a tu familia de la brujer\u00eda y el mal de ojo durante la noche.<br \/>\n(Nota: Para una protecci\u00f3n adicional quema una vela de San Miguel, San Ciprano y Mal de Ojo)  <\/p>\n","protected":false},"excerpt":{"rendered":"<p>3 colonia Spray protector combinado<\/p>\n","protected":false},"featured_media":16483,"comment_status":"open","ping_status":"closed","template":"","meta":{"_kad_blocks_custom_css":"","_kad_blocks_head_custom_js":"","_kad_blocks_body_custom_js":"","_kad_blocks_footer_custom_js":"","_kad_post_transparent":"","_kad_post_title":"","_kad_post_layout":"","_kad_post_sidebar_id":"","_kad_post_content_style":"","_kad_post_vertical_padding":"","_kad_post_feature":"","_kad_post_feature_position":"","_kad_post_header":false,"_kad_post_footer":false,"_kad_post_classname":""},"product_brand":[],"product_cat":[3100],"product_tag":[3365,3357,3369,3366,3115,3359,3354,3363,3368,3362,3341,3101,3360,3117,3110,3355,3367,3353,3361,3356,3358,3364],"class_list":{"0":"post-17255","1":"product","2":"type-product","3":"status-publish","4":"has-post-thumbnail","6":"product_cat-protege-del-dano","7":"product_tag-beneficios-del-perfume-saint-michael","8":"product_tag-colonia-evil-eye","9":"product_tag-colonia-san-ciprano","10":"product_tag-colonia-san-miguel","11":"product_tag-hechizo-de-proteccion-contra-el-mal","12":"product_tag-hechizo-del-mal-de-ojo","13":"product_tag-mal-de-ojo","14":"product_tag-perfume-espiritual-san-miguel","15":"product_tag-perfume-san-ciprano","16":"product_tag-perfume-san-miguel","17":"product_tag-productos-metafisicos","18":"product_tag-proteccion-contra-el-diablo","19":"product_tag-proteccion-ocular-maligna","20":"product_tag-ritual-de-proteccion-contra-el-diablo","21":"product_tag-rituales-de-proteccion","22":"product_tag-san-ciprano","23":"product_tag-san-ciprano-para-proteccion","24":"product_tag-san-miguel","25":"product_tag-san-miguel-arcangel","26":"product_tag-santos-mexicanos","27":"product_tag-significado-del-mal-de-ojo","28":"product_tag-usos-del-perfume-saint-michael","29":"product_shipping_class-tarifa-plana-3","31":"first","32":"instock","33":"taxable","34":"shipping-taxable","35":"purchasable","36":"product-type-simple","37":"entry","38":"content-bg","39":"loop-entry"},"taxonomy_info":{"product_cat":[{"value":3100,"label":"Protege del da\u00f1o"}],"product_tag":[{"value":3365,"label":"Beneficios del perfume Saint Michael"},{"value":3357,"label":"colonia evil eye"},{"value":3369,"label":"Colonia San Ciprano"},{"value":3366,"label":"Colonia San Miguel"},{"value":3115,"label":"hechizo de protecci\u00f3n contra el mal"},{"value":3359,"label":"hechizo del mal de ojo"},{"value":3354,"label":"mal de ojo"},{"value":3363,"label":"Perfume espiritual San Miguel"},{"value":3368,"label":"Perfume San Ciprano"},{"value":3362,"label":"Perfume San Miguel"},{"value":3341,"label":"productos metaf\u00edsicos"},{"value":3101,"label":"protecci\u00f3n contra el diablo"},{"value":3360,"label":"protecci\u00f3n ocular maligna"},{"value":3117,"label":"ritual de protecci\u00f3n contra el diablo"},{"value":3110,"label":"rituales de protecci\u00f3n"},{"value":3355,"label":"San Ciprano"},{"value":3367,"label":"San Ciprano para protecci\u00f3n"},{"value":3353,"label":"San Miguel"},{"value":3361,"label":"San Miguel Arc\u00e1ngel"},{"value":3356,"label":"Santos mexicanos"},{"value":3358,"label":"significado del mal de ojo"},{"value":3364,"label":"Usos del perfume Saint Michael"}]},"featured_image_src_large":["https:\/\/texmexcurios.com\/tmcdev26\/wp-content\/uploads\/2025\/06\/Protection-Cologne-Spray-Set-1000.jpg",1000,1000,false],"author_info":[],"comment_info":0,"_links":{"self":[{"href":"https:\/\/texmexcurios.com\/tmcdev26\/es\/wp-json\/wp\/v2\/product\/17255","targetHints":{"allow":["GET"]}}],"collection":[{"href":"https:\/\/texmexcurios.com\/tmcdev26\/es\/wp-json\/wp\/v2\/product"}],"about":[{"href":"https:\/\/texmexcurios.com\/tmcdev26\/es\/wp-json\/wp\/v2\/types\/product"}],"replies":[{"embeddable":true,"href":"https:\/\/texmexcurios.com\/tmcdev26\/es\/wp-json\/wp\/v2\/comments?post=17255"}],"wp:featuredmedia":[{"embeddable":true,"href":"https:\/\/texmexcurios.com\/tmcdev26\/es\/wp-json\/wp\/v2\/media\/16483"}],"wp:attachment":[{"href":"https:\/\/texmexcurios.com\/tmcdev26\/es\/wp-json\/wp\/v2\/media?parent=17255"}],"wp:term":[{"taxonomy":"product_brand","embeddable":true,"href":"https:\/\/texmexcurios.com\/tmcdev26\/es\/wp-json\/wp\/v2\/product_brand?post=17255"},{"taxonomy":"product_cat","embeddable":true,"href":"https:\/\/texmexcurios.com\/tmcdev26\/es\/wp-json\/wp\/v2\/product_cat?post=17255"},{"taxonomy":"product_tag","embeddable":true,"href":"https:\/\/texmexcurios.com\/tmcdev26\/es\/wp-json\/wp\/v2\/product_tag?post=17255"}],"curies":[{"name":"wp","href":"https:\/\/api.w.org\/{rel}","templated":true}]}}