{"id":17244,"date":"2024-07-18T09:38:51","date_gmt":"2024-07-18T14:38:51","guid":{"rendered":"https:\/\/texmexcurios.com\/tmcdev26\/pulsera-banda-lapislazuli\/"},"modified":"2024-07-18T09:38:51","modified_gmt":"2024-07-18T14:38:51","slug":"pulsera-banda-lapislazuli","status":"publish","type":"product","link":"https:\/\/texmexcurios.com\/tmcdev26\/es\/producto\/pulsera-banda-lapislazuli\/","title":{"rendered":"Pulsera banda lapisl\u00e1zuli"},"content":{"rendered":"<p>Pulsera de banda de lapisl\u00e1zuli. Lleva una pulsera de lapisl\u00e1zuli para mejorar tu memoria y promover la verdad en tu vida. <\/p>\n<ul>\n<li>Favorece la memoria y la verdad<\/li>\n<li>Mejora tu memoria<\/li>\n<li>Promueve la verdad en tu vida<\/li>\n<\/ul>\n","protected":false},"excerpt":{"rendered":"<p>Favorece la memoria y la verdad<\/p>\n","protected":false},"featured_media":14294,"comment_status":"open","ping_status":"closed","template":"","meta":{"_kad_blocks_custom_css":"","_kad_blocks_head_custom_js":"","_kad_blocks_body_custom_js":"","_kad_blocks_footer_custom_js":"","_kad_post_transparent":"","_kad_post_title":"","_kad_post_layout":"","_kad_post_sidebar_id":"","_kad_post_content_style":"","_kad_post_vertical_padding":"","_kad_post_feature":"","_kad_post_feature_position":"","_kad_post_header":false,"_kad_post_footer":false,"_kad_post_classname":""},"product_brand":[],"product_cat":[3183],"product_tag":[3344,3345,3185,3343,3211,3341,3340,3342,3207],"class_list":{"0":"post-17244","1":"product","2":"type-product","3":"status-publish","4":"has-post-thumbnail","6":"product_cat-cura-con-cristales","7":"product_tag-beneficios-del-cristal-de-lapiz-lazuli","8":"product_tag-cristal-para-el-tercer-ojo","9":"product_tag-cristales-curativos","10":"product_tag-lapiz-lazuli-cristal-curativo","11":"product_tag-magia-de-cristal","12":"product_tag-productos-metafisicos","13":"product_tag-pulsera-de-piedras-preciosas-lapiz-lazuli-band","14":"product_tag-pulsera-lapiz-lazuli","15":"product_tag-rituales-de-cristal","16":"product_shipping_class-tarifa-plana-3","18":"first","19":"instock","20":"taxable","21":"shipping-taxable","22":"purchasable","23":"product-type-simple","24":"entry","25":"content-bg","26":"loop-entry"},"taxonomy_info":{"product_cat":[{"value":3183,"label":"Cura con cristales"}],"product_tag":[{"value":3344,"label":"beneficios del cristal de lapiz lazuli"},{"value":3345,"label":"cristal para el tercer ojo"},{"value":3185,"label":"cristales curativos"},{"value":3343,"label":"lapiz lazuli cristal curativo"},{"value":3211,"label":"magia de cristal."},{"value":3341,"label":"productos metaf\u00edsicos"},{"value":3340,"label":"pulsera de piedras preciosas lapiz lazuli band"},{"value":3342,"label":"pulsera lapiz lazuli"},{"value":3207,"label":"rituales de cristal"}]},"featured_image_src_large":["https:\/\/texmexcurios.com\/tmcdev26\/wp-content\/uploads\/2024\/07\/Lapiz-Lazuli-Band-Bracelet-1000.jpg",1000,1000,false],"author_info":[],"comment_info":0,"_links":{"self":[{"href":"https:\/\/texmexcurios.com\/tmcdev26\/es\/wp-json\/wp\/v2\/product\/17244","targetHints":{"allow":["GET"]}}],"collection":[{"href":"https:\/\/texmexcurios.com\/tmcdev26\/es\/wp-json\/wp\/v2\/product"}],"about":[{"href":"https:\/\/texmexcurios.com\/tmcdev26\/es\/wp-json\/wp\/v2\/types\/product"}],"replies":[{"embeddable":true,"href":"https:\/\/texmexcurios.com\/tmcdev26\/es\/wp-json\/wp\/v2\/comments?post=17244"}],"wp:featuredmedia":[{"embeddable":true,"href":"https:\/\/texmexcurios.com\/tmcdev26\/es\/wp-json\/wp\/v2\/media\/14294"}],"wp:attachment":[{"href":"https:\/\/texmexcurios.com\/tmcdev26\/es\/wp-json\/wp\/v2\/media?parent=17244"}],"wp:term":[{"taxonomy":"product_brand","embeddable":true,"href":"https:\/\/texmexcurios.com\/tmcdev26\/es\/wp-json\/wp\/v2\/product_brand?post=17244"},{"taxonomy":"product_cat","embeddable":true,"href":"https:\/\/texmexcurios.com\/tmcdev26\/es\/wp-json\/wp\/v2\/product_cat?post=17244"},{"taxonomy":"product_tag","embeddable":true,"href":"https:\/\/texmexcurios.com\/tmcdev26\/es\/wp-json\/wp\/v2\/product_tag?post=17244"}],"curies":[{"name":"wp","href":"https:\/\/api.w.org\/{rel}","templated":true}]}}