{"id":17159,"date":"2018-10-24T03:43:20","date_gmt":"2018-10-24T08:43:20","guid":{"rendered":"https:\/\/texmexcurios.com\/tmcdev26\/velas-san-martin-caballero\/"},"modified":"2018-10-24T03:43:20","modified_gmt":"2018-10-24T08:43:20","slug":"velas-san-martin-caballero","status":"publish","type":"product","link":"https:\/\/texmexcurios.com\/tmcdev26\/es\/producto\/velas-san-martin-caballero\/","title":{"rendered":"Velas San Mart\u00edn Caballero"},"content":{"rendered":"<p>Realiza un ritual de Velas de San Mart\u00edn Caballero de 3 semanas de duraci\u00f3n si est\u00e1s buscando trabajo, quieres un ascenso o mejorar el flujo de dinero en casa o en tu negocio. Patr\u00f3n de la buena suerte, el trabajo y el dinero. Las velas espirituales se fijan con hierbas m\u00e1gicas, aceites espirituales y cristales curativos.  <\/p>\n<ul>\n<li>Vela de oraci\u00f3n inspirada en \u00e1ngeles y santos<\/li>\n<li>La compra incluye 3 velas fijas<\/li>\n<li>Vela sin aroma<\/li>\n<li>Ver las instrucciones a continuaci\u00f3n<\/li>\n<\/ul>\n<p>PASO 1<br \/>\nEscribe tu petici\u00f3n, tus deseos en el papel de pergamino situado sobre la vela. Puedes utilizar las dos caras del papel. En resumen, escribe lo que deseas. Puedes incluir en el papel de pergamino detalles como nombre o nombres, d\u00eda o fechas de nacimiento, direcciones, n\u00fameros importantes, lo que creas que est\u00e1 relacionado con tu intenci\u00f3n.   <\/p>\n<p>PASO 2<br \/>\nDobla 2 veces el papel de pergamino y col\u00f3calo debajo de la vela.<\/p>\n<p>PASO 3<br \/>\nReza la oraci\u00f3n de la vela, medita y visualiza lo que quieres que ocurra; Reza la oraci\u00f3n diariamente; Si la vela no incluye una oraci\u00f3n, reza tu oraci\u00f3n favorita.<\/p>\n<p>Nota: Puedes realizar un trabajo con velas de 3 semanas quemando una vela por semana o disponer las tres velas en forma de tri\u00e1ngulo y quemarlas todas a la vez. Te recomendamos que empieces enseguida tu trabajo de quema de velas. <\/p>\n","protected":false},"excerpt":{"rendered":"<p>Becas Suerte, Trabajo y Dinero<\/p>\n","protected":false},"featured_media":15731,"comment_status":"open","ping_status":"closed","template":"","meta":{"_kad_blocks_custom_css":"","_kad_blocks_head_custom_js":"","_kad_blocks_body_custom_js":"","_kad_blocks_footer_custom_js":"","_kad_post_transparent":"","_kad_post_title":"","_kad_post_layout":"","_kad_post_sidebar_id":"","_kad_post_content_style":"","_kad_post_vertical_padding":"","_kad_post_feature":"","_kad_post_feature_position":"","_kad_post_header":false,"_kad_post_footer":false,"_kad_post_classname":""},"product_brand":[],"product_cat":[3121],"product_tag":[3136,3134,3124,3135,3154,3127,3105,3103,3140,3137,3132],"class_list":{"0":"post-17159","1":"product","2":"type-product","3":"status-publish","4":"has-post-thumbnail","6":"product_cat-multiplica-tu-dinero","7":"product_tag-oracion-de-san-martin-caballero","8":"product_tag-rituales-del-dinero","9":"product_tag-vela-de-san-martin-caballero","10":"product_tag-vela-fija-san-martin-caballero","11":"product_tag-velas-compuestas-2","12":"product_tag-velas-de-dinero","13":"product_tag-velas-de-oracion-mexicanas","14":"product_tag-velas-de-santo-mexicano","15":"product_tag-velas-para-dibujar-dinero","16":"product_tag-velas-por-dinero","17":"product_tag-velas-rituales","18":"product_shipping_class-tarifa-plana-3","20":"first","21":"instock","22":"taxable","23":"shipping-taxable","24":"purchasable","25":"product-type-simple","26":"entry","27":"content-bg","28":"loop-entry"},"taxonomy_info":{"product_cat":[{"value":3121,"label":"Multiplica tu dinero"}],"product_tag":[{"value":3136,"label":"Oraci\u00f3n de San Mart\u00edn Caballero"},{"value":3134,"label":"rituales del dinero"},{"value":3124,"label":"Vela de San Mart\u00edn Caballero"},{"value":3135,"label":"vela fija San Mart\u00edn Caballero"},{"value":3154,"label":"velas compuestas"},{"value":3127,"label":"velas de dinero"},{"value":3105,"label":"Velas de oraci\u00f3n mexicanas"},{"value":3103,"label":"Velas de santo mexicano"},{"value":3140,"label":"velas para dibujar dinero"},{"value":3137,"label":"velas por dinero"},{"value":3132,"label":"velas rituales"}]},"featured_image_src_large":["https:\/\/texmexcurios.com\/tmcdev26\/wp-content\/uploads\/2018\/10\/San-Martin-Caballero-Candles-1000.jpg",1000,1000,false],"author_info":[],"comment_info":0,"_links":{"self":[{"href":"https:\/\/texmexcurios.com\/tmcdev26\/es\/wp-json\/wp\/v2\/product\/17159","targetHints":{"allow":["GET"]}}],"collection":[{"href":"https:\/\/texmexcurios.com\/tmcdev26\/es\/wp-json\/wp\/v2\/product"}],"about":[{"href":"https:\/\/texmexcurios.com\/tmcdev26\/es\/wp-json\/wp\/v2\/types\/product"}],"replies":[{"embeddable":true,"href":"https:\/\/texmexcurios.com\/tmcdev26\/es\/wp-json\/wp\/v2\/comments?post=17159"}],"wp:featuredmedia":[{"embeddable":true,"href":"https:\/\/texmexcurios.com\/tmcdev26\/es\/wp-json\/wp\/v2\/media\/15731"}],"wp:attachment":[{"href":"https:\/\/texmexcurios.com\/tmcdev26\/es\/wp-json\/wp\/v2\/media?parent=17159"}],"wp:term":[{"taxonomy":"product_brand","embeddable":true,"href":"https:\/\/texmexcurios.com\/tmcdev26\/es\/wp-json\/wp\/v2\/product_brand?post=17159"},{"taxonomy":"product_cat","embeddable":true,"href":"https:\/\/texmexcurios.com\/tmcdev26\/es\/wp-json\/wp\/v2\/product_cat?post=17159"},{"taxonomy":"product_tag","embeddable":true,"href":"https:\/\/texmexcurios.com\/tmcdev26\/es\/wp-json\/wp\/v2\/product_tag?post=17159"}],"curies":[{"name":"wp","href":"https:\/\/api.w.org\/{rel}","templated":true}]}}