{"id":17157,"date":"2018-02-19T06:36:14","date_gmt":"2018-02-19T12:36:14","guid":{"rendered":"https:\/\/texmexcurios.com\/tmcdev26\/vela-elefante-de-la-suerte\/"},"modified":"2018-02-19T06:36:14","modified_gmt":"2018-02-19T12:36:14","slug":"vela-elefante-de-la-suerte","status":"publish","type":"product","link":"https:\/\/texmexcurios.com\/tmcdev26\/es\/producto\/vela-elefante-de-la-suerte\/","title":{"rendered":"Vela Elefante de la Suerte"},"content":{"rendered":"<p>Enciende una Vela del Elefante de la Suerte para tener buena suerte en los juegos de casino, bingo, juegos de cartas, billetes de loter\u00eda, m\u00e1quinas tragaperras y botes.<\/p>\n<ul>\n<li>Aroma floral y herbal<\/li>\n<li>Ver instrucciones m\u00e1s abajo<\/li>\n<\/ul>\n<p>PASO 1<br \/>\nEscribe tu petici\u00f3n, tus deseos en el papel de pergamino situado sobre la vela. Puedes utilizar las dos caras del papel. En resumen, escribe lo que deseas. Puedes incluir en el papel de pergamino detalles como nombre o nombres, d\u00eda o fechas de nacimiento, direcciones, n\u00fameros importantes, lo que creas que est\u00e1 relacionado con tu intenci\u00f3n.<br \/>\nPASO 2<br \/>\nDobla el papel de pergamino 2 veces y col\u00f3calo debajo de la vela.<br \/>\nPASO 3<br \/>\nReza la oraci\u00f3n sobre la vela, medita y visualiza lo que quieres que ocurra; Reza la oraci\u00f3n a diario; Si la vela no incluye una oraci\u00f3n, reza tu oraci\u00f3n favorita.   <\/p>\n","protected":false},"excerpt":{"rendered":"<p>Atrae el juego Suerte<\/p>\n","protected":false},"featured_media":15733,"comment_status":"open","ping_status":"closed","template":"","meta":{"_kad_blocks_custom_css":"","_kad_blocks_head_custom_js":"","_kad_blocks_body_custom_js":"","_kad_blocks_footer_custom_js":"","_kad_post_transparent":"","_kad_post_title":"","_kad_post_layout":"","_kad_post_sidebar_id":"","_kad_post_content_style":"","_kad_post_vertical_padding":"","_kad_post_feature":"","_kad_post_feature_position":"","_kad_post_header":false,"_kad_post_footer":false,"_kad_post_classname":""},"product_brand":[],"product_cat":[3171],"product_tag":[3194,3190,3180,3192,3188,3208,3218,3176,3178,3184,3182,3204,3186,3216,3213,3175,3109,3210,3173,3106,3199,3104,3197,3132,3201],"class_list":{"0":"post-17157","1":"product","2":"type-product","3":"status-publish","4":"has-post-thumbnail","6":"product_cat-gana-al-juego","7":"product_tag-aroma-floral-y-herbal","8":"product_tag-billetes-de-loteria","9":"product_tag-bingo","10":"product_tag-botes","11":"product_tag-buena-suerte-en-los-juegos-de-casino","12":"product_tag-buena-suerte-velas","13":"product_tag-casinos-vela","14":"product_tag-elefante-afortunado","15":"product_tag-elefante-de-suerte","16":"product_tag-juegos-de-cartas","17":"product_tag-maquinas-tragaperras","18":"product_tag-rituales-de-juego","19":"product_tag-subvenciones-resultado-rapido","20":"product_tag-vela-de-7-dias-del-elefante-de-la-suerte","21":"product_tag-vela-de-juego-fija","22":"product_tag-vela-elefante-de-la-suerte","23":"product_tag-vela-fija","24":"product_tag-vela-fija-de-casino","25":"product_tag-vela-triple-fuerza","26":"product_tag-velas-compuestas","27":"product_tag-velas-de-juego","28":"product_tag-velas-espirituales","29":"product_tag-velas-metafisicas","30":"product_tag-velas-rituales","31":"product_tag-velas-rituales-del-dinero","32":"product_shipping_class-tarifa-plana-3","34":"first","35":"instock","36":"featured","37":"taxable","38":"shipping-taxable","39":"purchasable","40":"product-type-simple","41":"entry","42":"content-bg","43":"loop-entry"},"taxonomy_info":{"product_cat":[{"value":3171,"label":"Gana al juego"}],"product_tag":[{"value":3194,"label":"Aroma floral y herbal"},{"value":3190,"label":"billetes de loter\u00eda"},{"value":3180,"label":"bingo"},{"value":3192,"label":"botes"},{"value":3188,"label":"buena suerte en los juegos de casino"},{"value":3208,"label":"buena suerte velas"},{"value":3218,"label":"casinos vela"},{"value":3176,"label":"Elefante afortunado"},{"value":3178,"label":"Elefante de Suerte"},{"value":3184,"label":"juegos de cartas"},{"value":3182,"label":"m\u00e1quinas tragaperras"},{"value":3204,"label":"rituales de juego"},{"value":3186,"label":"Subvenciones Resultado r\u00e1pido"},{"value":3216,"label":"Vela de 7 d\u00edas del elefante de la suerte"},{"value":3213,"label":"vela de juego fija"},{"value":3175,"label":"Vela Elefante de la Suerte"},{"value":3109,"label":"vela fija"},{"value":3210,"label":"vela fija de casino"},{"value":3173,"label":"Vela Triple Fuerza"},{"value":3106,"label":"velas compuestas"},{"value":3199,"label":"velas de juego"},{"value":3104,"label":"Velas espirituales"},{"value":3197,"label":"velas metaf\u00edsicas"},{"value":3132,"label":"velas rituales"},{"value":3201,"label":"velas rituales del dinero"}]},"featured_image_src_large":["https:\/\/texmexcurios.com\/tmcdev26\/wp-content\/uploads\/2018\/02\/Lucky-elephant-scented-candle-1000.jpg",1000,1000,false],"author_info":[],"comment_info":0,"_links":{"self":[{"href":"https:\/\/texmexcurios.com\/tmcdev26\/es\/wp-json\/wp\/v2\/product\/17157","targetHints":{"allow":["GET"]}}],"collection":[{"href":"https:\/\/texmexcurios.com\/tmcdev26\/es\/wp-json\/wp\/v2\/product"}],"about":[{"href":"https:\/\/texmexcurios.com\/tmcdev26\/es\/wp-json\/wp\/v2\/types\/product"}],"replies":[{"embeddable":true,"href":"https:\/\/texmexcurios.com\/tmcdev26\/es\/wp-json\/wp\/v2\/comments?post=17157"}],"wp:featuredmedia":[{"embeddable":true,"href":"https:\/\/texmexcurios.com\/tmcdev26\/es\/wp-json\/wp\/v2\/media\/15733"}],"wp:attachment":[{"href":"https:\/\/texmexcurios.com\/tmcdev26\/es\/wp-json\/wp\/v2\/media?parent=17157"}],"wp:term":[{"taxonomy":"product_brand","embeddable":true,"href":"https:\/\/texmexcurios.com\/tmcdev26\/es\/wp-json\/wp\/v2\/product_brand?post=17157"},{"taxonomy":"product_cat","embeddable":true,"href":"https:\/\/texmexcurios.com\/tmcdev26\/es\/wp-json\/wp\/v2\/product_cat?post=17157"},{"taxonomy":"product_tag","embeddable":true,"href":"https:\/\/texmexcurios.com\/tmcdev26\/es\/wp-json\/wp\/v2\/product_tag?post=17157"}],"curies":[{"name":"wp","href":"https:\/\/api.w.org\/{rel}","templated":true}]}}