{"id":18341,"date":"2025-08-04T10:14:03","date_gmt":"2025-08-04T15:14:03","guid":{"rendered":"https:\/\/texmexcurios.com\/product\/especial-velas-para-estudiantes\/"},"modified":"2025-08-04T10:14:03","modified_gmt":"2025-08-04T15:14:03","slug":"especial-velas-para-estudiantes","status":"publish","type":"product","link":"https:\/\/texmexcurios.com\/es\/producto\/especial-velas-para-estudiantes\/","title":{"rendered":"Especial velas para estudiantes"},"content":{"rendered":"<h5>~ COMPRA 3 VELAS DE ESTUDIANTE Y LL\u00c9VATE 1 GRATIS ~<\/h5>\n<p><span style=\"color: #ff0000;\">Oferta por tiempo limitado<\/span><\/p>\n<p>Realiza un ritual de Velas del Estudiante de 3 semanas para ayudar a un estudiante con la concentraci\u00f3n mental, las buenas notas, la graduaci\u00f3n y para eliminar las malas influencias. Las velas espirituales se fijan con hierbas m\u00e1gicas, aceites espirituales y cristales curativos.<\/p>\n<ul>\n<li>Vela de oraci\u00f3n inspirada en \u00e1ngeles y santos<\/li>\n<li>La compra incluye 3 velas fijas<\/li>\n<li>Vela sin aroma<\/li>\n<li>Ver las instrucciones a continuaci\u00f3n<\/li>\n<\/ul>\n<p>PASO 1<br \/>\nEscribe tu petici\u00f3n, tus deseos en el papel de pergamino situado sobre la vela. Puedes utilizar las dos caras del papel. En resumen, escribe lo que deseas. Puedes incluir en el papel de pergamino detalles como nombre o nombres, d\u00eda o fechas de nacimiento, direcciones, n\u00fameros importantes, lo que creas que est\u00e1 relacionado con tu intenci\u00f3n.   <\/p>\n<p>PASO 2<br \/>\nDobla 2 veces el papel de pergamino y col\u00f3calo debajo de la vela.<\/p>\n<p>PASO 3<br \/>\nReza la oraci\u00f3n de la vela, medita y visualiza lo que quieres que ocurra; Reza la oraci\u00f3n diariamente; Si la vela no incluye una oraci\u00f3n, reza tu oraci\u00f3n favorita.<\/p>\n<p>Nota: Puedes realizar un trabajo con velas de 3 semanas quemando una vela por semana o disponer las tres velas en forma de tri\u00e1ngulo y quemarlas todas a la vez. Te recomendamos que empieces enseguida tu trabajo de quema de velas. <\/p>\n","protected":false},"excerpt":{"rendered":"<p>Elimina las malas influencias<br \/>\n<span style=\"color: #ff0000;\">COMPRA 3 VELAS PARA ESTUDIANTES Y RECIBE 1 GRATIS<\/span><\/p>\n","protected":false},"featured_media":16705,"comment_status":"open","ping_status":"closed","template":"","meta":{"_kad_blocks_custom_css":"","_kad_blocks_head_custom_js":"","_kad_blocks_body_custom_js":"","_kad_blocks_footer_custom_js":"","_kad_post_transparent":"","_kad_post_title":"","_kad_post_layout":"","_kad_post_sidebar_id":"","_kad_post_content_style":"","_kad_post_vertical_padding":"","_kad_post_feature":"","_kad_post_feature_position":"","_kad_post_header":false,"_kad_post_footer":false,"_kad_post_classname":""},"product_brand":[],"product_cat":[3100],"product_tag":[4179,3110,4214,4177,4178,3107,3104,3197],"class_list":{"0":"post-18341","1":"product","2":"type-product","3":"status-publish","4":"has-post-thumbnail","6":"product_cat-protege-del-dano","7":"product_tag-hechizo-para-el-exito-estudiantil","8":"product_tag-rituales-de-proteccion","9":"product_tag-vela-de-estudiante-2","10":"product_tag-vela-de-estudiante","11":"product_tag-vela-educativa","12":"product_tag-velas-curativas","13":"product_tag-velas-espirituales","14":"product_tag-velas-metafisicas","15":"product_shipping_class-tarifa-plana-3","17":"first","18":"instock","19":"taxable","20":"shipping-taxable","21":"purchasable","22":"product-type-simple","23":"entry","24":"content-bg","25":"loop-entry"},"taxonomy_info":{"product_cat":[{"value":3100,"label":"Protege del da\u00f1o"}],"product_tag":[{"value":4179,"label":"hechizo para el \u00e9xito estudiantil"},{"value":3110,"label":"rituales de protecci\u00f3n"},{"value":4214,"label":"vela de estudiante"},{"value":4177,"label":"Vela de estudiante"},{"value":4178,"label":"vela educativa"},{"value":3107,"label":"velas curativas"},{"value":3104,"label":"Velas espirituales"},{"value":3197,"label":"velas metaf\u00edsicas"}]},"featured_image_src_large":["https:\/\/texmexcurios.com\/wp-content\/uploads\/2025\/08\/4-Student-Candles-Aug-offer.jpg",1000,1000,false],"author_info":[],"comment_info":0,"_links":{"self":[{"href":"https:\/\/texmexcurios.com\/es\/wp-json\/wp\/v2\/product\/18341","targetHints":{"allow":["GET"]}}],"collection":[{"href":"https:\/\/texmexcurios.com\/es\/wp-json\/wp\/v2\/product"}],"about":[{"href":"https:\/\/texmexcurios.com\/es\/wp-json\/wp\/v2\/types\/product"}],"replies":[{"embeddable":true,"href":"https:\/\/texmexcurios.com\/es\/wp-json\/wp\/v2\/comments?post=18341"}],"wp:featuredmedia":[{"embeddable":true,"href":"https:\/\/texmexcurios.com\/es\/wp-json\/wp\/v2\/media\/16705"}],"wp:attachment":[{"href":"https:\/\/texmexcurios.com\/es\/wp-json\/wp\/v2\/media?parent=18341"}],"wp:term":[{"taxonomy":"product_brand","embeddable":true,"href":"https:\/\/texmexcurios.com\/es\/wp-json\/wp\/v2\/product_brand?post=18341"},{"taxonomy":"product_cat","embeddable":true,"href":"https:\/\/texmexcurios.com\/es\/wp-json\/wp\/v2\/product_cat?post=18341"},{"taxonomy":"product_tag","embeddable":true,"href":"https:\/\/texmexcurios.com\/es\/wp-json\/wp\/v2\/product_tag?post=18341"}],"curies":[{"name":"wp","href":"https:\/\/api.w.org\/{rel}","templated":true}]}}