{"id":17651,"date":"2015-08-17T09:45:43","date_gmt":"2015-08-17T14:45:43","guid":{"rendered":"https:\/\/texmexcurios.com\/ven-a-mi-ven-a-mi-vela\/"},"modified":"2026-03-02T09:43:59","modified_gmt":"2026-03-02T15:43:59","slug":"ven-a-mi-ven-a-mi-vela","status":"publish","type":"product","link":"https:\/\/texmexcurios.com\/es\/producto\/ven-a-mi-ven-a-mi-vela\/","title":{"rendered":"Ven a mi &#8211; Ven a mi vela"},"content":{"rendered":"<p>Enciende una vela &#8220;Ven a m\u00ed&#8221;, Ven a mi para atraer a una persona, si buscas un compromiso serio, por lealtad o si quieres comprometerte.<\/p>\n<ul>\n<li>Vela con aroma floral y herbal<\/li>\n<li>Vela de oraci\u00f3n inspirada en \u00e1ngeles y santos<\/li>\n<\/ul>\n<p>PASO 1<br \/>\nEscribe tu petici\u00f3n, tus deseos en el papel de pergamino situado sobre la vela. Puedes utilizar las dos caras del papel. En resumen, escribe lo que deseas. Puedes incluir en el papel de pergamino detalles como nombre o nombres, d\u00eda o fechas de nacimiento, direcciones, n\u00fameros importantes, lo que creas que est\u00e1 relacionado con tu intenci\u00f3n.   <\/p>\n<p>A continuaci\u00f3n encontrar\u00e1s ejemplos de lo que puedes escribir en tu papel de pergamino para cada vela, que pueden aplicarse o no a tu situaci\u00f3n y sirven s\u00f3lo como gu\u00eda. En \u00faltima instancia, escribe tu intenci\u00f3n y lo que deseas recibir. <\/p>\n<p>Por ejemplo:<br \/>\n(&#8230;&#8230;&#8230;&#8230;&#8230;&#8230;.. comprom\u00e9tete conmigo y s\u00f3lo conmigo) Nombre de la persona. (&#8230;&#8230;&#8230;&#8230;&#8230;&#8230;.. proponme matrimonio) Nombre de la persona. (&#8230;&#8230;&#8230;&#8230;&#8230;&#8230;.. muestra inter\u00e9s por m\u00ed) Nombre de la persona     <\/p>\n<p>PASO 2<br \/>\nDobla 2 veces el papel de pergamino y col\u00f3calo debajo de la vela.<\/p>\n<p>PASO 3<br \/>\nReza la oraci\u00f3n de la vela, medita y visualiza lo que quieres que ocurra; Reza la oraci\u00f3n diariamente; Si la vela no incluye una oraci\u00f3n, reza tu oraci\u00f3n favorita.<\/p>\n","protected":false},"excerpt":{"rendered":"<p>Subvenciones Compromiso<\/p>\n","protected":false},"featured_media":17653,"comment_status":"open","ping_status":"closed","template":"","meta":{"_kad_blocks_custom_css":"","_kad_blocks_head_custom_js":"","_kad_blocks_body_custom_js":"","_kad_blocks_footer_custom_js":"","_kad_post_transparent":"","_kad_post_title":"","_kad_post_layout":"","_kad_post_sidebar_id":"","_kad_post_content_style":"","_kad_post_vertical_padding":"","_kad_post_feature":"","_kad_post_feature_position":"","_kad_post_header":false,"_kad_post_footer":false,"_kad_post_classname":""},"product_brand":[],"product_cat":[4029],"product_tag":[4035,4036,4038,4032,3300,4033,3106,3107,3899,4031,3104,3197,3132,4037,4034,4205],"class_list":{"0":"post-17651","1":"product","2":"type-product","3":"status-publish","4":"has-post-thumbnail","6":"product_cat-atrae-el-amor","7":"product_tag-fija-ven-a-mi-vela","8":"product_tag-fijo-ven-a-mi-vela","9":"product_tag-hechizo-ven-a-mi","10":"product_tag-vela-come-to-me","11":"product_tag-vela-ven-a-mi","12":"product_tag-velas-benditas","13":"product_tag-velas-compuestas","14":"product_tag-velas-curativas","15":"product_tag-velas-de-oracion","16":"product_tag-velas-del-amor","17":"product_tag-velas-espirituales","18":"product_tag-velas-metafisicas","19":"product_tag-velas-rituales","20":"product_tag-ven-a-mi-hechizo","21":"product_tag-ven-a-mi-vela-de-oracion-de-7-dias","22":"product_tag-ven-a-mi-vela-de-oracion-de-7-dias-2","23":"product_shipping_class-tarifa-plana-3","25":"first","26":"instock","27":"taxable","28":"shipping-taxable","29":"purchasable","30":"product-type-simple","31":"entry","32":"content-bg","33":"loop-entry"},"taxonomy_info":{"product_cat":[{"value":4029,"label":"Atrae el Amor"}],"product_tag":[{"value":4035,"label":"fija ven a mi vela"},{"value":4036,"label":"fijo ven a mi vela"},{"value":4038,"label":"hechizo ven a mi"},{"value":4032,"label":"vela come-to-me"},{"value":3300,"label":"Vela Ven a Mi"},{"value":4033,"label":"velas benditas"},{"value":3106,"label":"velas compuestas"},{"value":3107,"label":"velas curativas"},{"value":3899,"label":"velas de oraci\u00f3n"},{"value":4031,"label":"Velas del amor"},{"value":3104,"label":"Velas espirituales"},{"value":3197,"label":"velas metaf\u00edsicas"},{"value":3132,"label":"velas rituales"},{"value":4037,"label":"ven a mi hechizo"},{"value":4034,"label":"ven a mi vela de oraci\u00f3n de 7 d\u00edas"},{"value":4205,"label":"Ven a mi vela de oraci\u00f3n de 7 d\u00edas"}]},"featured_image_src_large":["https:\/\/texmexcurios.com\/wp-content\/uploads\/2015\/08\/Ven-a-Mi-candle-scented-1000.jpg",1000,1000,false],"author_info":[],"comment_info":0,"_links":{"self":[{"href":"https:\/\/texmexcurios.com\/es\/wp-json\/wp\/v2\/product\/17651","targetHints":{"allow":["GET"]}}],"collection":[{"href":"https:\/\/texmexcurios.com\/es\/wp-json\/wp\/v2\/product"}],"about":[{"href":"https:\/\/texmexcurios.com\/es\/wp-json\/wp\/v2\/types\/product"}],"replies":[{"embeddable":true,"href":"https:\/\/texmexcurios.com\/es\/wp-json\/wp\/v2\/comments?post=17651"}],"wp:featuredmedia":[{"embeddable":true,"href":"https:\/\/texmexcurios.com\/es\/wp-json\/wp\/v2\/media\/17653"}],"wp:attachment":[{"href":"https:\/\/texmexcurios.com\/es\/wp-json\/wp\/v2\/media?parent=17651"}],"wp:term":[{"taxonomy":"product_brand","embeddable":true,"href":"https:\/\/texmexcurios.com\/es\/wp-json\/wp\/v2\/product_brand?post=17651"},{"taxonomy":"product_cat","embeddable":true,"href":"https:\/\/texmexcurios.com\/es\/wp-json\/wp\/v2\/product_cat?post=17651"},{"taxonomy":"product_tag","embeddable":true,"href":"https:\/\/texmexcurios.com\/es\/wp-json\/wp\/v2\/product_tag?post=17651"}],"curies":[{"name":"wp","href":"https:\/\/api.w.org\/{rel}","templated":true}]}}