{"id":17644,"date":"2015-10-30T06:05:08","date_gmt":"2015-10-30T11:05:08","guid":{"rendered":"https:\/\/texmexcurios.com\/san-antonio-vela-de-san-antonio\/"},"modified":"2026-03-02T09:43:29","modified_gmt":"2026-03-02T15:43:29","slug":"san-antonio-vela-de-san-antonio","status":"publish","type":"product","link":"https:\/\/texmexcurios.com\/es\/producto\/san-antonio-vela-de-san-antonio\/","title":{"rendered":"San Antonio &#8211; Vela de San Antonio"},"content":{"rendered":"<p>Enciende una vela de San Antonio &#8211; San Antonio para recuperar un amor perdido, para detener las discusiones en tu relaci\u00f3n o si quieres que tu pareja deje de enga\u00f1arte.<\/p>\n<ul>\n<li>Vela con aroma floral y herbal<\/li>\n<li>Vela de oraci\u00f3n inspirada en \u00e1ngeles y santos<\/li>\n<\/ul>\n<p>PASO 1<br \/>\nEscribe tu petici\u00f3n, tus deseos en el papel de pergamino situado sobre la vela. Puedes utilizar las dos caras del papel. En resumen, escribe lo que deseas. Puedes incluir en el papel de pergamino detalles como nombre o nombres, d\u00eda o fechas de nacimiento, direcciones, n\u00fameros importantes, lo que creas que est\u00e1 relacionado con tu intenci\u00f3n.   <\/p>\n<p>A continuaci\u00f3n encontrar\u00e1s ejemplos de lo que puedes escribir en tu papel de pergamino para cada vela, que pueden aplicarse o no a tu situaci\u00f3n y sirven s\u00f3lo como gu\u00eda. En \u00faltima instancia, escribe tu intenci\u00f3n y lo que deseas recibir. <\/p>\n<p>Por ejemplo:<br \/>\n(Devu\u00e9lveme mi amor perdido &#8230;&#8230;&#8230;&#8230;&#8230;&#8230;..) Nombre de la persona. (Re\u00faneme con &#8230;&#8230;&#8230;&#8230;&#8230;&#8230;..) Nombre de la persona. (Evita que &#8230;&#8230;&#8230;&#8230;&#8230;&#8230;.. me enga\u00f1e) Nombre de la persona     <\/p>\n<p>PASO 2<br \/>\nDobla 2 veces el papel de pergamino y col\u00f3calo debajo de la vela.<\/p>\n<p>PASO 3<br \/>\nReza la oraci\u00f3n de la vela, medita y visualiza lo que quieres que ocurra; Reza la oraci\u00f3n diariamente; Si la vela no incluye una oraci\u00f3n, reza tu oraci\u00f3n favorita.<\/p>\n","protected":false},"excerpt":{"rendered":"<p>Devuelve un Amor Perdido<\/p>\n","protected":false},"featured_media":17650,"comment_status":"open","ping_status":"closed","template":"","meta":{"_kad_blocks_custom_css":"","_kad_blocks_head_custom_js":"","_kad_blocks_body_custom_js":"","_kad_blocks_footer_custom_js":"","_kad_post_transparent":"","_kad_post_title":"","_kad_post_layout":"","_kad_post_sidebar_id":"","_kad_post_content_style":"","_kad_post_vertical_padding":"","_kad_post_feature":"","_kad_post_feature_position":"","_kad_post_header":false,"_kad_post_footer":false,"_kad_post_classname":""},"product_brand":[],"product_cat":[4029],"product_tag":[3191,4095,4093,4091,4204,4087,4033,3899,3105,3103,4031,3104,3132],"class_list":{"0":"post-17644","1":"product","2":"type-product","3":"status-publish","4":"has-post-thumbnail","6":"product_cat-atrae-el-amor","7":"product_tag-vela-curativa","8":"product_tag-vela-de-amor-san-antonio","9":"product_tag-vela-de-oracion-de-7-dias-de-san-antonio","10":"product_tag-vela-de-san-antonio-2","11":"product_tag-vela-de-san-antonio-de-padua","12":"product_tag-vela-fija-de-san-antonio","13":"product_tag-velas-benditas","14":"product_tag-velas-de-oracion","15":"product_tag-velas-de-oracion-mexicanas","16":"product_tag-velas-de-santo-mexicano","17":"product_tag-velas-del-amor","18":"product_tag-velas-espirituales","19":"product_tag-velas-rituales","20":"product_shipping_class-tarifa-plana-3","22":"first","23":"instock","24":"taxable","25":"shipping-taxable","26":"purchasable","27":"product-type-simple","28":"entry","29":"content-bg","30":"loop-entry"},"taxonomy_info":{"product_cat":[{"value":4029,"label":"Atrae el Amor"}],"product_tag":[{"value":3191,"label":"vela curativa"},{"value":4095,"label":"Vela de amor San Antonio"},{"value":4093,"label":"Vela de oraci\u00f3n de 7 d\u00edas de San Antonio"},{"value":4091,"label":"Vela de San Antonio"},{"value":4204,"label":"Vela de San Antonio de Padua"},{"value":4087,"label":"Vela fija de San Antonio"},{"value":4033,"label":"velas benditas"},{"value":3899,"label":"velas de oraci\u00f3n"},{"value":3105,"label":"Velas de oraci\u00f3n mexicanas"},{"value":3103,"label":"Velas de santo mexicano"},{"value":4031,"label":"Velas del amor"},{"value":3104,"label":"Velas espirituales"},{"value":3132,"label":"velas rituales"}]},"featured_image_src_large":["https:\/\/texmexcurios.com\/wp-content\/uploads\/2015\/10\/San-Antonio-candle-scented-1000.jpg",1000,1000,false],"author_info":[],"comment_info":0,"_links":{"self":[{"href":"https:\/\/texmexcurios.com\/es\/wp-json\/wp\/v2\/product\/17644","targetHints":{"allow":["GET"]}}],"collection":[{"href":"https:\/\/texmexcurios.com\/es\/wp-json\/wp\/v2\/product"}],"about":[{"href":"https:\/\/texmexcurios.com\/es\/wp-json\/wp\/v2\/types\/product"}],"replies":[{"embeddable":true,"href":"https:\/\/texmexcurios.com\/es\/wp-json\/wp\/v2\/comments?post=17644"}],"wp:featuredmedia":[{"embeddable":true,"href":"https:\/\/texmexcurios.com\/es\/wp-json\/wp\/v2\/media\/17650"}],"wp:attachment":[{"href":"https:\/\/texmexcurios.com\/es\/wp-json\/wp\/v2\/media?parent=17644"}],"wp:term":[{"taxonomy":"product_brand","embeddable":true,"href":"https:\/\/texmexcurios.com\/es\/wp-json\/wp\/v2\/product_brand?post=17644"},{"taxonomy":"product_cat","embeddable":true,"href":"https:\/\/texmexcurios.com\/es\/wp-json\/wp\/v2\/product_cat?post=17644"},{"taxonomy":"product_tag","embeddable":true,"href":"https:\/\/texmexcurios.com\/es\/wp-json\/wp\/v2\/product_tag?post=17644"}],"curies":[{"name":"wp","href":"https:\/\/api.w.org\/{rel}","templated":true}]}}