{"id":17632,"date":"2018-10-29T06:26:09","date_gmt":"2018-10-29T11:26:09","guid":{"rendered":"https:\/\/texmexcurios.com\/vela-jumbo-mal-de-ojo\/"},"modified":"2026-03-13T07:20:13","modified_gmt":"2026-03-13T12:20:13","slug":"vela-jumbo-mal-de-ojo","status":"publish","type":"product","link":"https:\/\/texmexcurios.com\/es\/producto\/vela-jumbo-mal-de-ojo\/","title":{"rendered":"Vela Jumbo Mal de Ojo"},"content":{"rendered":"<p>Enciende una Vela Jumbo Ojo Maligno para protegerte de los enemigos envidiosos y las fuerzas malignas. Aleja de tu vida a las personas negativas y envidiosas.  Las velas espirituales se fijan con hierbas m\u00e1gicas, aceites espirituales y cristales curativos.<\/p>\n<ul>\n<li>Vela de oraci\u00f3n inspirada en \u00e1ngeles y santos<\/li>\n<li>La vela Jumbo arde de 10 a 14 d\u00edas<\/li>\n<li>Vela sin aroma<\/li>\n<li>Ver las instrucciones a continuaci\u00f3n<\/li>\n<\/ul>\n<p>PASO 1<br \/>\nEscribe tu petici\u00f3n, tus deseos en el papel de pergamino situado sobre la vela. Puedes utilizar las dos caras del papel. En resumen, escribe lo que deseas. Puedes incluir en el papel de pergamino detalles como nombre o nombres, d\u00eda o fechas de nacimiento, direcciones, n\u00fameros importantes, lo que creas que est\u00e1 relacionado con tu intenci\u00f3n.   <\/p>\n<p>A continuaci\u00f3n encontrar\u00e1s ejemplos de lo que puedes escribir en tu papel de pergamino para cada vela, que pueden aplicarse o no a tu situaci\u00f3n y sirven s\u00f3lo como gu\u00eda. En definitiva, escribe tu intenci\u00f3n y lo que quieres recibir.<br \/>\nPor ejemplo: (Prot\u00e9geme a m\u00ed y a mi familia de la envidia y los celos). Incluye el nombre de tu familia. (Elimina el mal de ojo y prot\u00e9geme a m\u00ed y a mi familia del mal).   <\/p>\n<p>PASO 2<br \/>\nDobla 2 veces el papel de pergamino y col\u00f3calo debajo de la vela.<\/p>\n<p>PASO 3<br \/>\nReza la oraci\u00f3n de la vela, medita y visualiza lo que quieres que ocurra; Reza la oraci\u00f3n diariamente; Si la vela no incluye una oraci\u00f3n, reza tu oraci\u00f3n favorita.<\/p>\n","protected":false},"excerpt":{"rendered":"<p>Protege de la Envidia<\/p>\n","protected":false},"featured_media":17636,"comment_status":"open","ping_status":"closed","template":"","meta":{"_kad_blocks_custom_css":"","_kad_blocks_head_custom_js":"","_kad_blocks_body_custom_js":"","_kad_blocks_footer_custom_js":"","_kad_post_transparent":"","_kad_post_title":"","_kad_post_layout":"","_kad_post_sidebar_id":"","_kad_post_content_style":"","_kad_post_vertical_padding":"","_kad_post_feature":"","_kad_post_feature_position":"","_kad_post_header":false,"_kad_post_footer":false,"_kad_post_classname":""},"product_brand":[],"product_cat":[3100],"product_tag":[4136,3984,3359,4193,3110,3988,4194,3801,4195,3107,3104,3197],"class_list":{"0":"post-17632","1":"product","2":"type-product","3":"status-publish","4":"has-post-thumbnail","6":"product_cat-protege-del-dano","7":"product_tag-fija-las-velas-del-mal-de-ojo","8":"product_tag-hechizo-de-proteccion-contra-el-mal-de-ojo","9":"product_tag-hechizo-del-mal-de-ojo","10":"product_tag-mal-ojo","11":"product_tag-rituales-de-proteccion","12":"product_tag-significado-de-mal-de-ojo","13":"product_tag-vela-jumbo-mal-de-ojo","14":"product_tag-vela-mal-de-ojo","15":"product_tag-vela-mal-de-ojo-14-dias","16":"product_tag-velas-curativas","17":"product_tag-velas-espirituales","18":"product_tag-velas-metafisicas","19":"product_shipping_class-tarifa-plana-8","21":"first","22":"instock","23":"taxable","24":"shipping-taxable","25":"purchasable","26":"product-type-simple","27":"entry","28":"content-bg","29":"loop-entry"},"taxonomy_info":{"product_cat":[{"value":3100,"label":"Protege del da\u00f1o"}],"product_tag":[{"value":4136,"label":"fija las velas del mal de ojo"},{"value":3984,"label":"hechizo de protecci\u00f3n contra el mal de ojo"},{"value":3359,"label":"hechizo del mal de ojo"},{"value":4193,"label":"Mal Ojo"},{"value":3110,"label":"rituales de protecci\u00f3n"},{"value":3988,"label":"significado de mal de ojo"},{"value":4194,"label":"Vela Jumbo Mal de Ojo"},{"value":3801,"label":"Vela Mal de Ojo"},{"value":4195,"label":"vela mal de ojo 14 d\u00edas"},{"value":3107,"label":"velas curativas"},{"value":3104,"label":"Velas espirituales"},{"value":3197,"label":"velas metaf\u00edsicas"}]},"featured_image_src_large":["https:\/\/texmexcurios.com\/wp-content\/uploads\/2018\/10\/Evil-Eye-Jumbo-Candle-1000.jpg",1000,1000,false],"author_info":[],"comment_info":0,"_links":{"self":[{"href":"https:\/\/texmexcurios.com\/es\/wp-json\/wp\/v2\/product\/17632","targetHints":{"allow":["GET"]}}],"collection":[{"href":"https:\/\/texmexcurios.com\/es\/wp-json\/wp\/v2\/product"}],"about":[{"href":"https:\/\/texmexcurios.com\/es\/wp-json\/wp\/v2\/types\/product"}],"replies":[{"embeddable":true,"href":"https:\/\/texmexcurios.com\/es\/wp-json\/wp\/v2\/comments?post=17632"}],"wp:featuredmedia":[{"embeddable":true,"href":"https:\/\/texmexcurios.com\/es\/wp-json\/wp\/v2\/media\/17636"}],"wp:attachment":[{"href":"https:\/\/texmexcurios.com\/es\/wp-json\/wp\/v2\/media?parent=17632"}],"wp:term":[{"taxonomy":"product_brand","embeddable":true,"href":"https:\/\/texmexcurios.com\/es\/wp-json\/wp\/v2\/product_brand?post=17632"},{"taxonomy":"product_cat","embeddable":true,"href":"https:\/\/texmexcurios.com\/es\/wp-json\/wp\/v2\/product_cat?post=17632"},{"taxonomy":"product_tag","embeddable":true,"href":"https:\/\/texmexcurios.com\/es\/wp-json\/wp\/v2\/product_tag?post=17632"}],"curies":[{"name":"wp","href":"https:\/\/api.w.org\/{rel}","templated":true}]}}