{"id":17625,"date":"2015-11-02T23:24:40","date_gmt":"2015-11-03T05:24:40","guid":{"rendered":"https:\/\/texmexcurios.com\/mano-mas-poderosa-vela-mano-poderosa\/"},"modified":"2026-03-13T06:18:46","modified_gmt":"2026-03-13T11:18:46","slug":"mano-mas-poderosa-vela-mano-poderosa","status":"publish","type":"product","link":"https:\/\/texmexcurios.com\/es\/producto\/mano-mas-poderosa-vela-mano-poderosa\/","title":{"rendered":"Mano M\u00e1s Poderosa &#8211; Vela Mano Poderosa"},"content":{"rendered":"<p>Vela Mano Poderosa &#8211; Mano Poderosa. Enciende una vela Mano Poderosa para obtener fuerza, direcci\u00f3n y gu\u00eda.  En tiempos de sufrimiento, a menudo perdemos la fe, este ritual te conceder\u00e1 el valor para afrontar las dificultades que tienes ante ti.<\/p>\n<ul>\n<li>Aroma floral y herbal<\/li>\n<li>Vela por fuerza, direcci\u00f3n y gu\u00eda<\/li>\n<li>Ver instrucciones m\u00e1s abajo<\/li>\n<\/ul>\n<p>PASO 1<br \/>\nEscribe tu petici\u00f3n, tus deseos en el papel de pergamino situado sobre la vela. Puedes utilizar las dos caras del papel. En resumen, escribe lo que deseas. Puedes incluir en el papel de pergamino detalles como nombre o nombres, d\u00eda o fechas de nacimiento, direcciones, n\u00fameros importantes, lo que creas que est\u00e1 relacionado con tu intenci\u00f3n.   <\/p>\n<p>A continuaci\u00f3n encontrar\u00e1s ejemplos de lo que puedes escribir en tu papel de pergamino para cada vela, que pueden aplicarse o no a tu situaci\u00f3n y sirven s\u00f3lo como gu\u00eda. En \u00faltima instancia, escribe tu intenci\u00f3n y lo que deseas recibir.<br \/>\nPor ejemplo: (Mano poderosa de Jes\u00fas, conc\u00e9deme fuerza y gu\u00eda). (Mano poderosa de Jes\u00fas, interviene y det\u00e9n el sufrimiento). (Mano poderosa de Jes\u00fas, conc\u00e9deme fe profunda y valor).   <\/p>\n<p>PASO 2<br \/>\nDobla 2 veces el papel de pergamino y col\u00f3calo debajo de la vela.<\/p>\n<p>PASO 3<br \/>\nReza la oraci\u00f3n de la vela, medita y visualiza lo que quieres que ocurra; Reza la oraci\u00f3n diariamente; Si la vela no incluye una oraci\u00f3n, reza tu oraci\u00f3n favorita.<\/p>\n","protected":false},"excerpt":{"rendered":"<p>Renueva tu fe<\/p>\n","protected":false},"featured_media":17628,"comment_status":"open","ping_status":"closed","template":"","meta":{"_kad_blocks_custom_css":"","_kad_blocks_head_custom_js":"","_kad_blocks_body_custom_js":"","_kad_blocks_footer_custom_js":"","_kad_post_transparent":"","_kad_post_title":"","_kad_post_layout":"","_kad_post_sidebar_id":"","_kad_post_content_style":"","_kad_post_vertical_padding":"","_kad_post_feature":"","_kad_post_feature_position":"","_kad_post_header":false,"_kad_post_footer":false,"_kad_post_classname":""},"product_brand":[],"product_cat":[3121,3141],"product_tag":[3955,3134,3138,3953,3108,3109,3954,3839,3105,3103,3159,3140,3132],"class_list":{"0":"post-17625","1":"product","2":"type-product","3":"status-publish","4":"has-post-thumbnail","6":"product_cat-multiplica-tu-dinero","7":"product_cat-mejora-tu-salud","8":"product_tag-mano-poderosa-vela-oracion","9":"product_tag-rituales-del-dinero","10":"product_tag-vela-de-la-suerte","11":"product_tag-vela-de-mano-mas-potente","12":"product_tag-vela-espiritual","13":"product_tag-vela-fija","14":"product_tag-vela-fija-mano-amiga","15":"product_tag-vela-mano-poderosa-2","16":"product_tag-velas-de-oracion-mexicanas","17":"product_tag-velas-de-santo-mexicano","18":"product_tag-velas-milagrosas","19":"product_tag-velas-para-dibujar-dinero","20":"product_tag-velas-rituales","21":"product_shipping_class-tarifa-plana-3","23":"first","24":"instock","25":"taxable","26":"shipping-taxable","27":"purchasable","28":"product-type-simple","29":"entry","30":"content-bg","31":"loop-entry"},"taxonomy_info":{"product_cat":[{"value":3121,"label":"Multiplica tu dinero"},{"value":3141,"label":"Mejora tu salud"}],"product_tag":[{"value":3955,"label":"mano poderosa vela oraci\u00f3n"},{"value":3134,"label":"rituales del dinero"},{"value":3138,"label":"vela de la suerte"},{"value":3953,"label":"Vela de mano m\u00e1s potente"},{"value":3108,"label":"vela espiritual"},{"value":3109,"label":"vela fija"},{"value":3954,"label":"vela fija mano amiga"},{"value":3839,"label":"Vela Mano Poderosa"},{"value":3105,"label":"Velas de oraci\u00f3n mexicanas"},{"value":3103,"label":"Velas de santo mexicano"},{"value":3159,"label":"velas milagrosas"},{"value":3140,"label":"velas para dibujar dinero"},{"value":3132,"label":"velas rituales"}]},"featured_image_src_large":["https:\/\/texmexcurios.com\/wp-content\/uploads\/2015\/11\/Mano-Poderosa-scented-candle-1000.jpg",1000,1000,false],"author_info":[],"comment_info":0,"_links":{"self":[{"href":"https:\/\/texmexcurios.com\/es\/wp-json\/wp\/v2\/product\/17625","targetHints":{"allow":["GET"]}}],"collection":[{"href":"https:\/\/texmexcurios.com\/es\/wp-json\/wp\/v2\/product"}],"about":[{"href":"https:\/\/texmexcurios.com\/es\/wp-json\/wp\/v2\/types\/product"}],"replies":[{"embeddable":true,"href":"https:\/\/texmexcurios.com\/es\/wp-json\/wp\/v2\/comments?post=17625"}],"wp:featuredmedia":[{"embeddable":true,"href":"https:\/\/texmexcurios.com\/es\/wp-json\/wp\/v2\/media\/17628"}],"wp:attachment":[{"href":"https:\/\/texmexcurios.com\/es\/wp-json\/wp\/v2\/media?parent=17625"}],"wp:term":[{"taxonomy":"product_brand","embeddable":true,"href":"https:\/\/texmexcurios.com\/es\/wp-json\/wp\/v2\/product_brand?post=17625"},{"taxonomy":"product_cat","embeddable":true,"href":"https:\/\/texmexcurios.com\/es\/wp-json\/wp\/v2\/product_cat?post=17625"},{"taxonomy":"product_tag","embeddable":true,"href":"https:\/\/texmexcurios.com\/es\/wp-json\/wp\/v2\/product_tag?post=17625"}],"curies":[{"name":"wp","href":"https:\/\/api.w.org\/{rel}","templated":true}]}}