{"id":17619,"date":"2018-10-29T06:42:01","date_gmt":"2018-10-29T11:42:01","guid":{"rendered":"https:\/\/texmexcurios.com\/vela-jumbo-law-stay-away\/"},"modified":"2026-03-13T07:47:36","modified_gmt":"2026-03-13T12:47:36","slug":"vela-jumbo-law-stay-away","status":"publish","type":"product","link":"https:\/\/texmexcurios.com\/es\/producto\/vela-jumbo-law-stay-away\/","title":{"rendered":"Vela Jumbo Law Stay Away"},"content":{"rendered":"<p>Enciende una vela Jumbo Law Stay Away para detener el acoso policial, para protegerte de las \u00f3rdenes de detenci\u00f3n, para detener los abusos policiales y por la justicia social. Las velas espirituales se fijan con hierbas m\u00e1gicas, aceites espirituales y cristales curativos.<\/p>\n<ul>\n<li>Vela de oraci\u00f3n inspirada en \u00e1ngeles y santos<\/li>\n<li>La vela Jumbo arde de 10 a 14 d\u00edas<\/li>\n<li>Vela sin aroma<\/li>\n<li>Ver las instrucciones a continuaci\u00f3n<\/li>\n<\/ul>\n<p>PASO 1<br \/>\nEscribe tu petici\u00f3n, tus deseos en el papel de pergamino situado sobre la vela. Puedes utilizar las dos caras del papel. En resumen, escribe lo que deseas. Puedes incluir en el papel de pergamino detalles como nombre o nombres, d\u00eda o fechas de nacimiento, direcciones, n\u00fameros importantes, lo que creas que est\u00e1 relacionado con tu intenci\u00f3n.   <\/p>\n<p>A continuaci\u00f3n encontrar\u00e1s ejemplos de lo que puedes escribir en tu papel de pergamino para cada vela, que pueden aplicarse o no a tu situaci\u00f3n y sirven s\u00f3lo como gu\u00eda. En \u00faltima instancia, escribe tu intenci\u00f3n y lo que deseas recibir.<br \/>\n(Detener el acoso policial) Incluye tu nombre y fecha de nacimiento. (Proteger a mi familia de la polic\u00eda) Incluye el nombre de la familia. (Medito y rezo para tener una direcci\u00f3n positiva en la vida).    <\/p>\n<p>PASO 2<br \/>\nDobla 2 veces el papel de pergamino y col\u00f3calo debajo de la vela.<\/p>\n<p>PASO 3<br \/>\nReza la oraci\u00f3n de la vela, medita y visualiza lo que quieres que ocurra; Reza la oraci\u00f3n diariamente; Si la vela no incluye una oraci\u00f3n, reza tu oraci\u00f3n favorita.<\/p>\n","protected":false},"excerpt":{"rendered":"<p>Detiene el acoso legal<\/p>\n","protected":false},"featured_media":17622,"comment_status":"open","ping_status":"closed","template":"","meta":{"_kad_blocks_custom_css":"","_kad_blocks_head_custom_js":"","_kad_blocks_body_custom_js":"","_kad_blocks_footer_custom_js":"","_kad_post_transparent":"","_kad_post_title":"","_kad_post_layout":"","_kad_post_sidebar_id":"","_kad_post_content_style":"","_kad_post_vertical_padding":"","_kad_post_feature":"","_kad_post_feature_position":"","_kad_post_header":false,"_kad_post_footer":false,"_kad_post_classname":""},"product_brand":[],"product_cat":[3097],"product_tag":[3248,3247,3246,3111,3130,3249,3245,3866,4190,3104,3840,3197],"class_list":{"0":"post-17619","1":"product","2":"type-product","3":"status-publish","4":"has-post-thumbnail","6":"product_cat-gana-tu-caso-judicial","7":"product_tag-ley-fija-mantente-alejado-vela","8":"product_tag-ley-mantente-alejado-oracion","9":"product_tag-ley-mantente-alejado-vela-oracion","10":"product_tag-rituales-de-los-juicios","11":"product_tag-vela-compuesta","12":"product_tag-vela-contra-la-ley","13":"product_tag-vela-de-alejamiento-de-la-ley","14":"product_tag-vela-jumbo-de-14-dias","15":"product_tag-vela-jumbo-law-stay-away","16":"product_tag-velas-espirituales","17":"product_tag-velas-fijas","18":"product_tag-velas-metafisicas","19":"product_shipping_class-tarifa-plana-8","21":"first","22":"instock","23":"taxable","24":"shipping-taxable","25":"purchasable","26":"product-type-simple","27":"entry","28":"content-bg","29":"loop-entry"},"taxonomy_info":{"product_cat":[{"value":3097,"label":"Gana tu caso judicial"}],"product_tag":[{"value":3248,"label":"ley fija mantente alejado vela"},{"value":3247,"label":"ley mantente alejado oraci\u00f3n"},{"value":3246,"label":"ley mantente alejado vela oraci\u00f3n"},{"value":3111,"label":"rituales de los juicios"},{"value":3130,"label":"vela compuesta"},{"value":3249,"label":"vela contra la ley"},{"value":3245,"label":"Vela de alejamiento de la ley"},{"value":3866,"label":"vela jumbo de 14 d\u00edas"},{"value":4190,"label":"Vela Jumbo Law Stay Away"},{"value":3104,"label":"Velas espirituales"},{"value":3840,"label":"velas fijas"},{"value":3197,"label":"velas metaf\u00edsicas"}]},"featured_image_src_large":["https:\/\/texmexcurios.com\/wp-content\/uploads\/2018\/10\/Law-Stay-Away-Jumbo-Candle-1000.jpg",1000,1000,false],"author_info":[],"comment_info":0,"_links":{"self":[{"href":"https:\/\/texmexcurios.com\/es\/wp-json\/wp\/v2\/product\/17619","targetHints":{"allow":["GET"]}}],"collection":[{"href":"https:\/\/texmexcurios.com\/es\/wp-json\/wp\/v2\/product"}],"about":[{"href":"https:\/\/texmexcurios.com\/es\/wp-json\/wp\/v2\/types\/product"}],"replies":[{"embeddable":true,"href":"https:\/\/texmexcurios.com\/es\/wp-json\/wp\/v2\/comments?post=17619"}],"wp:featuredmedia":[{"embeddable":true,"href":"https:\/\/texmexcurios.com\/es\/wp-json\/wp\/v2\/media\/17622"}],"wp:attachment":[{"href":"https:\/\/texmexcurios.com\/es\/wp-json\/wp\/v2\/media?parent=17619"}],"wp:term":[{"taxonomy":"product_brand","embeddable":true,"href":"https:\/\/texmexcurios.com\/es\/wp-json\/wp\/v2\/product_brand?post=17619"},{"taxonomy":"product_cat","embeddable":true,"href":"https:\/\/texmexcurios.com\/es\/wp-json\/wp\/v2\/product_cat?post=17619"},{"taxonomy":"product_tag","embeddable":true,"href":"https:\/\/texmexcurios.com\/es\/wp-json\/wp\/v2\/product_tag?post=17619"}],"curies":[{"name":"wp","href":"https:\/\/api.w.org\/{rel}","templated":true}]}}