{"id":17608,"date":"2019-10-14T09:33:05","date_gmt":"2019-10-14T14:33:05","guid":{"rendered":"https:\/\/texmexcurios.com\/vela-san-expedito\/"},"modified":"2026-03-13T07:10:13","modified_gmt":"2026-03-13T12:10:13","slug":"vela-san-expedito","status":"publish","type":"product","link":"https:\/\/texmexcurios.com\/es\/producto\/vela-san-expedito\/","title":{"rendered":"Vela San Expedito"},"content":{"rendered":"<p>Enciende una vela de San Expedito si necesitas ayuda r\u00e1pida para resolver problemas econ\u00f3micos graves.<\/p>\n<ul>\n<li>Concede deseos r\u00e1pidamente<\/li>\n<li>Aroma floral y herbal<\/li>\n<li>Ver instrucciones m\u00e1s abajo<\/li>\n<\/ul>\n<p>PASO 1<br \/>\nEscribe tu petici\u00f3n, tus deseos en el papel de pergamino situado sobre la vela. Puedes utilizar las dos caras del papel. En resumen, escribe lo que deseas. Puedes incluir en el papel de pergamino detalles como nombre o nombres, d\u00eda o fechas de nacimiento, direcciones, n\u00fameros importantes, lo que creas que est\u00e1 relacionado con tu intenci\u00f3n.   <\/p>\n<p>A continuaci\u00f3n encontrar\u00e1s ejemplos de lo que puedes escribir en tu papel de pergamino para cada vela, que pueden aplicarse o no a tu situaci\u00f3n y sirven s\u00f3lo como gu\u00eda. En definitiva, escribe tu intenci\u00f3n y lo que quieres recibir.<br \/>\nPor ejemplo: (San Expedito, necesito ayuda Inmediata con &#8230;&#8230;&#8230;..). (San Expedito y sin demora mejora mi situaci\u00f3n). (San Expedito, lib\u00e9rame de esta ansiedad y conc\u00e9deme fuerzas).   <\/p>\n<p>PASO 2<br \/>\nDobla 2 veces el papel de pergamino y col\u00f3calo debajo de la vela.<\/p>\n<p>PASO 3<br \/>\nReza la oraci\u00f3n de la vela, medita y visualiza lo que quieres que ocurra; Reza la oraci\u00f3n diariamente; Si la vela no incluye una oraci\u00f3n, reza tu oraci\u00f3n favorita.<\/p>\n","protected":false},"excerpt":{"rendered":"<p>Subvenciones Resultado r\u00e1pido<\/p>\n","protected":false},"featured_media":18369,"comment_status":"open","ping_status":"closed","template":"","meta":{"_kad_blocks_custom_css":"","_kad_blocks_head_custom_js":"","_kad_blocks_body_custom_js":"","_kad_blocks_footer_custom_js":"","_kad_post_transparent":"","_kad_post_title":"","_kad_post_layout":"","_kad_post_sidebar_id":"","_kad_post_content_style":"","_kad_post_vertical_padding":"","_kad_post_feature":"","_kad_post_feature_position":"","_kad_post_header":false,"_kad_post_footer":false,"_kad_post_classname":""},"product_brand":[],"product_cat":[3121,3171],"product_tag":[3208,4126,3204,3134,4132,4124,4131,4127,4130,4128,4129,4123,3106,3105,3103,3104,3140,3132],"class_list":{"0":"post-17608","1":"product","2":"type-product","3":"status-publish","4":"has-post-thumbnail","6":"product_cat-multiplica-tu-dinero","7":"product_cat-gana-al-juego","8":"product_tag-buena-suerte-velas","9":"product_tag-oracion-de-san-expedito","10":"product_tag-rituales-de-juego","11":"product_tag-rituales-del-dinero","12":"product_tag-san-expedito","13":"product_tag-san-expedito-oracion","14":"product_tag-vela-de-oracion-mexicana","15":"product_tag-vela-de-san-expedito","16":"product_tag-vela-de-san-expedito-de-7-dias","17":"product_tag-vela-fija-san-expedito","18":"product_tag-vela-fija-st-expedito","19":"product_tag-vela-san-expedito","20":"product_tag-velas-compuestas","21":"product_tag-velas-de-oracion-mexicanas","22":"product_tag-velas-de-santo-mexicano","23":"product_tag-velas-espirituales","24":"product_tag-velas-para-dibujar-dinero","25":"product_tag-velas-rituales","26":"product_shipping_class-tarifa-plana-3","28":"first","29":"instock","30":"taxable","31":"shipping-taxable","32":"purchasable","33":"product-type-simple","34":"entry","35":"content-bg","36":"loop-entry"},"taxonomy_info":{"product_cat":[{"value":3121,"label":"Multiplica tu dinero"},{"value":3171,"label":"Gana al juego"}],"product_tag":[{"value":3208,"label":"buena suerte velas"},{"value":4126,"label":"Oraci\u00f3n de San Expedito"},{"value":3204,"label":"rituales de juego"},{"value":3134,"label":"rituales del dinero"},{"value":4132,"label":"San Expedito"},{"value":4124,"label":"San Expedito oracion"},{"value":4131,"label":"Vela de oraci\u00f3n mexicana"},{"value":4127,"label":"Vela de San Expedito"},{"value":4130,"label":"Vela de San expedito de 7 d\u00edas"},{"value":4128,"label":"vela fija San Expedito"},{"value":4129,"label":"vela fija St. Expedito"},{"value":4123,"label":"Vela San Expedito"},{"value":3106,"label":"velas compuestas"},{"value":3105,"label":"Velas de oraci\u00f3n mexicanas"},{"value":3103,"label":"Velas de santo mexicano"},{"value":3104,"label":"Velas espirituales"},{"value":3140,"label":"velas para dibujar dinero"},{"value":3132,"label":"velas rituales"}]},"featured_image_src_large":["https:\/\/texmexcurios.com\/wp-content\/uploads\/2019\/10\/Expedito-scented-candle-1000.jpg",1000,1000,false],"author_info":[],"comment_info":0,"_links":{"self":[{"href":"https:\/\/texmexcurios.com\/es\/wp-json\/wp\/v2\/product\/17608","targetHints":{"allow":["GET"]}}],"collection":[{"href":"https:\/\/texmexcurios.com\/es\/wp-json\/wp\/v2\/product"}],"about":[{"href":"https:\/\/texmexcurios.com\/es\/wp-json\/wp\/v2\/types\/product"}],"replies":[{"embeddable":true,"href":"https:\/\/texmexcurios.com\/es\/wp-json\/wp\/v2\/comments?post=17608"}],"wp:featuredmedia":[{"embeddable":true,"href":"https:\/\/texmexcurios.com\/es\/wp-json\/wp\/v2\/media\/18369"}],"wp:attachment":[{"href":"https:\/\/texmexcurios.com\/es\/wp-json\/wp\/v2\/media?parent=17608"}],"wp:term":[{"taxonomy":"product_brand","embeddable":true,"href":"https:\/\/texmexcurios.com\/es\/wp-json\/wp\/v2\/product_brand?post=17608"},{"taxonomy":"product_cat","embeddable":true,"href":"https:\/\/texmexcurios.com\/es\/wp-json\/wp\/v2\/product_cat?post=17608"},{"taxonomy":"product_tag","embeddable":true,"href":"https:\/\/texmexcurios.com\/es\/wp-json\/wp\/v2\/product_tag?post=17608"}],"curies":[{"name":"wp","href":"https:\/\/api.w.org\/{rel}","templated":true}]}}