{"id":17596,"date":"2019-10-14T09:42:45","date_gmt":"2019-10-14T14:42:45","guid":{"rendered":"https:\/\/texmexcurios.com\/vela-de-estudiante\/"},"modified":"2026-03-13T07:25:49","modified_gmt":"2026-03-13T12:25:49","slug":"vela-de-estudiante","status":"publish","type":"product","link":"https:\/\/texmexcurios.com\/es\/producto\/vela-de-estudiante\/","title":{"rendered":"Vela de estudiante"},"content":{"rendered":"<p>Enciende una vela de estudiante para ayudar a un estudiante con la concentraci\u00f3n mental, las buenas notas, la graduaci\u00f3n y para alejar las malas influencias.<\/p>\n<ul>\n<li>Aroma floral y herbal<\/li>\n<li>Ver instrucciones m\u00e1s abajo<\/li>\n<\/ul>\n<p>PASO 1<br \/>\nEscribe tu petici\u00f3n, tus deseos en el papel de pergamino situado sobre la vela. Puedes utilizar las dos caras del papel. En resumen, escribe lo que deseas. Puedes incluir en el papel de pergamino detalles como nombre o nombres, d\u00eda o fechas de nacimiento, direcciones, n\u00fameros importantes, lo que creas que est\u00e1 relacionado con tu intenci\u00f3n.   <\/p>\n<p>A continuaci\u00f3n encontrar\u00e1s ejemplos de lo que puedes escribir en tu papel de pergamino para cada vela, que pueden aplicarse o no a tu situaci\u00f3n y sirven s\u00f3lo como gu\u00eda. En \u00faltima instancia, escribe tu intenci\u00f3n y lo que quieres recibir.<br \/>\nPor ejemplo: (Protege a &#8230;&#8230;&#8230;&#8230;. de las influencias negativas). (Concede a &#8230;&#8230;&#8230;&#8230;&#8230;.. buenas notas para la graduaci\u00f3n). (Ayuda a &#8230;&#8230;&#8230;&#8230;&#8230; a alcanzar sus objetivos en la escuela).   <\/p>\n<p>PASO 2<br \/>\nDobla el papel de pergamino 2 veces y col\u00f3calo debajo de la vela.<br \/>\nPASO 3<br \/>\nReza la oraci\u00f3n sobre la vela, medita y visualiza lo que quieres que ocurra; Reza la oraci\u00f3n a diario; Si la vela no incluye una oraci\u00f3n, reza tu oraci\u00f3n favorita.<\/p>\n","protected":false},"excerpt":{"rendered":"<p>Elimina las malas influencias<\/p>\n","protected":false},"featured_media":17600,"comment_status":"open","ping_status":"closed","template":"","meta":{"_kad_blocks_custom_css":"","_kad_blocks_head_custom_js":"","_kad_blocks_body_custom_js":"","_kad_blocks_footer_custom_js":"","_kad_post_transparent":"","_kad_post_title":"","_kad_post_layout":"","_kad_post_sidebar_id":"","_kad_post_content_style":"","_kad_post_vertical_padding":"","_kad_post_feature":"","_kad_post_feature_position":"","_kad_post_header":false,"_kad_post_footer":false,"_kad_post_classname":""},"product_brand":[],"product_cat":[3100],"product_tag":[4179,3110,4177,4181,4178,3107,3104,3197],"class_list":{"0":"post-17596","1":"product","2":"type-product","3":"status-publish","4":"has-post-thumbnail","6":"product_cat-protege-del-dano","7":"product_tag-hechizo-para-el-exito-estudiantil","8":"product_tag-rituales-de-proteccion","9":"product_tag-vela-de-estudiante","10":"product_tag-vela-del-estudiante","11":"product_tag-vela-educativa","12":"product_tag-velas-curativas","13":"product_tag-velas-espirituales","14":"product_tag-velas-metafisicas","15":"product_shipping_class-tarifa-plana-3","17":"first","18":"instock","19":"taxable","20":"shipping-taxable","21":"purchasable","22":"product-type-simple","23":"entry","24":"content-bg","25":"loop-entry"},"taxonomy_info":{"product_cat":[{"value":3100,"label":"Protege del da\u00f1o"}],"product_tag":[{"value":4179,"label":"hechizo para el \u00e9xito estudiantil"},{"value":3110,"label":"rituales de protecci\u00f3n"},{"value":4177,"label":"Vela de estudiante"},{"value":4181,"label":"vela del estudiante"},{"value":4178,"label":"vela educativa"},{"value":3107,"label":"velas curativas"},{"value":3104,"label":"Velas espirituales"},{"value":3197,"label":"velas metaf\u00edsicas"}]},"featured_image_src_large":["https:\/\/texmexcurios.com\/wp-content\/uploads\/2019\/10\/Student-scented-candle-1000.jpg",1000,1000,false],"author_info":[],"comment_info":0,"_links":{"self":[{"href":"https:\/\/texmexcurios.com\/es\/wp-json\/wp\/v2\/product\/17596","targetHints":{"allow":["GET"]}}],"collection":[{"href":"https:\/\/texmexcurios.com\/es\/wp-json\/wp\/v2\/product"}],"about":[{"href":"https:\/\/texmexcurios.com\/es\/wp-json\/wp\/v2\/types\/product"}],"replies":[{"embeddable":true,"href":"https:\/\/texmexcurios.com\/es\/wp-json\/wp\/v2\/comments?post=17596"}],"wp:featuredmedia":[{"embeddable":true,"href":"https:\/\/texmexcurios.com\/es\/wp-json\/wp\/v2\/media\/17600"}],"wp:attachment":[{"href":"https:\/\/texmexcurios.com\/es\/wp-json\/wp\/v2\/media?parent=17596"}],"wp:term":[{"taxonomy":"product_brand","embeddable":true,"href":"https:\/\/texmexcurios.com\/es\/wp-json\/wp\/v2\/product_brand?post=17596"},{"taxonomy":"product_cat","embeddable":true,"href":"https:\/\/texmexcurios.com\/es\/wp-json\/wp\/v2\/product_cat?post=17596"},{"taxonomy":"product_tag","embeddable":true,"href":"https:\/\/texmexcurios.com\/es\/wp-json\/wp\/v2\/product_tag?post=17596"}],"curies":[{"name":"wp","href":"https:\/\/api.w.org\/{rel}","templated":true}]}}