{"id":17558,"date":"2022-05-02T05:52:50","date_gmt":"2022-05-02T10:52:50","guid":{"rendered":"https:\/\/texmexcurios.com\/abre-camino-velas-abre-caminos\/"},"modified":"2026-03-23T07:58:42","modified_gmt":"2026-03-23T12:58:42","slug":"abre-camino-velas-abre-caminos","status":"publish","type":"product","link":"https:\/\/texmexcurios.com\/es\/producto\/abre-camino-velas-abre-caminos\/","title":{"rendered":"Abre Camino &#8211; Velas Abre Caminos"},"content":{"rendered":"<p>Abre Camino &#8211; Velas Abre Camino. Realiza un ritual con velas de apertura del camino de 3 semanas para abrir nuevas oportunidades en tu vida. Ritual con velas para los nuevos comienzos, el \u00e9xito y la prosperidad. Te ayuda a alcanzar tus objetivos en la vida.<br \/>\nLas velas espirituales se fijan con hierbas m\u00e1gicas, aceites espirituales y cristales curativos.<\/p>\n<ul>\n<li>Vela de oraci\u00f3n inspirada en \u00e1ngeles y santos<\/li>\n<li>La compra incluye 3 velas fijas<\/li>\n<li>Vela sin aroma<\/li>\n<li>Ver las instrucciones a continuaci\u00f3n<\/li>\n<\/ul>\n<p>PASO 1<br \/>\nEscribe tu petici\u00f3n, tus deseos en el papel de pergamino situado sobre la vela. Puedes utilizar las dos caras del papel. En resumen, escribe lo que deseas. Puedes incluir en el papel de pergamino detalles como nombre o nombres, d\u00eda o fechas de nacimiento, direcciones, n\u00fameros importantes, lo que creas que est\u00e1 relacionado con tu intenci\u00f3n.   <\/p>\n<p>A continuaci\u00f3n encontrar\u00e1s ejemplos de lo que puedes escribir en tu papel de pergamino para cada vela, que pueden aplicarse o no a tu situaci\u00f3n y sirven s\u00f3lo como gu\u00eda. En \u00faltima instancia, escribe tu intenci\u00f3n y lo que quieres recibir.<br \/>\nPor ejemplo: (\u00c1breme las puertas a una vida mejor) Incluye tu nombre y tu fecha de nacimiento. (Concede a mi familia \u00e9xito y prosperidad) Incluye el nombre de la familia. (Medito y rezo por una direcci\u00f3n nueva y positiva en la vida).    <\/p>\n<p>PASO 2<br \/>\nDobla 2 veces el papel de pergamino y col\u00f3calo debajo de la vela.<\/p>\n<p>PASO 3<br \/>\nReza la oraci\u00f3n de la vela, medita y visualiza lo que quieres que ocurra; Reza la oraci\u00f3n diariamente; Si la vela no incluye una oraci\u00f3n, reza tu oraci\u00f3n favorita.<\/p>\n<p>Nota: Puedes realizar un trabajo con velas de 3 semanas quemando una vela por semana o disponer las tres velas en forma de tri\u00e1ngulo y quemarlas todas a la vez. Te recomendamos que empieces enseguida tu trabajo de quema de velas. <\/p>\n","protected":false},"excerpt":{"rendered":"<p>Abre nuevas oportunidades<\/p>\n","protected":false},"featured_media":17560,"comment_status":"open","ping_status":"closed","template":"","meta":{"_kad_blocks_custom_css":"","_kad_blocks_head_custom_js":"","_kad_blocks_body_custom_js":"","_kad_blocks_footer_custom_js":"","_kad_post_transparent":"","_kad_post_title":"","_kad_post_layout":"","_kad_post_sidebar_id":"","_kad_post_content_style":"","_kad_post_vertical_padding":"","_kad_post_feature":"","_kad_post_feature_position":"","_kad_post_header":false,"_kad_post_footer":false,"_kad_post_classname":""},"product_brand":[],"product_cat":[3121,3171],"product_tag":[3932,3208,4152,3933,3935,3204,3260,3257,3139,3108,3109,3236,3934,3106,3104,3197,3140,3132],"class_list":{"0":"post-17558","1":"product","2":"type-product","3":"status-publish","4":"has-post-thumbnail","6":"product_cat-multiplica-tu-dinero","7":"product_cat-gana-al-juego","8":"product_tag-apertura-del-camino-oracion-mexicana","9":"product_tag-buena-suerte-velas","10":"product_tag-dinero-rituales-vela-de-la-suerte","11":"product_tag-oracion-con-velas-abre-camino","12":"product_tag-oracion-con-velas-abre-camino-en-ingles","13":"product_tag-rituales-de-juego","14":"product_tag-vela-abre-camino","15":"product_tag-vela-abrecaminos","16":"product_tag-vela-de-7-dias","17":"product_tag-vela-espiritual","18":"product_tag-vela-fija","19":"product_tag-vela-para-dibujar-dinero","20":"product_tag-vela-preparada-abrecaminos","21":"product_tag-velas-compuestas","22":"product_tag-velas-espirituales","23":"product_tag-velas-metafisicas","24":"product_tag-velas-para-dibujar-dinero","25":"product_tag-velas-rituales","26":"product_shipping_class-tarifa-plana-3","28":"first","29":"instock","30":"taxable","31":"shipping-taxable","32":"purchasable","33":"product-type-simple","34":"entry","35":"content-bg","36":"loop-entry"},"taxonomy_info":{"product_cat":[{"value":3121,"label":"Multiplica tu dinero"},{"value":3171,"label":"Gana al juego"}],"product_tag":[{"value":3932,"label":"apertura del camino oraci\u00f3n mexicana"},{"value":3208,"label":"buena suerte velas"},{"value":4152,"label":"dinero rituales vela de la suerte"},{"value":3933,"label":"Oraci\u00f3n con velas Abre camino"},{"value":3935,"label":"Oraci\u00f3n con velas Abre camino en ingl\u00e9s"},{"value":3204,"label":"rituales de juego"},{"value":3260,"label":"Vela Abre Camino"},{"value":3257,"label":"Vela Abrecaminos"},{"value":3139,"label":"Vela de 7 d\u00edas"},{"value":3108,"label":"vela espiritual"},{"value":3109,"label":"vela fija"},{"value":3236,"label":"vela para dibujar dinero"},{"value":3934,"label":"vela preparada abrecaminos"},{"value":3106,"label":"velas compuestas"},{"value":3104,"label":"Velas espirituales"},{"value":3197,"label":"velas metaf\u00edsicas"},{"value":3140,"label":"velas para dibujar dinero"},{"value":3132,"label":"velas rituales"}]},"featured_image_src_large":["https:\/\/texmexcurios.com\/wp-content\/uploads\/2022\/05\/Abre-Camino-Road-Opener-Candles-1000.jpg",1000,1000,false],"author_info":[],"comment_info":0,"_links":{"self":[{"href":"https:\/\/texmexcurios.com\/es\/wp-json\/wp\/v2\/product\/17558","targetHints":{"allow":["GET"]}}],"collection":[{"href":"https:\/\/texmexcurios.com\/es\/wp-json\/wp\/v2\/product"}],"about":[{"href":"https:\/\/texmexcurios.com\/es\/wp-json\/wp\/v2\/types\/product"}],"replies":[{"embeddable":true,"href":"https:\/\/texmexcurios.com\/es\/wp-json\/wp\/v2\/comments?post=17558"}],"wp:featuredmedia":[{"embeddable":true,"href":"https:\/\/texmexcurios.com\/es\/wp-json\/wp\/v2\/media\/17560"}],"wp:attachment":[{"href":"https:\/\/texmexcurios.com\/es\/wp-json\/wp\/v2\/media?parent=17558"}],"wp:term":[{"taxonomy":"product_brand","embeddable":true,"href":"https:\/\/texmexcurios.com\/es\/wp-json\/wp\/v2\/product_brand?post=17558"},{"taxonomy":"product_cat","embeddable":true,"href":"https:\/\/texmexcurios.com\/es\/wp-json\/wp\/v2\/product_cat?post=17558"},{"taxonomy":"product_tag","embeddable":true,"href":"https:\/\/texmexcurios.com\/es\/wp-json\/wp\/v2\/product_tag?post=17558"}],"curies":[{"name":"wp","href":"https:\/\/api.w.org\/{rel}","templated":true}]}}