{"id":17549,"date":"2022-05-16T05:39:15","date_gmt":"2022-05-16T10:39:15","guid":{"rendered":"https:\/\/texmexcurios.com\/conjunto-de-libros-cruz-de-caravaca\/"},"modified":"2026-04-09T06:59:47","modified_gmt":"2026-04-09T11:59:47","slug":"conjunto-de-libros-cruz-de-caravaca","status":"publish","type":"product","link":"https:\/\/texmexcurios.com\/es\/producto\/conjunto-de-libros-cruz-de-caravaca\/","title":{"rendered":"Conjunto de libros Cruz de Caravaca"},"content":{"rendered":"<p>&#8220;Cruz de Caravaca: Versi\u00f3n moderna en ingl\u00e9s&#8221;, de Luz \u00c1ngel. La versi\u00f3n moderna en ingl\u00e9s del libro Cruz de Caravaca ense\u00f1a la historia y los misterios de esta poderosa cruz que se remonta a siglos atr\u00e1s. El libro tambi\u00e9n te proporciona sencillas instrucciones rituales paso a paso de la Cruz de Caravaca para protegerte de los malos vecinos, los enemigos, los compa\u00f1eros de trabajo y la ley. Estas instrucciones rituales incluyen rituales para atraer dinero a tu casa o negocio, rituales para la curaci\u00f3n, la buena salud, la prosperidad y el amor. Tambi\u00e9n se incluyen oraciones populares en honor a la Cruz de Caravaca.    <\/p>\n<p>El lote de libros incluye la versi\u00f3n moderna en ingl\u00e9s, as\u00ed como la versi\u00f3n moderna en espa\u00f1ol: &#8220;Cruz de Caravaca: Versi\u00f3n Moderna Espa\u00f1ola&#8221;, de Luz \u00c1ngel. El libro de oraciones de la colecci\u00f3n Cruz de Caravaca promueve la salud mental positiva, el valor, la protecci\u00f3n, el amor, la limpieza y la buena suerte en tu trayectoria profesional y educativa. Este libro de oraciones te ense\u00f1ar\u00e1 poderosas oraciones hist\u00f3ricas que tocan muchos aspectos de la vida. Reza estas oraciones especiales para restablecer la fe y la esperanza, de modo que puedas trabajar hacia un camino positivo. Todas las oraciones de este libro son biling\u00fces, en espa\u00f1ol e ingl\u00e9s. &#8220;Cruz de Caravaca: Colecci\u00f3n de Oraciones, Cruz de Caravaca: Colecci\u00f3n de Oraciones&#8221;, de Luz \u00c1ngel.     <\/p>\n<ul>\n<li>Compra la Colecci\u00f3n Caravaca de Libros con descuento<\/li>\n<li>Estos libros te llevar\u00e1n a un viaje espiritual que cambiar\u00e1 tu vida para siempre<\/li>\n<li>Todas las oraciones de este libro son biling\u00fces, en ingl\u00e9s y espa\u00f1ol<\/li>\n<li>El regalo perfecto para los devotos de las creencias y tradiciones de la Cruz de Caravaca<\/li>\n<\/ul>\n","protected":false},"excerpt":{"rendered":"<p>Colecci\u00f3n de libros Cruz de Caravaca<\/p>\n","protected":false},"featured_media":17113,"comment_status":"open","ping_status":"closed","template":"","meta":{"_kad_blocks_custom_css":"","_kad_blocks_head_custom_js":"","_kad_blocks_body_custom_js":"","_kad_blocks_footer_custom_js":"","_kad_post_transparent":"","_kad_post_title":"","_kad_post_layout":"","_kad_post_sidebar_id":"","_kad_post_content_style":"","_kad_post_vertical_padding":"","_kad_post_feature":"","_kad_post_feature_position":"","_kad_post_header":false,"_kad_post_footer":false,"_kad_post_classname":""},"product_brand":[],"product_cat":[3320],"product_tag":[3322,3321,3328,3325,3329,3812,3326,3327,3323,3324],"class_list":{"0":"post-17549","1":"product","2":"type-product","3":"status-publish","4":"has-post-thumbnail","6":"product_cat-cruz-de-los-milagros","7":"product_tag-coleccion-de-libros-de-la-cruz-de-caravaca","8":"product_tag-cruz-de-caravaca","9":"product_tag-cruz-de-caravaca-version-espanola-moderna-significado-de-la-santa-cruz-de-caravaca","10":"product_tag-cruz-de-cruz-de-caravaca","11":"product_tag-cruz-milagrosa","12":"product_tag-libro-cruz-de-caravaca-2","13":"product_tag-libro-cruz-de-caravaca","14":"product_tag-libro-la-santa-cruz-de-caravaca","15":"product_tag-rituales-de-la-cruz-de-caravaca","16":"product_tag-santa-cruz-de-caravaca","17":"product_shipping_class-tarifa-plana-3","19":"first","20":"instock","21":"taxable","22":"shipping-taxable","23":"purchasable","24":"product-type-simple","25":"entry","26":"content-bg","27":"loop-entry"},"taxonomy_info":{"product_cat":[{"value":3320,"label":"Cruz de los Milagros"}],"product_tag":[{"value":3322,"label":"Colecci\u00f3n de Libros de la Cruz de Caravaca"},{"value":3321,"label":"Cruz de Caravaca"},{"value":3328,"label":"Cruz de Caravaca versi\u00f3n espa\u00f1ola moderna. Significado de la santa cruz de caravaca"},{"value":3325,"label":"Cruz de Cruz de Caravaca"},{"value":3329,"label":"cruz milagrosa"},{"value":3812,"label":"Libro Cruz de Caravaca"},{"value":3326,"label":"Libro Cruz de Caravaca"},{"value":3327,"label":"libro la santa cruz de caravaca"},{"value":3323,"label":"Rituales de la Cruz de Caravaca"},{"value":3324,"label":"Santa Cruz de Caravaca"}]},"featured_image_src_large":["https:\/\/texmexcurios.com\/wp-content\/uploads\/2024\/08\/Cruz-de-Caravaca-Book-Bundle-Set-1000.jpg",1000,1000,false],"author_info":[],"comment_info":0,"_links":{"self":[{"href":"https:\/\/texmexcurios.com\/es\/wp-json\/wp\/v2\/product\/17549","targetHints":{"allow":["GET"]}}],"collection":[{"href":"https:\/\/texmexcurios.com\/es\/wp-json\/wp\/v2\/product"}],"about":[{"href":"https:\/\/texmexcurios.com\/es\/wp-json\/wp\/v2\/types\/product"}],"replies":[{"embeddable":true,"href":"https:\/\/texmexcurios.com\/es\/wp-json\/wp\/v2\/comments?post=17549"}],"wp:featuredmedia":[{"embeddable":true,"href":"https:\/\/texmexcurios.com\/es\/wp-json\/wp\/v2\/media\/17113"}],"wp:attachment":[{"href":"https:\/\/texmexcurios.com\/es\/wp-json\/wp\/v2\/media?parent=17549"}],"wp:term":[{"taxonomy":"product_brand","embeddable":true,"href":"https:\/\/texmexcurios.com\/es\/wp-json\/wp\/v2\/product_brand?post=17549"},{"taxonomy":"product_cat","embeddable":true,"href":"https:\/\/texmexcurios.com\/es\/wp-json\/wp\/v2\/product_cat?post=17549"},{"taxonomy":"product_tag","embeddable":true,"href":"https:\/\/texmexcurios.com\/es\/wp-json\/wp\/v2\/product_tag?post=17549"}],"curies":[{"name":"wp","href":"https:\/\/api.w.org\/{rel}","templated":true}]}}