{"id":17544,"date":"2022-06-07T09:16:36","date_gmt":"2022-06-07T14:16:36","guid":{"rendered":"https:\/\/texmexcurios.com\/4-velas-de-caso-judicial\/"},"modified":"2026-03-27T11:14:55","modified_gmt":"2026-03-27T16:14:55","slug":"4-velas-de-caso-judicial","status":"publish","type":"product","link":"https:\/\/texmexcurios.com\/es\/producto\/4-velas-de-caso-judicial\/","title":{"rendered":"4 Velas de Caso Judicial"},"content":{"rendered":"<p>Realiza un ritual de Velas para Casos Judiciales de 4 semanas de duraci\u00f3n para obtener la victoria en un caso judicial o pleito, justicia e imparcialidad, simpat\u00eda del juez y el jurado, buena suerte en la sentencia, para obtener la libertad condicional y para evitar falsos testimonios. Concede esperanza, tranquilidad y detiene las habladur\u00edas. <\/p>\n<ul>\n<li>La compra incluye 4 velas<\/li>\n<li>Velas arom\u00e1ticas florales y herbales<\/li>\n<li>Ver las instrucciones a continuaci\u00f3n<\/li>\n<\/ul>\n<p>Semana 1: Comienza con la vela del Nonato de San Ram\u00f3n.San Ram\u00f3n intervendr\u00e1 en tu caso para detener los falsos testimonios de la parte contraria, o las mentiras durante el juicio, la mediaci\u00f3n o las negociaciones<\/p>\n<p>Semana 2: Enciende la vela de Justo Juez. Justo Juez intervendr\u00e1 para que t\u00fa y\/o tu familiar teng\u00e1is un juicio justo y\/o una evaluaci\u00f3n justa de vuestro caso. Justo Juez tambi\u00e9n intervendr\u00e1 en tu nombre para pedir amor, misericordia y un veredicto positivo.  <\/p>\n<p>Semana 3: La luz es la vela de la victoria del caso judicial para que puedas ganar tu caso.<\/p>\n<p>Semana 4: Enciende la vela &#8220;La Ley se aleja&#8221;. Este trabajo de la vela mantendr\u00e1 los asuntos legales alejados de ti y\/o de tu familia. <\/p>\n<p><strong>Para cada vela, realiza los siguientes pasos:<\/strong><br \/>\nPaso 1<br \/>\nEscribe tu petici\u00f3n, tus deseos, en el papel de pergamino situado sobre la vela. Puedes utilizar las dos caras del papel. En resumen, escribe lo que deseas. Puedes incluir en el papel de pergamino detalles como nombre o nombres, d\u00eda o fechas de nacimiento, direcciones, n\u00fameros importantes, lo que creas que est\u00e1 relacionado con tu intenci\u00f3n.   <\/p>\n<p>Paso 2<br \/>\nDobla 2 veces el papel de pergamino y col\u00f3calo debajo de la vela.<\/p>\n<p>Paso 3<br \/>\nReza la oraci\u00f3n de la vela, medita y visualiza lo que quieres que ocurra; Reza la oraci\u00f3n a diario; Si la vela no incluye una oraci\u00f3n, reza tu oraci\u00f3n favorita.<\/p>\n<p>A continuaci\u00f3n encontrar\u00e1s ejemplos de lo que puedes escribir en tu papel de pergamino para cada vela, que pueden aplicarse o no a tu situaci\u00f3n y sirven s\u00f3lo como gu\u00eda. En \u00faltima instancia, escribe tu intenci\u00f3n y lo que deseas recibir. <\/p>\n<p><strong>San Ramon<\/strong><br \/>\n(San Ramon det\u00e9n los chismorreos que perjudican mi caso). (San Ram\u00f3n det\u00e9n el falso testimonio en mi caso legal). (San Ram\u00f3n prot\u00e9geme a m\u00ed y a mi familia de las mentiras).  <\/p>\n<p><strong>Ley de Alejamiento<\/strong><br \/>\n(Detener el acoso policial) Incluye tu nombre y fecha de nacimiento. (Proteger a mi familia de la polic\u00eda) Incluye el nombre de la familia. (Medito y rezo para tener una direcci\u00f3n positiva en la vida).    <\/p>\n<p><strong>Vela del caso judicial<\/strong><br \/>\n(Medito y rezo para que el tribunal falle a mi favor) Incluye el n\u00famero de tu caso. (Medito y rezo para que el tribunal falle a mi favor)   Incluye la fecha de la vista judicial. (Conc\u00e9denos justicia en mi vista judicial) Incluye la fecha de la vista judicial.<\/p>\n<p><strong>Justo Juez<\/strong><br \/>\n(Justo Juez, interviene y abandona mi caso) Incluye el caso n\u00ba (Medito y rezo para que haya justicia y equidad en mi caso). ( Medito y ruego para que el Juez o el Jurado tengan piedad).  <\/p>\n","protected":false},"excerpt":{"rendered":"<p>4 SEMANAS DE TRABAJO EN VELAS JUDICIALES<\/p>\n","protected":false},"featured_media":17112,"comment_status":"open","ping_status":"closed","template":"","meta":{"_kad_blocks_custom_css":"","_kad_blocks_head_custom_js":"","_kad_blocks_body_custom_js":"","_kad_blocks_footer_custom_js":"","_kad_post_transparent":"","_kad_post_title":"","_kad_post_layout":"","_kad_post_sidebar_id":"","_kad_post_content_style":"","_kad_post_vertical_padding":"","_kad_post_feature":"","_kad_post_feature_position":"","_kad_post_header":false,"_kad_post_footer":false,"_kad_post_classname":""},"product_brand":[],"product_cat":[3097],"product_tag":[3789,3909,3910,3111,3245,3894,3893,3106,3105,3103,3104,3840,3197],"class_list":{"0":"post-17544","1":"product","2":"type-product","3":"status-publish","4":"has-post-thumbnail","6":"product_cat-gana-tu-caso-judicial","7":"product_tag-caso-judicial-vela","8":"product_tag-caso-judicial-vela-oracion","9":"product_tag-hechizo-de-la-vela-del-juicio","10":"product_tag-rituales-de-los-juicios","11":"product_tag-vela-de-alejamiento-de-la-ley","12":"product_tag-vela-de-oracion-de-san-ramon","13":"product_tag-vela-de-san-ramon","14":"product_tag-velas-compuestas","15":"product_tag-velas-de-oracion-mexicanas","16":"product_tag-velas-de-santo-mexicano","17":"product_tag-velas-espirituales","18":"product_tag-velas-fijas","19":"product_tag-velas-metafisicas","20":"product_shipping_class-tarifa-plana-8","22":"first","23":"instock","24":"taxable","25":"shipping-taxable","26":"purchasable","27":"product-type-simple","28":"entry","29":"content-bg","30":"loop-entry"},"taxonomy_info":{"product_cat":[{"value":3097,"label":"Gana tu caso judicial"}],"product_tag":[{"value":3789,"label":"Caso judicial Vela"},{"value":3909,"label":"caso judicial vela oraci\u00f3n"},{"value":3910,"label":"hechizo de la vela del juicio"},{"value":3111,"label":"rituales de los juicios"},{"value":3245,"label":"Vela de alejamiento de la ley"},{"value":3894,"label":"Vela de oraci\u00f3n de San Ram\u00f3n"},{"value":3893,"label":"Vela de San Ram\u00f3n"},{"value":3106,"label":"velas compuestas"},{"value":3105,"label":"Velas de oraci\u00f3n mexicanas"},{"value":3103,"label":"Velas de santo mexicano"},{"value":3104,"label":"Velas espirituales"},{"value":3840,"label":"velas fijas"},{"value":3197,"label":"velas metaf\u00edsicas"}]},"featured_image_src_large":["https:\/\/texmexcurios.com\/wp-content\/uploads\/2024\/08\/4-Court-Case-Candles-1000.jpg",1000,1000,false],"author_info":[],"comment_info":0,"_links":{"self":[{"href":"https:\/\/texmexcurios.com\/es\/wp-json\/wp\/v2\/product\/17544","targetHints":{"allow":["GET"]}}],"collection":[{"href":"https:\/\/texmexcurios.com\/es\/wp-json\/wp\/v2\/product"}],"about":[{"href":"https:\/\/texmexcurios.com\/es\/wp-json\/wp\/v2\/types\/product"}],"replies":[{"embeddable":true,"href":"https:\/\/texmexcurios.com\/es\/wp-json\/wp\/v2\/comments?post=17544"}],"wp:featuredmedia":[{"embeddable":true,"href":"https:\/\/texmexcurios.com\/es\/wp-json\/wp\/v2\/media\/17112"}],"wp:attachment":[{"href":"https:\/\/texmexcurios.com\/es\/wp-json\/wp\/v2\/media?parent=17544"}],"wp:term":[{"taxonomy":"product_brand","embeddable":true,"href":"https:\/\/texmexcurios.com\/es\/wp-json\/wp\/v2\/product_brand?post=17544"},{"taxonomy":"product_cat","embeddable":true,"href":"https:\/\/texmexcurios.com\/es\/wp-json\/wp\/v2\/product_cat?post=17544"},{"taxonomy":"product_tag","embeddable":true,"href":"https:\/\/texmexcurios.com\/es\/wp-json\/wp\/v2\/product_tag?post=17544"}],"curies":[{"name":"wp","href":"https:\/\/api.w.org\/{rel}","templated":true}]}}