{"id":17536,"date":"2022-06-07T09:19:10","date_gmt":"2022-06-07T14:19:10","guid":{"rendered":"https:\/\/texmexcurios.com\/4-velas-de-proteccion\/"},"modified":"2026-03-13T07:12:13","modified_gmt":"2026-03-13T12:12:13","slug":"4-velas-de-proteccion","status":"publish","type":"product","link":"https:\/\/texmexcurios.com\/es\/producto\/4-velas-de-proteccion\/","title":{"rendered":"4 Velas de Protecci\u00f3n"},"content":{"rendered":"<p>Realiza un ritual de Velas de Protecci\u00f3n de 4 semanas para vencer a tus enemigos, eliminar obst\u00e1culos, romper el hechizo, eliminar las vibraciones negativas y para protegerte del diablo, las brujas y los esp\u00edritus malignos.<\/p>\n<ul>\n<li>La compra incluye 4 velas<\/li>\n<li>Velas arom\u00e1ticas florales y herbales<\/li>\n<li>Ver las instrucciones a continuaci\u00f3n<\/li>\n<\/ul>\n<p>Semana 1: Empieza con la vela de cristal de Amatista para eliminar la energ\u00eda negativa que rodea tu aura y calmar tus miedos y ansiedad<\/p>\n<p>Semana 2: Enciende la vela de San Miguel Arc\u00e1ngel. Este Santo guerrero intervendr\u00e1 y convocar\u00e1 a todos los \u00c1ngeles del cielo para que te ayuden a vencer a tus enemigos. <\/p>\n<p>Semana3: Enciende la vela de San Ciprano. San Ciprano intervendr\u00e1 y te proteger\u00e1 del demonio, las brujas y los esp\u00edritus malignos. <\/p>\n<p>Semana 4: Enciende la vela del Mal de Ojo para bloquear el mal de ojo de aquellas personas que desean hacerte da\u00f1o a ti y a tu familia.<\/p>\n<p><strong>Para cada vela, realiza los siguientes pasos:<\/strong><br \/>\nPaso 1<br \/>\nEscribe tu petici\u00f3n, tus deseos, en el papel de pergamino situado sobre la vela. Puedes utilizar las dos caras del papel. En resumen, escribe lo que deseas. Puedes incluir en el papel de pergamino detalles como nombre o nombres, d\u00eda o fechas de nacimiento, direcciones, n\u00fameros importantes, lo que creas que est\u00e1 relacionado con tu intenci\u00f3n.   <\/p>\n<p>Paso 2<br \/>\nDobla 2 veces el papel de pergamino y col\u00f3calo debajo de la vela.<\/p>\n<p>Paso 3<br \/>\nReza la oraci\u00f3n de la vela, medita y visualiza lo que quieres que ocurra; Reza la oraci\u00f3n a diario; Si la vela no incluye una oraci\u00f3n, reza tu oraci\u00f3n favorita.<\/p>\n<p>A continuaci\u00f3n encontrar\u00e1s ejemplos de lo que puedes escribir en tu papel de pergamino para cada vela, que pueden aplicarse o no a tu situaci\u00f3n y sirven s\u00f3lo como gu\u00eda. En \u00faltima instancia, escribe tu intenci\u00f3n y lo que deseas recibir. <\/p>\n<p><strong>San Miguel<\/strong><br \/>\n(San Miguel interviene y vence a Satan\u00e1s) Incluye tu nombre y tu fecha de nacimiento. (San Miguel interviene y dame fuerzas para luchar en esta batalla). (San Miguel prot\u00e9geme a m\u00ed y a mi familia de los malos esp\u00edritus).   <\/p>\n<p><strong>Vela de Amatista<\/strong><br \/>\n(Cura, protege y conc\u00e9deme valor para los nuevos comienzos). ( Elimina la energ\u00eda negativa que rodea mi aura). (Dir\u00edgeme hacia la luz de la paz, la prosperidad y el amor).  <\/p>\n<p><strong>Vela del Mal de Ojo<\/strong><br \/>\n(Prot\u00e9geme a m\u00ed y a mi familia de la envidia y los celos) Incluye el nombre de tu familia. (Aparta el mal de ojo y prot\u00e9geme a m\u00ed y a mi familia de todo mal).  <\/p>\n<p><strong>Vela de San Ciprano<\/strong><br \/>\n(San Ciprano, prot\u00e9geme del demonio). (San Ciprano prot\u00e9geme a m\u00ed y a mi familia de las brujas y los esp\u00edritus malignos). (San Ciprano interviene y elimina la energ\u00eda negativa de mi vida).  <\/p>\n","protected":false},"excerpt":{"rendered":"<p>4 SEMANAS DE TRABAJO CON VELAS DE PROTECCI\u00d3N<\/p>\n","protected":false},"featured_media":17540,"comment_status":"open","ping_status":"closed","template":"","meta":{"_kad_blocks_custom_css":"","_kad_blocks_head_custom_js":"","_kad_blocks_body_custom_js":"","_kad_blocks_footer_custom_js":"","_kad_post_transparent":"","_kad_post_title":"","_kad_post_layout":"","_kad_post_sidebar_id":"","_kad_post_content_style":"","_kad_post_vertical_padding":"","_kad_post_feature":"","_kad_post_feature_position":"","_kad_post_header":false,"_kad_post_footer":false,"_kad_post_classname":""},"product_brand":[],"product_cat":[3100],"product_tag":[3110,3200,3203,3981,3979,4142,4143,3801,3106,3107,3105,3103,3104,3197],"class_list":{"0":"post-17536","1":"product","2":"type-product","3":"status-publish","4":"has-post-thumbnail","6":"product_cat-protege-del-dano","7":"product_tag-rituales-de-proteccion","8":"product_tag-vela-amatista","9":"product_tag-vela-de-cristal-amatista","10":"product_tag-vela-de-san-miguel-2","11":"product_tag-vela-fija-de-san-miguel","12":"product_tag-vela-fija-mal-de-ojo","13":"product_tag-vela-fija-san-ciprano","14":"product_tag-vela-mal-de-ojo","15":"product_tag-velas-compuestas","16":"product_tag-velas-curativas","17":"product_tag-velas-de-oracion-mexicanas","18":"product_tag-velas-de-santo-mexicano","19":"product_tag-velas-espirituales","20":"product_tag-velas-metafisicas","21":"product_shipping_class-tarifa-plana-8","23":"first","24":"instock","25":"taxable","26":"shipping-taxable","27":"purchasable","28":"product-type-simple","29":"entry","30":"content-bg","31":"loop-entry"},"taxonomy_info":{"product_cat":[{"value":3100,"label":"Protege del da\u00f1o"}],"product_tag":[{"value":3110,"label":"rituales de protecci\u00f3n"},{"value":3200,"label":"Vela Amatista"},{"value":3203,"label":"Vela de Cristal Amatista"},{"value":3981,"label":"Vela de San Miguel"},{"value":3979,"label":"Vela fija de San Miguel"},{"value":4142,"label":"Vela fija mal de ojo"},{"value":4143,"label":"vela fija San Ciprano"},{"value":3801,"label":"Vela Mal de Ojo"},{"value":3106,"label":"velas compuestas"},{"value":3107,"label":"velas curativas"},{"value":3105,"label":"Velas de oraci\u00f3n mexicanas"},{"value":3103,"label":"Velas de santo mexicano"},{"value":3104,"label":"Velas espirituales"},{"value":3197,"label":"velas metaf\u00edsicas"}]},"featured_image_src_large":["https:\/\/texmexcurios.com\/wp-content\/uploads\/2022\/06\/4-Protection-Candles-1000-2.jpg",1000,1000,false],"author_info":[],"comment_info":0,"_links":{"self":[{"href":"https:\/\/texmexcurios.com\/es\/wp-json\/wp\/v2\/product\/17536","targetHints":{"allow":["GET"]}}],"collection":[{"href":"https:\/\/texmexcurios.com\/es\/wp-json\/wp\/v2\/product"}],"about":[{"href":"https:\/\/texmexcurios.com\/es\/wp-json\/wp\/v2\/types\/product"}],"replies":[{"embeddable":true,"href":"https:\/\/texmexcurios.com\/es\/wp-json\/wp\/v2\/comments?post=17536"}],"wp:featuredmedia":[{"embeddable":true,"href":"https:\/\/texmexcurios.com\/es\/wp-json\/wp\/v2\/media\/17540"}],"wp:attachment":[{"href":"https:\/\/texmexcurios.com\/es\/wp-json\/wp\/v2\/media?parent=17536"}],"wp:term":[{"taxonomy":"product_brand","embeddable":true,"href":"https:\/\/texmexcurios.com\/es\/wp-json\/wp\/v2\/product_brand?post=17536"},{"taxonomy":"product_cat","embeddable":true,"href":"https:\/\/texmexcurios.com\/es\/wp-json\/wp\/v2\/product_cat?post=17536"},{"taxonomy":"product_tag","embeddable":true,"href":"https:\/\/texmexcurios.com\/es\/wp-json\/wp\/v2\/product_tag?post=17536"}],"curies":[{"name":"wp","href":"https:\/\/api.w.org\/{rel}","templated":true}]}}