{"id":17529,"date":"2022-09-12T07:38:47","date_gmt":"2022-09-12T12:38:47","guid":{"rendered":"https:\/\/texmexcurios.com\/set-agua-florida-y-7-machos\/"},"modified":"2026-04-29T12:22:42","modified_gmt":"2026-04-29T17:22:42","slug":"set-agua-florida-y-7-machos","status":"publish","type":"product","link":"https:\/\/texmexcurios.com\/es\/producto\/set-agua-florida-y-7-machos\/","title":{"rendered":"Set Agua Florida y 7 Machos"},"content":{"rendered":"<p>El Agua de Florida y los 7 Machos se han utilizado tradicionalmente para la limpieza y para atraer la buena suerte a tu casa o negocio. El Agua de Florida limpia y purifica las energ\u00edas negativas. Esta mezcla hipnotizadora hecha de flores, hierbas y especias tambi\u00e9n se utiliza para el \u00e9xito y la buena suerte. El 7 Machos elimina los bloqueos en tu vida y limpia las energ\u00edas negativas y la mala suerte. El 7 Machos se utiliza para el dinero, la prosperidad, la protecci\u00f3n y el poder. Utiliza esta poderosa combinaci\u00f3n de colonia para limpiar tu casa, limpiar tu coche, rociar debajo de la cama, rociar los armarios y la puerta principal semanalmente. Roc\u00edate a diario para obtener poder y buena suerte.      <\/p>\n<ul>\n<li>Agua Florida botella de 7,5 oz; 7 Machos botella de 8 oz. <\/li>\n<li>La compra incluye el vaso vac\u00edo del vaporizador y las colonias<\/li>\n<li>Pulveriza y reza<\/li>\n<li>Ver las instrucciones a continuaci\u00f3n<\/li>\n<\/ul>\n<ol>\n<li>Abre la botella de cristal de nebulizaci\u00f3n Vac\u00eda y extrae el pulverizador de nebulizaci\u00f3n y coloca la botella a un lado<\/li>\n<li>Abre el agua Florida y llena hasta la mitad la botella de cristal de nebulizaci\u00f3n vac\u00eda con el agua Florida<\/li>\n<li>Abre la colonia 7 Machos y llena el frasco de cristal hasta que est\u00e9 casi lleno<\/li>\n<li>Introduce el pulverizador y g\u00edralo para cerrarlo; vuelve a colocar los tapones de las botellas del agua Florida y de la colonia 7 Machos y apri\u00e9talos<\/li>\n<\/ol>\n<p>M\u00e9todos de uso:<\/p>\n<ul>\n<li>Roc\u00edate las manos o el cuerpo a diario antes de salir de casa<\/li>\n<li>Roc\u00eda la puerta de tu casa y las esquinas de las habitaciones donde vivas los mi\u00e9rcoles y viernes<\/li>\n<li>Tambi\u00e9n puedes pulverizar debajo de las camas y los armarios para una limpieza m\u00e1s profunda<\/li>\n<li>Despu\u00e9s de lavar el coche, roc\u00eda el interior y el exterior del coche para una mayor protecci\u00f3n<\/li>\n<li>Reza tu oraci\u00f3n favorita despu\u00e9s de rociar<\/li>\n<\/ul>\n","protected":false},"excerpt":{"rendered":"<p>Ritual de limpieza por nebulizaci\u00f3n<\/p>\n","protected":false},"featured_media":18359,"comment_status":"open","ping_status":"closed","template":"","meta":{"_kad_blocks_custom_css":"","_kad_blocks_head_custom_js":"","_kad_blocks_body_custom_js":"","_kad_blocks_footer_custom_js":"","_kad_post_transparent":"","_kad_post_title":"","_kad_post_layout":"","_kad_post_sidebar_id":"","_kad_post_content_style":"","_kad_post_vertical_padding":"","_kad_post_feature":"","_kad_post_feature_position":"","_kad_post_header":false,"_kad_post_footer":false,"_kad_post_classname":""},"product_brand":[],"product_cat":[3181],"product_tag":[4137,4041,4040,4138,4042,3728,4043,3193,4139],"class_list":{"0":"post-17529","1":"product","2":"type-product","3":"status-publish","4":"has-post-thumbnail","6":"product_cat-elimina-la-mala-suerte","7":"product_tag-7-machos","8":"product_tag-agua-de-florida","9":"product_tag-aguas-espirituales","10":"product_tag-colonia-7-machos","11":"product_tag-colonia-agua-de-florida","12":"product_tag-limpias","13":"product_tag-magia-del-agua","14":"product_tag-rituales-de-limpieza","15":"product_tag-rituales-del-agua","16":"product_shipping_class-tarifa-plana-3","18":"first","19":"instock","20":"taxable","21":"shipping-taxable","22":"purchasable","23":"product-type-simple","24":"entry","25":"content-bg","26":"loop-entry"},"taxonomy_info":{"product_cat":[{"value":3181,"label":"Elimina la mala suerte"}],"product_tag":[{"value":4137,"label":"7 Machos"},{"value":4041,"label":"Agua de Florida"},{"value":4040,"label":"Aguas espirituales"},{"value":4138,"label":"colonia 7 machos"},{"value":4042,"label":"colonia agua de florida"},{"value":3728,"label":"limpias"},{"value":4043,"label":"magia del agua"},{"value":3193,"label":"rituales de limpieza"},{"value":4139,"label":"rituales del agua"}]},"featured_image_src_large":["https:\/\/texmexcurios.com\/wp-content\/uploads\/2022\/09\/Agua-florida-and-7-machos-712-oz-8oz-and-mister-1000b.jpg",1000,1000,false],"author_info":[],"comment_info":0,"_links":{"self":[{"href":"https:\/\/texmexcurios.com\/es\/wp-json\/wp\/v2\/product\/17529","targetHints":{"allow":["GET"]}}],"collection":[{"href":"https:\/\/texmexcurios.com\/es\/wp-json\/wp\/v2\/product"}],"about":[{"href":"https:\/\/texmexcurios.com\/es\/wp-json\/wp\/v2\/types\/product"}],"replies":[{"embeddable":true,"href":"https:\/\/texmexcurios.com\/es\/wp-json\/wp\/v2\/comments?post=17529"}],"wp:featuredmedia":[{"embeddable":true,"href":"https:\/\/texmexcurios.com\/es\/wp-json\/wp\/v2\/media\/18359"}],"wp:attachment":[{"href":"https:\/\/texmexcurios.com\/es\/wp-json\/wp\/v2\/media?parent=17529"}],"wp:term":[{"taxonomy":"product_brand","embeddable":true,"href":"https:\/\/texmexcurios.com\/es\/wp-json\/wp\/v2\/product_brand?post=17529"},{"taxonomy":"product_cat","embeddable":true,"href":"https:\/\/texmexcurios.com\/es\/wp-json\/wp\/v2\/product_cat?post=17529"},{"taxonomy":"product_tag","embeddable":true,"href":"https:\/\/texmexcurios.com\/es\/wp-json\/wp\/v2\/product_tag?post=17529"}],"curies":[{"name":"wp","href":"https:\/\/api.w.org\/{rel}","templated":true}]}}