{"id":17527,"date":"2022-09-14T10:31:57","date_gmt":"2022-09-14T15:31:57","guid":{"rendered":"https:\/\/texmexcurios.com\/velas-de-mal-de-ojo\/"},"modified":"2026-03-25T12:16:48","modified_gmt":"2026-03-25T17:16:48","slug":"velas-de-mal-de-ojo","status":"publish","type":"product","link":"https:\/\/texmexcurios.com\/es\/producto\/velas-de-mal-de-ojo\/","title":{"rendered":"Velas de mal de ojo"},"content":{"rendered":"<p>Realiza un ritual de Velas del Mal de Ojo de 3 semanas para protegerte de la envidia, los enemigos y las fuerzas malignas. Las velas espirituales se fijan con hierbas m\u00e1gicas, aceites espirituales y cristales curativos. <\/p>\n<ul>\n<li>Vela de oraci\u00f3n inspirada en \u00e1ngeles y santos<\/li>\n<li>La compra incluye 3 velas fijas<\/li>\n<li>Vela sin aroma<\/li>\n<li>Ver las instrucciones a continuaci\u00f3n<\/li>\n<\/ul>\n<p>PASO 1<br \/>\nEscribe tu petici\u00f3n, tus deseos en el papel de pergamino situado sobre la vela. Puedes utilizar las dos caras del papel. En resumen, escribe lo que deseas. Puedes incluir en el papel de pergamino detalles como nombre o nombres, d\u00eda o fechas de nacimiento, direcciones, n\u00fameros importantes, lo que creas que est\u00e1 relacionado con tu intenci\u00f3n.   <\/p>\n<p>A continuaci\u00f3n encontrar\u00e1s ejemplos de lo que puedes escribir en tu papel de pergamino para cada vela, que pueden aplicarse o no a tu situaci\u00f3n y sirven s\u00f3lo como gu\u00eda. En definitiva, escribe tu intenci\u00f3n y lo que quieres recibir.<br \/>\nPor ejemplo: (Prot\u00e9geme a m\u00ed y a mi familia de la envidia y los celos). Incluye el nombre de tu familia. (Elimina el mal de ojo y prot\u00e9geme a m\u00ed y a mi familia del mal).   <\/p>\n<p>PASO 2<br \/>\nDobla 2 veces el papel de pergamino y col\u00f3calo debajo de la vela.<\/p>\n<p>PASO 3<br \/>\nReza la oraci\u00f3n de la vela, medita y visualiza lo que quieres que ocurra; Reza la oraci\u00f3n diariamente; Si la vela no incluye una oraci\u00f3n, reza tu oraci\u00f3n favorita.<\/p>\n<p>Nota: Puedes realizar un trabajo con velas de 3 semanas quemando una vela por semana o disponer las tres velas en forma de tri\u00e1ngulo y quemarlas todas a la vez. Te recomendamos que empieces enseguida tu trabajo de quema de velas. <\/p>\n","protected":false},"excerpt":{"rendered":"<p>Protege de la Envidia<\/p>\n","protected":false},"featured_media":17530,"comment_status":"open","ping_status":"closed","template":"","meta":{"_kad_blocks_custom_css":"","_kad_blocks_head_custom_js":"","_kad_blocks_body_custom_js":"","_kad_blocks_footer_custom_js":"","_kad_post_transparent":"","_kad_post_title":"","_kad_post_layout":"","_kad_post_sidebar_id":"","_kad_post_content_style":"","_kad_post_vertical_padding":"","_kad_post_feature":"","_kad_post_feature_position":"","_kad_post_header":false,"_kad_post_footer":false,"_kad_post_classname":""},"product_brand":[],"product_cat":[3100],"product_tag":[3147,4136,3984,3359,3987,4133,3110,3988,3801,3107,4135,4134,3104,3197],"class_list":{"0":"post-17527","1":"product","2":"type-product","3":"status-publish","4":"has-post-thumbnail","6":"product_cat-protege-del-dano","7":"product_tag-3-velas-fijas","8":"product_tag-fija-las-velas-del-mal-de-ojo","9":"product_tag-hechizo-de-proteccion-contra-el-mal-de-ojo","10":"product_tag-hechizo-del-mal-de-ojo","11":"product_tag-mal-de-ojo-2","12":"product_tag-ritual-de-velas-de-3-semanas","13":"product_tag-rituales-de-proteccion","14":"product_tag-significado-de-mal-de-ojo","15":"product_tag-vela-mal-de-ojo","16":"product_tag-velas-curativas","17":"product_tag-velas-de-mal-de-ojo","18":"product_tag-velas-de-mal-de-ojo-puestas-para-la-envidia","19":"product_tag-velas-espirituales","20":"product_tag-velas-metafisicas","21":"product_shipping_class-tarifa-plana-3","23":"first","24":"instock","25":"taxable","26":"shipping-taxable","27":"purchasable","28":"product-type-simple","29":"entry","30":"content-bg","31":"loop-entry"},"taxonomy_info":{"product_cat":[{"value":3100,"label":"Protege del da\u00f1o"}],"product_tag":[{"value":3147,"label":"3 velas fijas"},{"value":4136,"label":"fija las velas del mal de ojo"},{"value":3984,"label":"hechizo de protecci\u00f3n contra el mal de ojo"},{"value":3359,"label":"hechizo del mal de ojo"},{"value":3987,"label":"mal de ojo"},{"value":4133,"label":"Ritual de velas de 3 semanas"},{"value":3110,"label":"rituales de protecci\u00f3n"},{"value":3988,"label":"significado de mal de ojo"},{"value":3801,"label":"Vela Mal de Ojo"},{"value":3107,"label":"velas curativas"},{"value":4135,"label":"Velas de mal de ojo"},{"value":4134,"label":"Velas de mal de ojo puestas para la envidia"},{"value":3104,"label":"Velas espirituales"},{"value":3197,"label":"velas metaf\u00edsicas"}]},"featured_image_src_large":["https:\/\/texmexcurios.com\/wp-content\/uploads\/2022\/09\/Evil-Eye-Candles-1000.jpg",1000,1000,false],"author_info":[],"comment_info":0,"_links":{"self":[{"href":"https:\/\/texmexcurios.com\/es\/wp-json\/wp\/v2\/product\/17527","targetHints":{"allow":["GET"]}}],"collection":[{"href":"https:\/\/texmexcurios.com\/es\/wp-json\/wp\/v2\/product"}],"about":[{"href":"https:\/\/texmexcurios.com\/es\/wp-json\/wp\/v2\/types\/product"}],"replies":[{"embeddable":true,"href":"https:\/\/texmexcurios.com\/es\/wp-json\/wp\/v2\/comments?post=17527"}],"wp:featuredmedia":[{"embeddable":true,"href":"https:\/\/texmexcurios.com\/es\/wp-json\/wp\/v2\/media\/17530"}],"wp:attachment":[{"href":"https:\/\/texmexcurios.com\/es\/wp-json\/wp\/v2\/media?parent=17527"}],"wp:term":[{"taxonomy":"product_brand","embeddable":true,"href":"https:\/\/texmexcurios.com\/es\/wp-json\/wp\/v2\/product_brand?post=17527"},{"taxonomy":"product_cat","embeddable":true,"href":"https:\/\/texmexcurios.com\/es\/wp-json\/wp\/v2\/product_cat?post=17527"},{"taxonomy":"product_tag","embeddable":true,"href":"https:\/\/texmexcurios.com\/es\/wp-json\/wp\/v2\/product_tag?post=17527"}],"curies":[{"name":"wp","href":"https:\/\/api.w.org\/{rel}","templated":true}]}}