{"id":17520,"date":"2022-09-14T11:14:03","date_gmt":"2022-09-14T16:14:03","guid":{"rendered":"https:\/\/texmexcurios.com\/san-jose-velas-san-jose\/"},"modified":"2026-03-13T06:05:11","modified_gmt":"2026-03-13T11:05:11","slug":"san-jose-velas-san-jose","status":"publish","type":"product","link":"https:\/\/texmexcurios.com\/es\/producto\/san-jose-velas-san-jose\/","title":{"rendered":"San Jos\u00e9 &#8211; Velas San Jos\u00e9"},"content":{"rendered":"<p>Realiza un ritual de Velas de San Jos\u00e9 de 3 semanas y \u00e9l interceder\u00e1 y te ayudar\u00e1 a comprar o vender una casa r\u00e1pidamente. Este ritual de las velas tambi\u00e9n te conceder\u00e1 ayuda para la vivienda, comprobaciones de cr\u00e9dito positivas, aprobaci\u00f3n de hipotecas y apoyo financiero.  Las velas espirituales se fijan con hierbas m\u00e1gicas, aceites espirituales y cristales curativos.<\/p>\n<ul>\n<li>Vela de oraci\u00f3n inspirada en \u00e1ngeles y santos<\/li>\n<li>La compra incluye 3 velas fijas<\/li>\n<li>Vela sin aroma<\/li>\n<li>Ver las instrucciones a continuaci\u00f3n<\/li>\n<\/ul>\n<p>PASO 1<br \/>\nEscribe tu petici\u00f3n, tus deseos en el papel de pergamino situado sobre la vela. Puedes utilizar las dos caras del papel. En resumen, escribe lo que deseas. Puedes incluir en el papel de pergamino detalles como nombre o nombres, d\u00eda o fechas de nacimiento, direcciones, n\u00fameros importantes, lo que creas que est\u00e1 relacionado con tu intenci\u00f3n.   <\/p>\n<p>A continuaci\u00f3n encontrar\u00e1s ejemplos de lo que puedes escribir en tu papel de pergamino para cada vela, que pueden aplicarse o no a tu situaci\u00f3n y sirven s\u00f3lo como gu\u00eda. En definitiva, escribe tu intenci\u00f3n y lo que quieres recibir.<br \/>\nPor ejemplo: (San Jos\u00e9 interviene para que pueda vender mi casa). (San Jos\u00e9 interviene para que pueda encontrar un lugar donde vivir). (San Jos\u00e9 conc\u00e9deme a m\u00ed y a mi familia un hogar estable).   <\/p>\n<p>PASO 2<br \/>\nDobla 2 veces el papel de pergamino y col\u00f3calo debajo de la vela.<\/p>\n<p>PASO 3<br \/>\nReza la oraci\u00f3n de la vela, medita y visualiza lo que quieres que ocurra; Reza la oraci\u00f3n diariamente; Si la vela no incluye una oraci\u00f3n, reza tu oraci\u00f3n favorita.<\/p>\n<p>Nota: Puedes realizar un trabajo con velas de 3 semanas quemando una vela por semana o disponer las tres velas en forma de tri\u00e1ngulo y quemarlas todas a la vez. Te recomendamos que empieces enseguida tu trabajo de quema de velas. <\/p>\n","protected":false},"excerpt":{"rendered":"<p>Subvenciones Ayuda a la vivienda<\/p>\n","protected":false},"featured_media":17523,"comment_status":"open","ping_status":"closed","template":"","meta":{"_kad_blocks_custom_css":"","_kad_blocks_head_custom_js":"","_kad_blocks_body_custom_js":"","_kad_blocks_footer_custom_js":"","_kad_post_transparent":"","_kad_post_title":"","_kad_post_layout":"","_kad_post_sidebar_id":"","_kad_post_content_style":"","_kad_post_vertical_padding":"","_kad_post_feature":"","_kad_post_feature_position":"","_kad_post_header":false,"_kad_post_footer":false,"_kad_post_classname":""},"product_brand":[],"product_cat":[3121],"product_tag":[3308,3309,3311,3134,3312,3304,3154,3105,3103,3140],"class_list":{"0":"post-17520","1":"product","2":"type-product","3":"status-publish","4":"has-post-thumbnail","6":"product_cat-multiplica-tu-dinero","7":"product_tag-inmobiliaria-saint-joseph","8":"product_tag-inmobiliaria-st-joseph","9":"product_tag-oracion-a-san-jose-al-vender-una-casa","10":"product_tag-rituales-del-dinero","11":"product_tag-vela-fija-san-jose","12":"product_tag-vela-san-jose","13":"product_tag-velas-compuestas-2","14":"product_tag-velas-de-oracion-mexicanas","15":"product_tag-velas-de-santo-mexicano","16":"product_tag-velas-para-dibujar-dinero","17":"product_shipping_class-tarifa-plana-3","19":"first","20":"instock","21":"taxable","22":"shipping-taxable","23":"purchasable","24":"product-type-simple","25":"entry","26":"content-bg","27":"loop-entry"},"taxonomy_info":{"product_cat":[{"value":3121,"label":"Multiplica tu dinero"}],"product_tag":[{"value":3308,"label":"Inmobiliaria Saint Joseph"},{"value":3309,"label":"Inmobiliaria St. Joseph"},{"value":3311,"label":"oraci\u00f3n a San Jos\u00e9 al vender una casa"},{"value":3134,"label":"rituales del dinero"},{"value":3312,"label":"vela fija San Jos\u00e9"},{"value":3304,"label":"Vela San Jos\u00e9"},{"value":3154,"label":"velas compuestas"},{"value":3105,"label":"Velas de oraci\u00f3n mexicanas"},{"value":3103,"label":"Velas de santo mexicano"},{"value":3140,"label":"velas para dibujar dinero"}]},"featured_image_src_large":["https:\/\/texmexcurios.com\/wp-content\/uploads\/2022\/09\/Saint-Joseph-San-Jose-Candles-1000.jpg",1000,1000,false],"author_info":[],"comment_info":0,"_links":{"self":[{"href":"https:\/\/texmexcurios.com\/es\/wp-json\/wp\/v2\/product\/17520","targetHints":{"allow":["GET"]}}],"collection":[{"href":"https:\/\/texmexcurios.com\/es\/wp-json\/wp\/v2\/product"}],"about":[{"href":"https:\/\/texmexcurios.com\/es\/wp-json\/wp\/v2\/types\/product"}],"replies":[{"embeddable":true,"href":"https:\/\/texmexcurios.com\/es\/wp-json\/wp\/v2\/comments?post=17520"}],"wp:featuredmedia":[{"embeddable":true,"href":"https:\/\/texmexcurios.com\/es\/wp-json\/wp\/v2\/media\/17523"}],"wp:attachment":[{"href":"https:\/\/texmexcurios.com\/es\/wp-json\/wp\/v2\/media?parent=17520"}],"wp:term":[{"taxonomy":"product_brand","embeddable":true,"href":"https:\/\/texmexcurios.com\/es\/wp-json\/wp\/v2\/product_brand?post=17520"},{"taxonomy":"product_cat","embeddable":true,"href":"https:\/\/texmexcurios.com\/es\/wp-json\/wp\/v2\/product_cat?post=17520"},{"taxonomy":"product_tag","embeddable":true,"href":"https:\/\/texmexcurios.com\/es\/wp-json\/wp\/v2\/product_tag?post=17520"}],"curies":[{"name":"wp","href":"https:\/\/api.w.org\/{rel}","templated":true}]}}