{"id":17511,"date":"2024-07-09T02:39:42","date_gmt":"2024-07-09T07:39:42","guid":{"rendered":"https:\/\/texmexcurios.com\/colibri-vela-jumbo-chuparosa\/"},"modified":"2026-03-02T09:21:02","modified_gmt":"2026-03-02T15:21:02","slug":"colibri-vela-jumbo-chuparosa","status":"publish","type":"product","link":"https:\/\/texmexcurios.com\/es\/producto\/colibri-vela-jumbo-chuparosa\/","title":{"rendered":"Colibr\u00ed &#8211; Vela Jumbo Chuparosa"},"content":{"rendered":"<p>Enciende una Vela Jumbo Colibr\u00ed &#8211; Chuparosa para atraer a un alma gemela o avivar tu romance. Si te sientes solo, esta vela te ayudar\u00e1 a establecer nuevos v\u00ednculos amorosos. Las velas espirituales se fijan con hierbas m\u00e1gicas, aceites espirituales y cristales curativos.  <\/p>\n<ul>\n<li>Vela de oraci\u00f3n inspirada en \u00e1ngeles y santos<\/li>\n<li>La vela Jumbo arde de 10 a 14 d\u00edas<\/li>\n<li>Vela sin aroma<\/li>\n<li>Ver las instrucciones a continuaci\u00f3n<\/li>\n<\/ul>\n<p>PASO 1<br \/>\nEscribe tu petici\u00f3n, tus deseos en el papel de pergamino situado sobre la vela. Puedes utilizar las dos caras del papel. En resumen, escribe lo que deseas. Puedes incluir en el papel de pergamino detalles como nombre o nombres, d\u00eda o fechas de nacimiento, direcciones, n\u00fameros importantes, lo que creas que est\u00e1 relacionado con tu intenci\u00f3n.   <\/p>\n<p>A continuaci\u00f3n encontrar\u00e1s ejemplos de lo que puedes escribir en tu papel de pergamino para cada vela, que pueden aplicarse o no a tu situaci\u00f3n y sirven s\u00f3lo como gu\u00eda. En \u00faltima instancia, escribe tu intenci\u00f3n y lo que deseas recibir. <\/p>\n<p>Por ejemplo:<br \/>\n(Susurra mensajes de amor a &#8230;&#8230;&#8230;&#8230;..) Nombra a la persona. (Conc\u00e9deme el valor para establecer nuevos v\u00ednculos amorosos). (Estoy preparado para conocer a mi alma gemela).   <\/p>\n<p>PASO 2<br \/>\nDobla 2 veces el papel de pergamino y col\u00f3calo debajo de la vela.<\/p>\n<p>PASO 3<br \/>\nReza la oraci\u00f3n de la vela, medita y visualiza lo que quieres que ocurra; Reza la oraci\u00f3n diariamente; Si la vela no incluye una oraci\u00f3n, reza tu oraci\u00f3n favorita.<\/p>\n","protected":false},"excerpt":{"rendered":"<p>Cura la soledad<\/p>\n","protected":false},"featured_media":18357,"comment_status":"open","ping_status":"closed","template":"","meta":{"_kad_blocks_custom_css":"","_kad_blocks_head_custom_js":"","_kad_blocks_body_custom_js":"","_kad_blocks_footer_custom_js":"","_kad_post_transparent":"","_kad_post_title":"","_kad_post_layout":"","_kad_post_sidebar_id":"","_kad_post_content_style":"","_kad_post_vertical_padding":"","_kad_post_feature":"","_kad_post_feature_position":"","_kad_post_header":false,"_kad_post_footer":false,"_kad_post_classname":""},"product_brand":[],"product_cat":[4029],"product_tag":[4113,4081,4114,4083,3130,3191,4112,4033,3899,4031,3104,3197,3132],"class_list":{"0":"post-17511","1":"product","2":"type-product","3":"status-publish","4":"has-post-thumbnail","6":"product_cat-atrae-el-amor","7":"product_tag-hechizo-del-colibri","8":"product_tag-vela-chuparosa","9":"product_tag-vela-colibri-14-dias","10":"product_tag-vela-colibri-fija","11":"product_tag-vela-compuesta","12":"product_tag-vela-curativa","13":"product_tag-vela-jumbo-chuparosa","14":"product_tag-velas-benditas","15":"product_tag-velas-de-oracion","16":"product_tag-velas-del-amor","17":"product_tag-velas-espirituales","18":"product_tag-velas-metafisicas","19":"product_tag-velas-rituales","20":"product_shipping_class-tarifa-plana-8","22":"first","23":"instock","24":"taxable","25":"shipping-taxable","26":"purchasable","27":"product-type-simple","28":"entry","29":"content-bg","30":"loop-entry"},"taxonomy_info":{"product_cat":[{"value":4029,"label":"Atrae el Amor"}],"product_tag":[{"value":4113,"label":"hechizo del colibr\u00ed"},{"value":4081,"label":"Vela Chuparosa"},{"value":4114,"label":"vela colibr\u00ed 14 d\u00edas"},{"value":4083,"label":"vela colibr\u00ed fija"},{"value":3130,"label":"vela compuesta"},{"value":3191,"label":"vela curativa"},{"value":4112,"label":"Vela jumbo Chuparosa"},{"value":4033,"label":"velas benditas"},{"value":3899,"label":"velas de oraci\u00f3n"},{"value":4031,"label":"Velas del amor"},{"value":3104,"label":"Velas espirituales"},{"value":3197,"label":"velas metaf\u00edsicas"},{"value":3132,"label":"velas rituales"}]},"featured_image_src_large":["https:\/\/texmexcurios.com\/wp-content\/uploads\/2024\/07\/Hummingbird-Chuparosa-Jumbo-Candle-1000-1.jpg",1000,1000,false],"author_info":[],"comment_info":0,"_links":{"self":[{"href":"https:\/\/texmexcurios.com\/es\/wp-json\/wp\/v2\/product\/17511","targetHints":{"allow":["GET"]}}],"collection":[{"href":"https:\/\/texmexcurios.com\/es\/wp-json\/wp\/v2\/product"}],"about":[{"href":"https:\/\/texmexcurios.com\/es\/wp-json\/wp\/v2\/types\/product"}],"replies":[{"embeddable":true,"href":"https:\/\/texmexcurios.com\/es\/wp-json\/wp\/v2\/comments?post=17511"}],"wp:featuredmedia":[{"embeddable":true,"href":"https:\/\/texmexcurios.com\/es\/wp-json\/wp\/v2\/media\/18357"}],"wp:attachment":[{"href":"https:\/\/texmexcurios.com\/es\/wp-json\/wp\/v2\/media?parent=17511"}],"wp:term":[{"taxonomy":"product_brand","embeddable":true,"href":"https:\/\/texmexcurios.com\/es\/wp-json\/wp\/v2\/product_brand?post=17511"},{"taxonomy":"product_cat","embeddable":true,"href":"https:\/\/texmexcurios.com\/es\/wp-json\/wp\/v2\/product_cat?post=17511"},{"taxonomy":"product_tag","embeddable":true,"href":"https:\/\/texmexcurios.com\/es\/wp-json\/wp\/v2\/product_tag?post=17511"}],"curies":[{"name":"wp","href":"https:\/\/api.w.org\/{rel}","templated":true}]}}