{"id":17509,"date":"2023-08-31T02:04:09","date_gmt":"2023-08-31T07:04:09","guid":{"rendered":"https:\/\/texmexcurios.com\/limpieza-en-persona\/"},"modified":"2026-05-11T11:54:10","modified_gmt":"2026-05-11T16:54:10","slug":"limpieza-en-persona","status":"publish","type":"product","link":"https:\/\/texmexcurios.com\/es\/producto\/limpieza-en-persona\/","title":{"rendered":"Limpieza en persona"},"content":{"rendered":"<h3>Limpieza en Persona en Nuestra Tienda<\/h3>\n<p>El sanador Doron Avaknin rezar\u00e1 por ti en privado en nuestra tienda, mientras quema incienso espiritual y se concentra en tu situaci\u00f3n particular. Mientras realiza la limpia (limpieza) sentir\u00e1s c\u00f3mo se desvanece el peso de la energ\u00eda negativa. Trabajos de oraci\u00f3n, trabajos con velas para la limpieza espiritual inspirados por \u00c1ngeles y Santos. Una limpieza espiritual puede utilizarse para diversas circunstancias: limpieza para encontrar empleo, para un caso judicial pendiente, buena salud, envidia, \u00e9xito en los negocios, paz en tu hogar y protecci\u00f3n contra la energ\u00eda negativa, as\u00ed como para limpiar tu vida amorosa.   <\/p>\n","protected":false},"excerpt":{"rendered":"<p>Una limpieza espiritual<\/p>\n","protected":false},"featured_media":17513,"comment_status":"open","ping_status":"closed","template":"","meta":{"_kad_blocks_custom_css":"","_kad_blocks_head_custom_js":"","_kad_blocks_body_custom_js":"","_kad_blocks_footer_custom_js":"","_kad_post_transparent":"","_kad_post_title":"","_kad_post_layout":"","_kad_post_sidebar_id":"","_kad_post_content_style":"","_kad_post_vertical_padding":"","_kad_post_feature":"","_kad_post_feature_position":"","_kad_post_header":false,"_kad_post_footer":false,"_kad_post_classname":""},"product_brand":[],"product_cat":[4089],"product_tag":[4102,4104,4106,4098,4094,3728,4111,4090,4092,4105,4096,4107,4101,4103],"class_list":{"0":"post-17509","1":"product","2":"type-product","3":"status-publish","4":"has-post-thumbnail","6":"product_cat-servicios-de-limpieza","7":"product_tag-bendicion-del-hogar-y-limpieza-espiritual","8":"product_tag-curanderismo-limpio","9":"product_tag-el-poder-curativo-de-las-limpias","10":"product_tag-incienso-espiritual","11":"product_tag-limpiar-tu-vida-amorosa","12":"product_tag-limpias","13":"product_tag-limpieza-en-persona","14":"product_tag-limpieza-espiritual","15":"product_tag-limpieza-sin-cita-previa","16":"product_tag-limpiezas-espirituales","17":"product_tag-proteccion-contra-la-energia-negativa","18":"product_tag-que-es-una-limpia","19":"product_tag-servicio-de-limpieza-espiritual","20":"product_tag-terapia-limpia","21":"product_shipping_class-tarifa-plana-3","23":"first","24":"instock","25":"virtual","26":"sold-individually","27":"purchasable","28":"product-type-phive_booking","29":"entry","30":"content-bg","31":"loop-entry"},"taxonomy_info":{"product_cat":[{"value":4089,"label":"Servicios de limpieza"}],"product_tag":[{"value":4102,"label":"Bendici\u00f3n del hogar y limpieza espiritual"},{"value":4104,"label":"Curanderismo limpio"},{"value":4106,"label":"El poder curativo de las limpias"},{"value":4098,"label":"incienso espiritual"},{"value":4094,"label":"limpiar tu vida amorosa"},{"value":3728,"label":"limpias"},{"value":4111,"label":"Limpieza en persona"},{"value":4090,"label":"limpieza espiritual"},{"value":4092,"label":"Limpieza sin cita previa"},{"value":4105,"label":"Limpiezas espirituales"},{"value":4096,"label":"protecci\u00f3n contra la energ\u00eda negativa"},{"value":4107,"label":"Qu\u00e9 es una limpia"},{"value":4101,"label":"Servicio de Limpieza Espiritual"},{"value":4103,"label":"Terapia Limpia"}]},"featured_image_src_large":["https:\/\/texmexcurios.com\/wp-content\/uploads\/2025\/12\/Cleanings-Services-Limpias.jpg",1000,1000,false],"author_info":[],"comment_info":0,"_links":{"self":[{"href":"https:\/\/texmexcurios.com\/es\/wp-json\/wp\/v2\/product\/17509","targetHints":{"allow":["GET"]}}],"collection":[{"href":"https:\/\/texmexcurios.com\/es\/wp-json\/wp\/v2\/product"}],"about":[{"href":"https:\/\/texmexcurios.com\/es\/wp-json\/wp\/v2\/types\/product"}],"replies":[{"embeddable":true,"href":"https:\/\/texmexcurios.com\/es\/wp-json\/wp\/v2\/comments?post=17509"}],"wp:featuredmedia":[{"embeddable":true,"href":"https:\/\/texmexcurios.com\/es\/wp-json\/wp\/v2\/media\/17513"}],"wp:attachment":[{"href":"https:\/\/texmexcurios.com\/es\/wp-json\/wp\/v2\/media?parent=17509"}],"wp:term":[{"taxonomy":"product_brand","embeddable":true,"href":"https:\/\/texmexcurios.com\/es\/wp-json\/wp\/v2\/product_brand?post=17509"},{"taxonomy":"product_cat","embeddable":true,"href":"https:\/\/texmexcurios.com\/es\/wp-json\/wp\/v2\/product_cat?post=17509"},{"taxonomy":"product_tag","embeddable":true,"href":"https:\/\/texmexcurios.com\/es\/wp-json\/wp\/v2\/product_tag?post=17509"}],"curies":[{"name":"wp","href":"https:\/\/api.w.org\/{rel}","templated":true}]}}