{"id":17494,"date":"2024-07-09T04:36:54","date_gmt":"2024-07-09T09:36:54","guid":{"rendered":"https:\/\/texmexcurios.com\/colibri-velas-chuparosa\/"},"modified":"2026-03-02T09:35:27","modified_gmt":"2026-03-02T15:35:27","slug":"colibri-velas-chuparosa","status":"publish","type":"product","link":"https:\/\/texmexcurios.com\/es\/producto\/colibri-velas-chuparosa\/","title":{"rendered":"Colibr\u00ed &#8211; Velas Chuparosa"},"content":{"rendered":"<p>Realiza un ritual de Velas de Chuparosa de 3 semanas de duraci\u00f3n para atraer a un alma gemela o para darle m\u00e1s sabor a tu romance. Si te sientes solo, este ritual de velas te ayudar\u00e1 a establecer nuevos v\u00ednculos amorosos.  Las velas espirituales se fijan con hierbas m\u00e1gicas, aceites espirituales y cristales curativos.<\/p>\n<ul>\n<li>Vela de oraci\u00f3n inspirada en \u00e1ngeles y santos<\/li>\n<li>La compra incluye 3 velas fijas<\/li>\n<li>Vela sin aroma<\/li>\n<\/ul>\n<p>PASO 1<br \/>\nEscribe tu petici\u00f3n, tus deseos en el papel de pergamino situado sobre la vela. Puedes utilizar las dos caras del papel. En resumen, escribe lo que deseas. Puedes incluir en el papel de pergamino detalles como nombre o nombres, d\u00eda o fechas de nacimiento, direcciones, n\u00fameros importantes, lo que creas que est\u00e1 relacionado con tu intenci\u00f3n.   <\/p>\n<p>A continuaci\u00f3n encontrar\u00e1s ejemplos de lo que puedes escribir en tu papel de pergamino para cada vela, que pueden aplicarse o no a tu situaci\u00f3n y sirven s\u00f3lo como gu\u00eda. En \u00faltima instancia, escribe tu intenci\u00f3n y lo que deseas recibir. <\/p>\n<p>Por ejemplo:<br \/>\n(Susurra mensajes de amor a &#8230;&#8230;&#8230;&#8230;&#8230;&#8230;) Nombra a la persona. (Conc\u00e9deme el valor para establecer nuevas relaciones amorosas). (Me siento solo, ay\u00fadame a encontrar una relaci\u00f3n amorosa positiva).   <\/p>\n<p>PASO 2<br \/>\nDobla 2 veces el papel de pergamino y col\u00f3calo debajo de la vela.<\/p>\n<p>PASO 3<br \/>\nReza la oraci\u00f3n de la vela, medita y visualiza lo que quieres que ocurra; Reza la oraci\u00f3n diariamente; Si la vela no incluye una oraci\u00f3n, reza tu oraci\u00f3n favorita.<\/p>\n<p>Nota: Puedes realizar un trabajo con velas de 3 semanas quemando una vela por semana o disponer las tres velas en forma de tri\u00e1ngulo y quemarlas todas a la vez. Te recomendamos que empieces enseguida tu trabajo de quema de velas. <\/p>\n","protected":false},"excerpt":{"rendered":"<p>Cura la soledad<\/p>\n","protected":false},"featured_media":17498,"comment_status":"open","ping_status":"closed","template":"","meta":{"_kad_blocks_custom_css":"","_kad_blocks_head_custom_js":"","_kad_blocks_body_custom_js":"","_kad_blocks_footer_custom_js":"","_kad_post_transparent":"","_kad_post_title":"","_kad_post_layout":"","_kad_post_sidebar_id":"","_kad_post_content_style":"","_kad_post_vertical_padding":"","_kad_post_feature":"","_kad_post_feature_position":"","_kad_post_header":false,"_kad_post_footer":false,"_kad_post_classname":""},"product_brand":[],"product_cat":[4029],"product_tag":[4081,4082,4084,4083,3130,4086,4033,3899,4031,3104,4085],"class_list":{"0":"post-17494","1":"product","2":"type-product","3":"status-publish","4":"has-post-thumbnail","6":"product_cat-atrae-el-amor","7":"product_tag-vela-chuparosa","8":"product_tag-vela-chuparosa-fija","9":"product_tag-vela-colibri-7-dias","10":"product_tag-vela-colibri-fija","11":"product_tag-vela-compuesta","12":"product_tag-vela-curativa-2","13":"product_tag-velas-benditas","14":"product_tag-velas-de-oracion","15":"product_tag-velas-del-amor","16":"product_tag-velas-espirituales","17":"product_tag-velas-metafisicas-velas-rituales","18":"product_shipping_class-tarifa-plana-3","20":"first","21":"instock","22":"taxable","23":"shipping-taxable","24":"purchasable","25":"product-type-simple","26":"entry","27":"content-bg","28":"loop-entry"},"taxonomy_info":{"product_cat":[{"value":4029,"label":"Atrae el Amor"}],"product_tag":[{"value":4081,"label":"Vela Chuparosa"},{"value":4082,"label":"Vela Chuparosa fija"},{"value":4084,"label":"vela colibr\u00ed 7 d\u00edas"},{"value":4083,"label":"vela colibr\u00ed fija"},{"value":3130,"label":"vela compuesta"},{"value":4086,"label":"vela curativa"},{"value":4033,"label":"velas benditas"},{"value":3899,"label":"velas de oraci\u00f3n"},{"value":4031,"label":"Velas del amor"},{"value":3104,"label":"Velas espirituales"},{"value":4085,"label":"velas metaf\u00edsicas velas rituales"}]},"featured_image_src_large":["https:\/\/texmexcurios.com\/wp-content\/uploads\/2024\/07\/Hummingbird-set-of-3-1000.jpg",1000,1000,false],"author_info":[],"comment_info":0,"_links":{"self":[{"href":"https:\/\/texmexcurios.com\/es\/wp-json\/wp\/v2\/product\/17494","targetHints":{"allow":["GET"]}}],"collection":[{"href":"https:\/\/texmexcurios.com\/es\/wp-json\/wp\/v2\/product"}],"about":[{"href":"https:\/\/texmexcurios.com\/es\/wp-json\/wp\/v2\/types\/product"}],"replies":[{"embeddable":true,"href":"https:\/\/texmexcurios.com\/es\/wp-json\/wp\/v2\/comments?post=17494"}],"wp:featuredmedia":[{"embeddable":true,"href":"https:\/\/texmexcurios.com\/es\/wp-json\/wp\/v2\/media\/17498"}],"wp:attachment":[{"href":"https:\/\/texmexcurios.com\/es\/wp-json\/wp\/v2\/media?parent=17494"}],"wp:term":[{"taxonomy":"product_brand","embeddable":true,"href":"https:\/\/texmexcurios.com\/es\/wp-json\/wp\/v2\/product_brand?post=17494"},{"taxonomy":"product_cat","embeddable":true,"href":"https:\/\/texmexcurios.com\/es\/wp-json\/wp\/v2\/product_cat?post=17494"},{"taxonomy":"product_tag","embeddable":true,"href":"https:\/\/texmexcurios.com\/es\/wp-json\/wp\/v2\/product_tag?post=17494"}],"curies":[{"name":"wp","href":"https:\/\/api.w.org\/{rel}","templated":true}]}}