{"id":17483,"date":"2024-07-09T07:10:23","date_gmt":"2024-07-09T12:10:23","guid":{"rendered":"https:\/\/texmexcurios.com\/velas-de-cuarzo-rosa\/"},"modified":"2026-03-02T09:26:00","modified_gmt":"2026-03-02T15:26:00","slug":"velas-de-cuarzo-rosa","status":"publish","type":"product","link":"https:\/\/texmexcurios.com\/es\/producto\/velas-de-cuarzo-rosa\/","title":{"rendered":"Velas de Cuarzo Rosa"},"content":{"rendered":"<p>Realiza un ritual de Velas de Cuarzo Rosa de 3 semanas si has pasado por una ruptura dolorosa o un divorcio. Detiene las l\u00e1grimas, te ayuda a sanar y a volver a creer en ti misma, y te ayuda a ser feliz, a empezar de nuevo y a atraer una relaci\u00f3n positiva. Las velas espirituales se fijan con hierbas m\u00e1gicas, aceites espirituales y cristales curativos.  <\/p>\n<ul>\n<li>Vela de oraci\u00f3n inspirada en \u00e1ngeles y santos<\/li>\n<li>La compra incluye 3 velas fijas<\/li>\n<li>Vela sin aroma<\/li>\n<\/ul>\n<p>PASO 1<br \/>\nEscribe tu petici\u00f3n, tus deseos en el papel de pergamino situado sobre la vela. Puedes utilizar las dos caras del papel. En resumen, escribe lo que deseas. Puedes incluir en el papel de pergamino detalles como nombre o nombres, d\u00eda o fechas de nacimiento, direcciones, n\u00fameros importantes, lo que creas que est\u00e1 relacionado con tu intenci\u00f3n.   <\/p>\n<p>A continuaci\u00f3n encontrar\u00e1s ejemplos de lo que puedes escribir en tu papel de pergamino para cada vela, que pueden aplicarse o no a tu situaci\u00f3n y sirven s\u00f3lo como gu\u00eda. En \u00faltima instancia, escribe tu intenci\u00f3n y lo que deseas recibir. <\/p>\n<p>Por ejemplo:<br \/>\n(Det\u00e9n mis l\u00e1grimas y sana mi coraz\u00f3n) Incluye tu nombre. (Conc\u00e9deme fuerza para un nuevo comienzo) Incluye tu nombre. (Ay\u00fadame a superar esta separaci\u00f3n amorosa)    <\/p>\n<p>PASO 2<br \/>\nDobla 2 veces el papel de pergamino y col\u00f3calo debajo de la vela.<\/p>\n<p>PASO 3<br \/>\nReza la oraci\u00f3n de la vela, medita y visualiza lo que quieres que ocurra; Reza la oraci\u00f3n diariamente; Si la vela no incluye una oraci\u00f3n, reza tu oraci\u00f3n favorita.<\/p>\n<p>Nota: Puedes realizar un trabajo con velas de 3 semanas quemando una vela por semana o disponer las tres velas en forma de tri\u00e1ngulo y quemarlas todas a la vez. Te recomendamos que empieces enseguida tu trabajo de quema de velas. <\/p>\n","protected":false},"excerpt":{"rendered":"<p>Cura un coraz\u00f3n roto<\/p>\n","protected":false},"featured_media":17486,"comment_status":"open","ping_status":"closed","template":"","meta":{"_kad_blocks_custom_css":"","_kad_blocks_head_custom_js":"","_kad_blocks_body_custom_js":"","_kad_blocks_footer_custom_js":"","_kad_post_transparent":"","_kad_post_title":"","_kad_post_layout":"","_kad_post_sidebar_id":"","_kad_post_content_style":"","_kad_post_vertical_padding":"","_kad_post_feature":"","_kad_post_feature_position":"","_kad_post_header":false,"_kad_post_footer":false,"_kad_post_classname":""},"product_brand":[],"product_cat":[4029,3183],"product_tag":[3147,3185,4055,3221,3211,3207,4053,3191,3234,4057,4056,3206,4058,3220,4033,3226,4054,3899,4031,3104,3197,3132],"class_list":{"0":"post-17483","1":"product","2":"type-product","3":"status-publish","4":"has-post-thumbnail","6":"product_cat-atrae-el-amor","7":"product_cat-cura-con-cristales","8":"product_tag-3-velas-fijas","9":"product_tag-cristales-curativos","10":"product_tag-cura-un-corazon-roto","11":"product_tag-hechizo-de-amor-con-cuarzo-rosa","12":"product_tag-magia-de-cristal","13":"product_tag-rituales-de-cristal","14":"product_tag-set-de-velas-de-cristal-de-cuarzo-rosa","15":"product_tag-vela-curativa","16":"product_tag-vela-de-cristal","17":"product_tag-vela-de-cristal-de-7-dias","18":"product_tag-vela-de-cuarzo","19":"product_tag-vela-de-cuarzo-rosa","20":"product_tag-vela-del-amor-velas-metafisicas","21":"product_tag-vela-fija-de-cuarzo-rosa","22":"product_tag-velas-benditas","23":"product_tag-velas-de-cristal","24":"product_tag-velas-de-cuarzo-rosa","25":"product_tag-velas-de-oracion","26":"product_tag-velas-del-amor","27":"product_tag-velas-espirituales","28":"product_tag-velas-metafisicas","29":"product_tag-velas-rituales","30":"product_shipping_class-tarifa-plana-3","32":"first","33":"instock","34":"taxable","35":"shipping-taxable","36":"purchasable","37":"product-type-simple","38":"entry","39":"content-bg","40":"loop-entry"},"taxonomy_info":{"product_cat":[{"value":4029,"label":"Atrae el Amor"},{"value":3183,"label":"Cura con cristales"}],"product_tag":[{"value":3147,"label":"3 velas fijas"},{"value":3185,"label":"cristales curativos"},{"value":4055,"label":"Cura un coraz\u00f3n roto"},{"value":3221,"label":"hechizo de amor con cuarzo rosa"},{"value":3211,"label":"magia de cristal."},{"value":3207,"label":"rituales de cristal"},{"value":4053,"label":"Set de Velas de Cristal de Cuarzo Rosa"},{"value":3191,"label":"vela curativa"},{"value":3234,"label":"vela de cristal"},{"value":4057,"label":"vela de cristal de 7 d\u00edas"},{"value":4056,"label":"vela de cuarzo"},{"value":3206,"label":"Vela de Cuarzo Rosa"},{"value":4058,"label":"vela del amor velas metaf\u00edsicas"},{"value":3220,"label":"vela fija de cuarzo rosa"},{"value":4033,"label":"velas benditas"},{"value":3226,"label":"velas de cristal"},{"value":4054,"label":"Velas de Cuarzo Rosa"},{"value":3899,"label":"velas de oraci\u00f3n"},{"value":4031,"label":"Velas del amor"},{"value":3104,"label":"Velas espirituales"},{"value":3197,"label":"velas metaf\u00edsicas"},{"value":3132,"label":"velas rituales"}]},"featured_image_src_large":["https:\/\/texmexcurios.com\/wp-content\/uploads\/2024\/07\/Rose-Quartz-crystal-candle-set-of-3-1000-2.jpg",1000,1000,false],"author_info":[],"comment_info":0,"_links":{"self":[{"href":"https:\/\/texmexcurios.com\/es\/wp-json\/wp\/v2\/product\/17483","targetHints":{"allow":["GET"]}}],"collection":[{"href":"https:\/\/texmexcurios.com\/es\/wp-json\/wp\/v2\/product"}],"about":[{"href":"https:\/\/texmexcurios.com\/es\/wp-json\/wp\/v2\/types\/product"}],"replies":[{"embeddable":true,"href":"https:\/\/texmexcurios.com\/es\/wp-json\/wp\/v2\/comments?post=17483"}],"wp:featuredmedia":[{"embeddable":true,"href":"https:\/\/texmexcurios.com\/es\/wp-json\/wp\/v2\/media\/17486"}],"wp:attachment":[{"href":"https:\/\/texmexcurios.com\/es\/wp-json\/wp\/v2\/media?parent=17483"}],"wp:term":[{"taxonomy":"product_brand","embeddable":true,"href":"https:\/\/texmexcurios.com\/es\/wp-json\/wp\/v2\/product_brand?post=17483"},{"taxonomy":"product_cat","embeddable":true,"href":"https:\/\/texmexcurios.com\/es\/wp-json\/wp\/v2\/product_cat?post=17483"},{"taxonomy":"product_tag","embeddable":true,"href":"https:\/\/texmexcurios.com\/es\/wp-json\/wp\/v2\/product_tag?post=17483"}],"curies":[{"name":"wp","href":"https:\/\/api.w.org\/{rel}","templated":true}]}}