{"id":17475,"date":"2024-07-09T08:29:57","date_gmt":"2024-07-09T13:29:57","guid":{"rendered":"https:\/\/texmexcurios.com\/ven-a-mi-vela-y-spray-ven-a-mi\/"},"modified":"2026-03-02T09:49:21","modified_gmt":"2026-03-02T15:49:21","slug":"ven-a-mi-vela-y-spray-ven-a-mi","status":"publish","type":"product","link":"https:\/\/texmexcurios.com\/es\/producto\/ven-a-mi-vela-y-spray-ven-a-mi\/","title":{"rendered":"Ven a m\u00ed &#8211; Vela y Spray Ven a Mi"},"content":{"rendered":"<p>Ven a Mi Vela y Roc\u00eda. Enciende una vela Ven a M\u00ed y roc\u00edala con perfume en spray a diario para atraer a una persona, si buscas un compromiso serio, por lealtad o si quieres comprometerte. La vela est\u00e1 fijada con hierbas m\u00e1gicas, aceites espirituales y cristales curativos.  <\/p>\n<ul>\n<li>La compra incluye una vela y 2 onzas de perfume en spray <\/li>\n<li>\n<p class=\"western\">Vela de oraci\u00f3n inspirada en \u00e1ngeles y santos<\/p>\n<\/li>\n<li>Vela sin aroma<\/li>\n<\/ul>\n<p>PASO 1<br \/>\nRoc\u00eda tus manos con el spray Ven a Mi, fr\u00f3talas y coloca ambas manos sobre el coraz\u00f3n. Cierra los ojos, medita y centra tus pensamientos en tu ser querido o en la persona que quieres atraer;<br \/>\nPor ejemplo, mientras tienes las manos sobre el coraz\u00f3n, medita en silencio lo siguiente: <\/p>\n<p>&#8220;\u00c1mame Roberto&#8221;, &#8220;Piensa en m\u00ed Mar\u00eda&#8221; &#8220;Ven a m\u00ed Cynthia&#8221; &#8220;Comprom\u00e9tete conmigo Francisco&#8221; &#8220;Proponme matrimonio Jos\u00e9&#8221;<\/p>\n<p>PASO 2<br \/>\nRoc\u00eda diariamente las 4 esquinas de tu dormitorio<\/p>\n<p>PASO 3<br \/>\nEscribe tu petici\u00f3n, tus deseos y lo que quieres recibir en el papel de pergamino situado sobre la vela. Puedes utilizar las dos caras del papel. <\/p>\n<p>Por ejemplo:<br \/>\n(Ac\u00e9rcate a m\u00ed &#8230;&#8230;&#8230;&#8230;&#8230;&#8230;..) Nombre de la persona. (Proponme matrimonio &#8230;&#8230;&#8230;&#8230;&#8230;&#8230;..) Nombre de la persona. Tambi\u00e9n puedes escribir el nombre de la persona directamente en la vela.    <\/p>\n<p>Nota: Puedes incluir en el papel de pergamino detalles como nombre o nombres, fecha o fechas de nacimiento, direcciones, n\u00fameros importantes, lo que creas que est\u00e1 relacionado con tu intenci\u00f3n.<\/p>\n<p>PASO 4<br \/>\nDobla el papel pergamino 2 veces y col\u00f3calo debajo de la vela<\/p>\n<p>PASO 5<br \/>\nEnciende la vela Ven a Mi, medita y visualiza lo que quieres que ocurra. Recita la oraci\u00f3n a diario. <\/p>\n<p><strong>(Nota: Para obtener resultados m\u00e1s potentes, quema una serie de 3 velas Ven a Mi)<\/strong><\/p>\n","protected":false},"excerpt":{"rendered":"<p>Subvenciones Compromiso<\/p>\n","protected":false},"featured_media":17478,"comment_status":"open","ping_status":"closed","template":"","meta":{"_kad_blocks_custom_css":"","_kad_blocks_head_custom_js":"","_kad_blocks_body_custom_js":"","_kad_blocks_footer_custom_js":"","_kad_post_transparent":"","_kad_post_title":"","_kad_post_layout":"","_kad_post_sidebar_id":"","_kad_post_content_style":"","_kad_post_vertical_padding":"","_kad_post_feature":"","_kad_post_feature_position":"","_kad_post_header":false,"_kad_post_footer":false,"_kad_post_classname":""},"product_brand":[],"product_cat":[4029],"product_tag":[4035,4036,4038,4039,4032,3130,3191,3300,4033,3899,4031,3104,3197,3132,4037,4205,4034],"class_list":{"0":"post-17475","1":"product","2":"type-product","3":"status-publish","4":"has-post-thumbnail","6":"product_cat-atrae-el-amor","7":"product_tag-fija-ven-a-mi-vela","8":"product_tag-fijo-ven-a-mi-vela","9":"product_tag-hechizo-ven-a-mi","10":"product_tag-spray-del-amor","11":"product_tag-vela-come-to-me","12":"product_tag-vela-compuesta","13":"product_tag-vela-curativa","14":"product_tag-vela-ven-a-mi","15":"product_tag-velas-benditas","16":"product_tag-velas-de-oracion","17":"product_tag-velas-del-amor","18":"product_tag-velas-espirituales","19":"product_tag-velas-metafisicas","20":"product_tag-velas-rituales","21":"product_tag-ven-a-mi-hechizo","22":"product_tag-ven-a-mi-vela-de-oracion-de-7-dias-2","23":"product_tag-ven-a-mi-vela-de-oracion-de-7-dias","24":"product_shipping_class-tarifa-plana-4","26":"first","27":"instock","28":"taxable","29":"shipping-taxable","30":"purchasable","31":"product-type-simple","32":"entry","33":"content-bg","34":"loop-entry"},"taxonomy_info":{"product_cat":[{"value":4029,"label":"Atrae el Amor"}],"product_tag":[{"value":4035,"label":"fija ven a mi vela"},{"value":4036,"label":"fijo ven a mi vela"},{"value":4038,"label":"hechizo ven a mi"},{"value":4039,"label":"spray del amor"},{"value":4032,"label":"vela come-to-me"},{"value":3130,"label":"vela compuesta"},{"value":3191,"label":"vela curativa"},{"value":3300,"label":"Vela Ven a Mi"},{"value":4033,"label":"velas benditas"},{"value":3899,"label":"velas de oraci\u00f3n"},{"value":4031,"label":"Velas del amor"},{"value":3104,"label":"Velas espirituales"},{"value":3197,"label":"velas metaf\u00edsicas"},{"value":3132,"label":"velas rituales"},{"value":4037,"label":"ven a mi hechizo"},{"value":4205,"label":"Ven a mi vela de oraci\u00f3n de 7 d\u00edas"},{"value":4034,"label":"ven a mi vela de oraci\u00f3n de 7 d\u00edas"}]},"featured_image_src_large":["https:\/\/texmexcurios.com\/wp-content\/uploads\/2024\/07\/Ven-a-Mi-4-oz-perfumed-spray-candle-set-1000.jpg",1000,1000,false],"author_info":[],"comment_info":0,"_links":{"self":[{"href":"https:\/\/texmexcurios.com\/es\/wp-json\/wp\/v2\/product\/17475","targetHints":{"allow":["GET"]}}],"collection":[{"href":"https:\/\/texmexcurios.com\/es\/wp-json\/wp\/v2\/product"}],"about":[{"href":"https:\/\/texmexcurios.com\/es\/wp-json\/wp\/v2\/types\/product"}],"replies":[{"embeddable":true,"href":"https:\/\/texmexcurios.com\/es\/wp-json\/wp\/v2\/comments?post=17475"}],"wp:featuredmedia":[{"embeddable":true,"href":"https:\/\/texmexcurios.com\/es\/wp-json\/wp\/v2\/media\/17478"}],"wp:attachment":[{"href":"https:\/\/texmexcurios.com\/es\/wp-json\/wp\/v2\/media?parent=17475"}],"wp:term":[{"taxonomy":"product_brand","embeddable":true,"href":"https:\/\/texmexcurios.com\/es\/wp-json\/wp\/v2\/product_brand?post=17475"},{"taxonomy":"product_cat","embeddable":true,"href":"https:\/\/texmexcurios.com\/es\/wp-json\/wp\/v2\/product_cat?post=17475"},{"taxonomy":"product_tag","embeddable":true,"href":"https:\/\/texmexcurios.com\/es\/wp-json\/wp\/v2\/product_tag?post=17475"}],"curies":[{"name":"wp","href":"https:\/\/api.w.org\/{rel}","templated":true}]}}