{"id":17470,"date":"2024-07-12T07:28:40","date_gmt":"2024-07-12T12:28:40","guid":{"rendered":"https:\/\/texmexcurios.com\/llavero-san-miguel\/"},"modified":"2024-07-12T07:28:40","modified_gmt":"2024-07-12T12:28:40","slug":"llavero-san-miguel","status":"publish","type":"product","link":"https:\/\/texmexcurios.com\/es\/producto\/llavero-san-miguel\/","title":{"rendered":"Llavero San Miguel"},"content":{"rendered":"<p>San Miguel Arc\u00e1ngel intervendr\u00e1 y te ayudar\u00e1 a luchar para ganar tus batallas y derrotar a tus enemigos; el ritual de San Miguel elimina los obst\u00e1culos y los esp\u00edritus malignos.<\/p>\n<ul>\n<li>Vial de 3 pulgadas<\/li>\n<li>Ver las instrucciones a continuaci\u00f3n<\/li>\n<\/ul>\n<p>Paso 1<br \/>\nLlena la ampolla con agua bendita<br \/>\nPaso 2<br \/>\nM\u00f3jate la mu\u00f1eca a diario con agua bendita mientras meditas y rezas por tu deseo<br \/>\nPaso 3<br \/>\nSustituye tus llaves por el llavero de San Miguel<br \/>\n(Nota: Para una protecci\u00f3n adicional quema 3 velas de San Miguel)<\/li>\n","protected":false},"excerpt":{"rendered":"<p>Derrota a tus enemigos<\/p>\n","protected":false},"featured_media":14310,"comment_status":"open","ping_status":"closed","template":"","meta":{"_kad_blocks_custom_css":"","_kad_blocks_head_custom_js":"","_kad_blocks_body_custom_js":"","_kad_blocks_footer_custom_js":"","_kad_post_transparent":"","_kad_post_title":"","_kad_post_layout":"","_kad_post_sidebar_id":"","_kad_post_content_style":"","_kad_post_vertical_padding":"","_kad_post_feature":"","_kad_post_feature_position":"","_kad_post_header":false,"_kad_post_footer":false,"_kad_post_classname":""},"product_brand":[],"product_cat":[3100],"product_tag":[4025,4020,3110,3353,4023,3361,3356,4021],"class_list":{"0":"post-17470","1":"product","2":"type-product","3":"status-publish","4":"has-post-thumbnail","6":"product_cat-protege-del-dano","7":"product_tag-agua-bendita-de-san-miguel","8":"product_tag-llavero-san-miguel","9":"product_tag-rituales-de-proteccion","10":"product_tag-san-miguel","11":"product_tag-san-miguel-2","12":"product_tag-san-miguel-arcangel","13":"product_tag-santos-mexicanos","14":"product_tag-set-llavero-san-miguel","15":"product_shipping_class-tarifa-plana-3","17":"first","18":"outofstock","19":"taxable","20":"shipping-taxable","21":"purchasable","22":"product-type-simple","23":"entry","24":"content-bg","25":"loop-entry"},"taxonomy_info":{"product_cat":[{"value":3100,"label":"Protege del da\u00f1o"}],"product_tag":[{"value":4025,"label":"Agua bendita de San Miguel"},{"value":4020,"label":"Llavero San Miguel"},{"value":3110,"label":"rituales de protecci\u00f3n"},{"value":3353,"label":"San Miguel"},{"value":4023,"label":"San Miguel"},{"value":3361,"label":"San Miguel Arc\u00e1ngel"},{"value":3356,"label":"Santos mexicanos"},{"value":4021,"label":"Set llavero San Miguel"}]},"featured_image_src_large":["https:\/\/texmexcurios.com\/wp-content\/uploads\/2024\/07\/Saint-Michael-keychain-set-1000.jpg",1000,1000,false],"author_info":[],"comment_info":0,"_links":{"self":[{"href":"https:\/\/texmexcurios.com\/es\/wp-json\/wp\/v2\/product\/17470","targetHints":{"allow":["GET"]}}],"collection":[{"href":"https:\/\/texmexcurios.com\/es\/wp-json\/wp\/v2\/product"}],"about":[{"href":"https:\/\/texmexcurios.com\/es\/wp-json\/wp\/v2\/types\/product"}],"replies":[{"embeddable":true,"href":"https:\/\/texmexcurios.com\/es\/wp-json\/wp\/v2\/comments?post=17470"}],"wp:featuredmedia":[{"embeddable":true,"href":"https:\/\/texmexcurios.com\/es\/wp-json\/wp\/v2\/media\/14310"}],"wp:attachment":[{"href":"https:\/\/texmexcurios.com\/es\/wp-json\/wp\/v2\/media?parent=17470"}],"wp:term":[{"taxonomy":"product_brand","embeddable":true,"href":"https:\/\/texmexcurios.com\/es\/wp-json\/wp\/v2\/product_brand?post=17470"},{"taxonomy":"product_cat","embeddable":true,"href":"https:\/\/texmexcurios.com\/es\/wp-json\/wp\/v2\/product_cat?post=17470"},{"taxonomy":"product_tag","embeddable":true,"href":"https:\/\/texmexcurios.com\/es\/wp-json\/wp\/v2\/product_tag?post=17470"}],"curies":[{"name":"wp","href":"https:\/\/api.w.org\/{rel}","templated":true}]}}