{"id":17454,"date":"2024-07-12T07:20:13","date_gmt":"2024-07-12T12:20:13","guid":{"rendered":"https:\/\/texmexcurios.com\/juego-de-amuletos-de-pared-10-pulgadas\/"},"modified":"2024-07-12T07:20:13","modified_gmt":"2024-07-12T12:20:13","slug":"juego-de-amuletos-de-pared-10-pulgadas","status":"publish","type":"product","link":"https:\/\/texmexcurios.com\/es\/producto\/juego-de-amuletos-de-pared-10-pulgadas\/","title":{"rendered":"Juego de Amuletos de Pared &#8211; 10 pulgadas"},"content":{"rendered":"<p>Cuelga este poderoso Amuleto de pared del mal de ojo y ponte el perfume del mal de ojo todos los d\u00edas y prot\u00e9gete a ti y a tu familia de la envidia, las fuerzas malignas y los enemigos. Elimina de tu vida a las personas envidiosas. El amuleto de pared tambi\u00e9n conceder\u00e1 bendiciones a tu hogar o negocio.  <\/p>\n<ul>\n<li>Amuleto de pared de 10 pulgadas<\/li>\n<li>2 oz. de perfume evil eye <\/li>\n<li>Ver instrucciones m\u00e1s abajo<\/li>\n<\/ul>\n<p>Paso 1<br \/>\nColoca el amuleto de pared cerca de la entrada de tu casa o negocio<br \/>\nPaso 2<br \/>\nPonte el perfume de mal de ojo a diario y especialmente si vas a salir o vas a tener compa\u00f1\u00eda<br \/>\nPaso 3<br \/>\nFrota los pomos de las puertas de la entrada de tu casa o negocio a diario. Reza diariamente tu oraci\u00f3n favorita y visualiza lo que deseas<br \/>\n(Nota: Para una protecci\u00f3n adicional quema 3 velas contra el mal de ojo) <\/p>\n","protected":false},"excerpt":{"rendered":"<p>Protege de la Envidia y del Da\u00f1o<\/p>\n","protected":false},"featured_media":16905,"comment_status":"open","ping_status":"closed","template":"","meta":{"_kad_blocks_custom_css":"","_kad_blocks_head_custom_js":"","_kad_blocks_body_custom_js":"","_kad_blocks_footer_custom_js":"","_kad_post_transparent":"","_kad_post_title":"","_kad_post_layout":"","_kad_post_sidebar_id":"","_kad_post_content_style":"","_kad_post_vertical_padding":"","_kad_post_feature":"","_kad_post_feature_position":"","_kad_post_header":false,"_kad_post_footer":false,"_kad_post_classname":""},"product_brand":[],"product_cat":[3100],"product_tag":[3982,3357,3984,3359,3987,3354,3980,3978,3360,3110,3358,3107,3104],"class_list":{"0":"post-17454","1":"product","2":"type-product","3":"status-publish","4":"has-post-thumbnail","6":"product_cat-protege-del-dano","7":"product_tag-colgante-de-pared-mal-de-ojo","8":"product_tag-colonia-evil-eye","9":"product_tag-hechizo-de-proteccion-contra-el-mal-de-ojo","10":"product_tag-hechizo-del-mal-de-ojo","11":"product_tag-mal-de-ojo-2","12":"product_tag-mal-de-ojo","13":"product_tag-mal-de-ojo-decoracion-de-pared","14":"product_tag-perfume-mal-de-ojo","15":"product_tag-proteccion-ocular-maligna","16":"product_tag-rituales-de-proteccion","17":"product_tag-significado-del-mal-de-ojo","18":"product_tag-velas-curativas","19":"product_tag-velas-espirituales","20":"product_shipping_class-tarifa-plana-3","22":"first","23":"instock","24":"taxable","25":"shipping-taxable","26":"purchasable","27":"product-type-simple","28":"entry","29":"content-bg","30":"loop-entry"},"taxonomy_info":{"product_cat":[{"value":3100,"label":"Protege del da\u00f1o"}],"product_tag":[{"value":3982,"label":"colgante de pared mal de ojo"},{"value":3357,"label":"colonia evil eye"},{"value":3984,"label":"hechizo de protecci\u00f3n contra el mal de ojo"},{"value":3359,"label":"hechizo del mal de ojo"},{"value":3987,"label":"mal de ojo"},{"value":3354,"label":"mal de ojo"},{"value":3980,"label":"mal de ojo decoraci\u00f3n de pared"},{"value":3978,"label":"perfume mal de ojo"},{"value":3360,"label":"protecci\u00f3n ocular maligna"},{"value":3110,"label":"rituales de protecci\u00f3n"},{"value":3358,"label":"significado del mal de ojo"},{"value":3107,"label":"velas curativas"},{"value":3104,"label":"Velas espirituales"}]},"featured_image_src_large":["https:\/\/texmexcurios.com\/wp-content\/uploads\/2024\/07\/Wall-Amulet-10-inch-1000-1.jpg",1000,1000,false],"author_info":[],"comment_info":0,"_links":{"self":[{"href":"https:\/\/texmexcurios.com\/es\/wp-json\/wp\/v2\/product\/17454","targetHints":{"allow":["GET"]}}],"collection":[{"href":"https:\/\/texmexcurios.com\/es\/wp-json\/wp\/v2\/product"}],"about":[{"href":"https:\/\/texmexcurios.com\/es\/wp-json\/wp\/v2\/types\/product"}],"replies":[{"embeddable":true,"href":"https:\/\/texmexcurios.com\/es\/wp-json\/wp\/v2\/comments?post=17454"}],"wp:featuredmedia":[{"embeddable":true,"href":"https:\/\/texmexcurios.com\/es\/wp-json\/wp\/v2\/media\/16905"}],"wp:attachment":[{"href":"https:\/\/texmexcurios.com\/es\/wp-json\/wp\/v2\/media?parent=17454"}],"wp:term":[{"taxonomy":"product_brand","embeddable":true,"href":"https:\/\/texmexcurios.com\/es\/wp-json\/wp\/v2\/product_brand?post=17454"},{"taxonomy":"product_cat","embeddable":true,"href":"https:\/\/texmexcurios.com\/es\/wp-json\/wp\/v2\/product_cat?post=17454"},{"taxonomy":"product_tag","embeddable":true,"href":"https:\/\/texmexcurios.com\/es\/wp-json\/wp\/v2\/product_tag?post=17454"}],"curies":[{"name":"wp","href":"https:\/\/api.w.org\/{rel}","templated":true}]}}