{"id":17438,"date":"2024-07-12T10:16:09","date_gmt":"2024-07-12T15:16:09","guid":{"rendered":"https:\/\/texmexcurios.com\/set-de-pulsera-y-estampa-de-san-ciprano\/"},"modified":"2024-07-12T10:16:09","modified_gmt":"2024-07-12T15:16:09","slug":"set-de-pulsera-y-estampa-de-san-ciprano","status":"publish","type":"product","link":"https:\/\/texmexcurios.com\/es\/producto\/set-de-pulsera-y-estampa-de-san-ciprano\/","title":{"rendered":"Set de pulsera y estampa de San Ciprano"},"content":{"rendered":"<p>Set de pulsera y estampa de San Ciprano. Lleva una pulsera de piedras preciosas San Cipriano y reza tu estampa a diario para protegerte del demonio, las brujas y los malos esp\u00edritus. Tambi\u00e9n puedes colocar la pulsera en tu bolsa de amuletos y llevarla siempre contigo.  <\/p>\n<ul>\n<li>La compra incluye una pulsera de piedras preciosas de San Cipriano, una estampa y una bolsa con dijes<\/li>\n<\/ul>\n","protected":false},"excerpt":{"rendered":"<p>Elimina demonios, brujas y esp\u00edritus malignos<\/p>\n","protected":false},"featured_media":14304,"comment_status":"open","ping_status":"closed","template":"","meta":{"_kad_blocks_custom_css":"","_kad_blocks_head_custom_js":"","_kad_blocks_body_custom_js":"","_kad_blocks_footer_custom_js":"","_kad_post_transparent":"","_kad_post_title":"","_kad_post_layout":"","_kad_post_sidebar_id":"","_kad_post_content_style":"","_kad_post_vertical_padding":"","_kad_post_feature":"","_kad_post_feature_position":"","_kad_post_header":false,"_kad_post_footer":false,"_kad_post_classname":""},"product_brand":[],"product_cat":[3100],"product_tag":[3185,3952,3115,3881,3958,3113,3101,3957,3956,3117,3110,3119,3959],"class_list":{"0":"post-17438","1":"product","2":"type-product","3":"status-publish","4":"has-post-thumbnail","6":"product_cat-protege-del-dano","7":"product_tag-cristales-curativos","8":"product_tag-cristales-de-proteccion-2","9":"product_tag-hechizo-de-proteccion-contra-el-mal","10":"product_tag-joyas-de-cristal","11":"product_tag-oracion-de-san-ciprano","12":"product_tag-oracion-san-cipriano","13":"product_tag-proteccion-contra-el-diablo","14":"product_tag-pulsera-de-san-cipriano","15":"product_tag-pulsera-san-cipriano","16":"product_tag-ritual-de-proteccion-contra-el-diablo","17":"product_tag-rituales-de-proteccion","18":"product_tag-san-cipriano-para-proteccion","19":"product_tag-santo-mexicano","20":"product_shipping_class-tarifa-plana-3","22":"first","23":"instock","24":"taxable","25":"shipping-taxable","26":"purchasable","27":"product-type-simple","28":"entry","29":"content-bg","30":"loop-entry"},"taxonomy_info":{"product_cat":[{"value":3100,"label":"Protege del da\u00f1o"}],"product_tag":[{"value":3185,"label":"cristales curativos"},{"value":3952,"label":"cristales de protecci\u00f3n"},{"value":3115,"label":"hechizo de protecci\u00f3n contra el mal"},{"value":3881,"label":"joyas de cristal"},{"value":3958,"label":"Oraci\u00f3n de San Ciprano"},{"value":3113,"label":"oracion San Cipriano"},{"value":3101,"label":"protecci\u00f3n contra el diablo"},{"value":3957,"label":"Pulsera de San Cipriano"},{"value":3956,"label":"Pulsera San Cipriano"},{"value":3117,"label":"ritual de protecci\u00f3n contra el diablo"},{"value":3110,"label":"rituales de protecci\u00f3n"},{"value":3119,"label":"San Cipriano para protecci\u00f3n"},{"value":3959,"label":"Santo mexicano"}]},"featured_image_src_large":["https:\/\/texmexcurios.com\/wp-content\/uploads\/2024\/07\/San-cipriano-bracelet-and-prayer-card-set-1000.jpg",1000,1000,false],"author_info":[],"comment_info":0,"_links":{"self":[{"href":"https:\/\/texmexcurios.com\/es\/wp-json\/wp\/v2\/product\/17438","targetHints":{"allow":["GET"]}}],"collection":[{"href":"https:\/\/texmexcurios.com\/es\/wp-json\/wp\/v2\/product"}],"about":[{"href":"https:\/\/texmexcurios.com\/es\/wp-json\/wp\/v2\/types\/product"}],"replies":[{"embeddable":true,"href":"https:\/\/texmexcurios.com\/es\/wp-json\/wp\/v2\/comments?post=17438"}],"wp:featuredmedia":[{"embeddable":true,"href":"https:\/\/texmexcurios.com\/es\/wp-json\/wp\/v2\/media\/14304"}],"wp:attachment":[{"href":"https:\/\/texmexcurios.com\/es\/wp-json\/wp\/v2\/media?parent=17438"}],"wp:term":[{"taxonomy":"product_brand","embeddable":true,"href":"https:\/\/texmexcurios.com\/es\/wp-json\/wp\/v2\/product_brand?post=17438"},{"taxonomy":"product_cat","embeddable":true,"href":"https:\/\/texmexcurios.com\/es\/wp-json\/wp\/v2\/product_cat?post=17438"},{"taxonomy":"product_tag","embeddable":true,"href":"https:\/\/texmexcurios.com\/es\/wp-json\/wp\/v2\/product_tag?post=17438"}],"curies":[{"name":"wp","href":"https:\/\/api.w.org\/{rel}","templated":true}]}}