{"id":17432,"date":"2024-07-12T10:22:47","date_gmt":"2024-07-12T15:22:47","guid":{"rendered":"https:\/\/texmexcurios.com\/set-de-pulsera-y-estampa-de-san-miguel\/"},"modified":"2024-07-12T10:22:47","modified_gmt":"2024-07-12T15:22:47","slug":"set-de-pulsera-y-estampa-de-san-miguel","status":"publish","type":"product","link":"https:\/\/texmexcurios.com\/es\/producto\/set-de-pulsera-y-estampa-de-san-miguel\/","title":{"rendered":"Set de pulsera y estampa de San Miguel"},"content":{"rendered":"<p>Set de pulsera y estampa de San Miguel. Lleva una pulsera de piedras preciosas de San Miguel Arc\u00e1ngel y reza tu estampa a diario y \u00e9l intervendr\u00e1 y te ayudar\u00e1 a luchar para ganar tus batallas y derrotar a tus enemigos; tambi\u00e9n puedes colocar la pulsera en tu bolsa de amuletos y llevarla siempre contigo <\/p>\n<ul>\n<li>La compra incluye una pulsera de piedras preciosas de San Miguel, una estampa y una bolsa con dijes<\/li>\n<\/ul>\n","protected":false},"excerpt":{"rendered":"<p>Derrota a tus enemigos<\/p>\n","protected":false},"featured_media":14303,"comment_status":"open","ping_status":"closed","template":"","meta":{"_kad_blocks_custom_css":"","_kad_blocks_head_custom_js":"","_kad_blocks_body_custom_js":"","_kad_blocks_footer_custom_js":"","_kad_post_transparent":"","_kad_post_title":"","_kad_post_layout":"","_kad_post_sidebar_id":"","_kad_post_content_style":"","_kad_post_vertical_padding":"","_kad_post_feature":"","_kad_post_feature_position":"","_kad_post_header":false,"_kad_post_footer":false,"_kad_post_classname":""},"product_brand":[],"product_cat":[3100],"product_tag":[3185,3952,3881,3947,3944,3945,3948,3949,3950,3951,3946,3110,3353,3361],"class_list":{"0":"post-17432","1":"product","2":"type-product","3":"status-publish","4":"has-post-thumbnail","6":"product_cat-protege-del-dano","7":"product_tag-cristales-curativos","8":"product_tag-cristales-de-proteccion-2","9":"product_tag-joyas-de-cristal","10":"product_tag-joyas-de-san-miguel","11":"product_tag-oracion-de-san-miguel","12":"product_tag-oracion-de-san-miguel-para-pedir-proteccion","13":"product_tag-pulsera-de-cuentas-de-san-miguel","14":"product_tag-pulsera-de-proteccion-arcangel-miguel","15":"product_tag-pulsera-de-san-miguel-para-hombre","16":"product_tag-pulsera-de-san-miguel-para-mujer","17":"product_tag-pulsera-san-miguel","18":"product_tag-rituales-de-proteccion","19":"product_tag-san-miguel","20":"product_tag-san-miguel-arcangel","21":"product_shipping_class-tarifa-plana-3","23":"first","24":"instock","25":"taxable","26":"shipping-taxable","27":"purchasable","28":"product-type-simple","29":"entry","30":"content-bg","31":"loop-entry"},"taxonomy_info":{"product_cat":[{"value":3100,"label":"Protege del da\u00f1o"}],"product_tag":[{"value":3185,"label":"cristales curativos"},{"value":3952,"label":"cristales de protecci\u00f3n"},{"value":3881,"label":"joyas de cristal"},{"value":3947,"label":"Joyas de San Miguel"},{"value":3944,"label":"Oraci\u00f3n de San Miguel"},{"value":3945,"label":"Oraci\u00f3n de San Miguel para pedir protecci\u00f3n"},{"value":3948,"label":"Pulsera de cuentas de San Miguel"},{"value":3949,"label":"Pulsera de protecci\u00f3n Arc\u00e1ngel Miguel"},{"value":3950,"label":"Pulsera de San Miguel para hombre"},{"value":3951,"label":"Pulsera de San Miguel para mujer"},{"value":3946,"label":"Pulsera San Miguel"},{"value":3110,"label":"rituales de protecci\u00f3n"},{"value":3353,"label":"San Miguel"},{"value":3361,"label":"San Miguel Arc\u00e1ngel"}]},"featured_image_src_large":["https:\/\/texmexcurios.com\/wp-content\/uploads\/2024\/07\/Saint-Michael-bracelet-and-prayer-card-set-1000.jpg",1000,1000,false],"author_info":[],"comment_info":0,"_links":{"self":[{"href":"https:\/\/texmexcurios.com\/es\/wp-json\/wp\/v2\/product\/17432","targetHints":{"allow":["GET"]}}],"collection":[{"href":"https:\/\/texmexcurios.com\/es\/wp-json\/wp\/v2\/product"}],"about":[{"href":"https:\/\/texmexcurios.com\/es\/wp-json\/wp\/v2\/types\/product"}],"replies":[{"embeddable":true,"href":"https:\/\/texmexcurios.com\/es\/wp-json\/wp\/v2\/comments?post=17432"}],"wp:featuredmedia":[{"embeddable":true,"href":"https:\/\/texmexcurios.com\/es\/wp-json\/wp\/v2\/media\/14303"}],"wp:attachment":[{"href":"https:\/\/texmexcurios.com\/es\/wp-json\/wp\/v2\/media?parent=17432"}],"wp:term":[{"taxonomy":"product_brand","embeddable":true,"href":"https:\/\/texmexcurios.com\/es\/wp-json\/wp\/v2\/product_brand?post=17432"},{"taxonomy":"product_cat","embeddable":true,"href":"https:\/\/texmexcurios.com\/es\/wp-json\/wp\/v2\/product_cat?post=17432"},{"taxonomy":"product_tag","embeddable":true,"href":"https:\/\/texmexcurios.com\/es\/wp-json\/wp\/v2\/product_tag?post=17432"}],"curies":[{"name":"wp","href":"https:\/\/api.w.org\/{rel}","templated":true}]}}