{"id":17430,"date":"2024-07-15T03:23:55","date_gmt":"2024-07-15T08:23:55","guid":{"rendered":"https:\/\/texmexcurios.com\/set-de-pulsera-abundancia-y-aceite-de-feromonas\/"},"modified":"2024-07-15T03:23:55","modified_gmt":"2024-07-15T08:23:55","slug":"set-de-pulsera-abundancia-y-aceite-de-feromonas","status":"publish","type":"product","link":"https:\/\/texmexcurios.com\/es\/producto\/set-de-pulsera-abundancia-y-aceite-de-feromonas\/","title":{"rendered":"Set de Pulsera Abundancia y Aceite de Feromonas"},"content":{"rendered":"<p>Set de Pulsera de la Abundancia y Aceite de Feromonas. Rituales de abundancia y riqueza que atraer\u00e1n mucho dinero a tu casa o negocio; Rituales de abundancia para ganar grandes botes en casinos, juegos de cartas, bingo, loter\u00eda y apuestas deportivas. Lleva la pulsera de jade y el aceite perfumado de feromonas a diario para atraer la energ\u00eda positiva del dinero. Tambi\u00e9n puedes colocar la pulsera en tu bolsa de amuletos y llevarla siempre contigo.   <\/p>\n<ul>\n<li>Pulsera de jade y bolsa de dijes<\/li>\n<li>Aceite de perfume Abundancia y Riqueza 2 oz. <\/li>\n<\/ul>\n<p><strong>(Nota: Para obtener energ\u00eda adicional, quema 3 velas de Abundancia)<\/strong><\/p>\n","protected":false},"excerpt":{"rendered":"<p>Atrae mucho dinero<\/p>\n","protected":false},"featured_media":14280,"comment_status":"open","ping_status":"closed","template":"","meta":{"_kad_blocks_custom_css":"","_kad_blocks_head_custom_js":"","_kad_blocks_body_custom_js":"","_kad_blocks_footer_custom_js":"","_kad_post_transparent":"","_kad_post_title":"","_kad_post_layout":"","_kad_post_sidebar_id":"","_kad_post_content_style":"","_kad_post_vertical_padding":"","_kad_post_feature":"","_kad_post_feature_position":"","_kad_post_header":false,"_kad_post_footer":false,"_kad_post_classname":""},"product_brand":[],"product_cat":[3121,3171],"product_tag":[3879,3880,3941,3940,3942,3341,3943,3937,3938,3939,3204],"class_list":{"0":"post-17430","1":"product","2":"type-product","3":"status-publish","4":"has-post-thumbnail","6":"product_cat-multiplica-tu-dinero","7":"product_cat-gana-al-juego","8":"product_tag-aceite-de-la-suerte","9":"product_tag-buena-suerte-aceite","10":"product_tag-buena-suerte-feromona","11":"product_tag-feromona-de-la-abundancia","12":"product_tag-perfume-de-la-buena-suerte","13":"product_tag-productos-metafisicos","14":"product_tag-pulsera-abundancia-set-feromonas","15":"product_tag-pulsera-de-la-abundancia","16":"product_tag-pulsera-de-la-suerte","17":"product_tag-pulsera-milagro","18":"product_tag-rituales-de-juego","19":"product_shipping_class-tarifa-plana-3","21":"first","22":"instock","23":"taxable","24":"shipping-taxable","25":"purchasable","26":"product-type-simple","27":"entry","28":"content-bg","29":"loop-entry"},"taxonomy_info":{"product_cat":[{"value":3121,"label":"Multiplica tu dinero"},{"value":3171,"label":"Gana al juego"}],"product_tag":[{"value":3879,"label":"aceite de la suerte"},{"value":3880,"label":"buena suerte aceite"},{"value":3941,"label":"buena suerte feromona"},{"value":3940,"label":"feromona de la abundancia"},{"value":3942,"label":"perfume de la buena suerte"},{"value":3341,"label":"productos metaf\u00edsicos"},{"value":3943,"label":"pulsera abundancia set feromonas"},{"value":3937,"label":"Pulsera de la abundancia"},{"value":3938,"label":"pulsera de la suerte"},{"value":3939,"label":"pulsera milagro"},{"value":3204,"label":"rituales de juego"}]},"featured_image_src_large":["https:\/\/texmexcurios.com\/wp-content\/uploads\/2024\/07\/Abundance-Bracelet-and-Pheromone-Perfume-Set-1000.jpg",1000,1000,false],"author_info":[],"comment_info":0,"_links":{"self":[{"href":"https:\/\/texmexcurios.com\/es\/wp-json\/wp\/v2\/product\/17430","targetHints":{"allow":["GET"]}}],"collection":[{"href":"https:\/\/texmexcurios.com\/es\/wp-json\/wp\/v2\/product"}],"about":[{"href":"https:\/\/texmexcurios.com\/es\/wp-json\/wp\/v2\/types\/product"}],"replies":[{"embeddable":true,"href":"https:\/\/texmexcurios.com\/es\/wp-json\/wp\/v2\/comments?post=17430"}],"wp:featuredmedia":[{"embeddable":true,"href":"https:\/\/texmexcurios.com\/es\/wp-json\/wp\/v2\/media\/14280"}],"wp:attachment":[{"href":"https:\/\/texmexcurios.com\/es\/wp-json\/wp\/v2\/media?parent=17430"}],"wp:term":[{"taxonomy":"product_brand","embeddable":true,"href":"https:\/\/texmexcurios.com\/es\/wp-json\/wp\/v2\/product_brand?post=17430"},{"taxonomy":"product_cat","embeddable":true,"href":"https:\/\/texmexcurios.com\/es\/wp-json\/wp\/v2\/product_cat?post=17430"},{"taxonomy":"product_tag","embeddable":true,"href":"https:\/\/texmexcurios.com\/es\/wp-json\/wp\/v2\/product_tag?post=17430"}],"curies":[{"name":"wp","href":"https:\/\/api.w.org\/{rel}","templated":true}]}}