{"id":17418,"date":"2024-07-15T04:54:16","date_gmt":"2024-07-15T09:54:16","guid":{"rendered":"https:\/\/texmexcurios.com\/set-de-vela-y-perfume-gato-de-la-suerte\/"},"modified":"2026-04-29T12:38:06","modified_gmt":"2026-04-29T17:38:06","slug":"set-de-vela-y-perfume-gato-de-la-suerte","status":"publish","type":"product","link":"https:\/\/texmexcurios.com\/es\/producto\/set-de-vela-y-perfume-gato-de-la-suerte\/","title":{"rendered":"Set de Vela y Spray Gato de la Suerte"},"content":{"rendered":"<p>Set de Vela y Spray Gato de la Suerte. Enciende una vela del gato de la suerte y ponte perfume a diario si necesitas un empleo inmediato o quieres atraer m\u00e1s clientes a tu negocio.  Potente ritual para tener suerte r\u00e1pidamente en los juegos de casino, bingo, juegos de cartas, suerte en la loter\u00eda y apuestas deportivas. Las velas espirituales se fijan con hierbas m\u00e1gicas, aceites espirituales y cristales curativos.<\/p>\n<ul>\n<li>Vela de oraci\u00f3n inspirada en \u00e1ngeles y santos<\/li>\n<li>Perfume Lucky Cat 2 oz. <\/li>\n<li>Pulveriza y reza<\/li>\n<li>Vela sin aroma<\/li>\n<li>Ver instrucciones a continuaci\u00f3n<\/li>\n<\/ul>\n<p>PASO 1<br \/>\nEscribe tu petici\u00f3n, tus deseos en el papel de pergamino situado sobre la vela. Puedes utilizar las dos caras del papel. En resumen, escribe lo que deseas. Puedes incluir en el papel de pergamino detalles como nombre o nombres, d\u00eda o fechas de nacimiento, direcciones, n\u00fameros importantes, lo que creas que est\u00e1 relacionado con tu intenci\u00f3n.   <\/p>\n<p>A continuaci\u00f3n encontrar\u00e1s ejemplos de lo que puedes escribir en tu papel de pergamino para cada vela, que pueden aplicarse o no a tu situaci\u00f3n y sirven s\u00f3lo como gu\u00eda. En \u00faltima instancia, escribe tu intenci\u00f3n y lo que quieres recibir.<br \/>\nPor ejemplo: (Para la parte de las velas, los mismos ejemplos que el gato de la suerte anterior). Para los conjuntos de perfumes San Mart\u00edn, Abundancia y Abre Camino, utiliza los mismos ejemplos anteriores para las velas espec\u00edficas.  <\/p>\n<p>PASO 2<br \/>\nDobla 2 veces el papel de pergamino y col\u00f3calo debajo de la vela.<\/p>\n<p>PASO 3<br \/>\nReza la oraci\u00f3n de la vela, medita y visualiza lo que quieres que ocurra; Reza la oraci\u00f3n diariamente; Si la vela no incluye una oraci\u00f3n, reza tu oraci\u00f3n favorita.<\/p>\n<p>Paso 4<br \/>\nPonte el perfume a diario.<\/p>\n","protected":false},"excerpt":{"rendered":"<p>El Sorteo del Dinero y el \u00c9xito<\/p>\n","protected":false},"featured_media":18366,"comment_status":"open","ping_status":"closed","template":"","meta":{"_kad_blocks_custom_css":"","_kad_blocks_head_custom_js":"","_kad_blocks_body_custom_js":"","_kad_blocks_footer_custom_js":"","_kad_post_transparent":"","_kad_post_title":"","_kad_post_layout":"","_kad_post_sidebar_id":"","_kad_post_content_style":"","_kad_post_vertical_padding":"","_kad_post_feature":"","_kad_post_feature_position":"","_kad_post_header":false,"_kad_post_footer":false,"_kad_post_classname":""},"product_brand":[],"product_cat":[3121,3171],"product_tag":[3425,3426,3429,3428,3424,3430,3421,3341,3204,3244,3926,3213,3927,3921,3210,3781,3199,3104,3197,3140,3201,3423],"class_list":{"0":"post-17418","1":"product","2":"type-product","3":"status-publish","4":"has-post-thumbnail","6":"product_cat-multiplica-tu-dinero","7":"product_cat-gana-al-juego","8":"product_tag-atraer-dinero-perfume","9":"product_tag-hechizo-del-dinero","10":"product_tag-mejor-perfume-para-atraer-el-dinero","11":"product_tag-perfume-de-juego","12":"product_tag-perfume-gato-de-la-suerte","13":"product_tag-perfume-gato-de-la-suerte-por-dinero","14":"product_tag-perfume-para-dibujar-dinero","15":"product_tag-productos-metafisicos","16":"product_tag-rituales-de-juego","17":"product_tag-vela-de-casino","18":"product_tag-vela-de-dinero-de-7-dias","19":"product_tag-vela-de-juego-fija","20":"product_tag-vela-de-la-suerte-2","21":"product_tag-vela-del-gato-de-la-suerte-para-el-dinero","22":"product_tag-vela-fija-de-casino","23":"product_tag-vela-gato-de-la-suerte","24":"product_tag-velas-de-juego","25":"product_tag-velas-espirituales","26":"product_tag-velas-metafisicas","27":"product_tag-velas-para-dibujar-dinero","28":"product_tag-velas-rituales-del-dinero","29":"product_tag-ven-dinero","30":"product_shipping_class-tarifa-plana-4","32":"first","33":"instock","34":"taxable","35":"shipping-taxable","36":"purchasable","37":"product-type-simple","38":"entry","39":"content-bg","40":"loop-entry"},"taxonomy_info":{"product_cat":[{"value":3121,"label":"Multiplica tu dinero"},{"value":3171,"label":"Gana al juego"}],"product_tag":[{"value":3425,"label":"atraer dinero perfume"},{"value":3426,"label":"hechizo del dinero"},{"value":3429,"label":"mejor perfume para atraer el dinero"},{"value":3428,"label":"perfume de juego"},{"value":3424,"label":"perfume gato de la suerte"},{"value":3430,"label":"perfume gato de la suerte por dinero"},{"value":3421,"label":"Perfume para Dibujar Dinero"},{"value":3341,"label":"productos metaf\u00edsicos"},{"value":3204,"label":"rituales de juego"},{"value":3244,"label":"vela de casino"},{"value":3926,"label":"Vela de dinero de 7 d\u00edas"},{"value":3213,"label":"vela de juego fija"},{"value":3927,"label":"vela de la suerte"},{"value":3921,"label":"vela del gato de la suerte para el dinero"},{"value":3210,"label":"vela fija de casino"},{"value":3781,"label":"vela gato de la suerte"},{"value":3199,"label":"velas de juego"},{"value":3104,"label":"Velas espirituales"},{"value":3197,"label":"velas metaf\u00edsicas"},{"value":3140,"label":"velas para dibujar dinero"},{"value":3201,"label":"velas rituales del dinero"},{"value":3423,"label":"Ven Dinero"}]},"featured_image_src_large":["https:\/\/texmexcurios.com\/wp-content\/uploads\/2024\/07\/Lucky-cat-candle-and-perfume-set-1000-1.jpg",1000,1000,false],"author_info":[],"comment_info":0,"_links":{"self":[{"href":"https:\/\/texmexcurios.com\/es\/wp-json\/wp\/v2\/product\/17418","targetHints":{"allow":["GET"]}}],"collection":[{"href":"https:\/\/texmexcurios.com\/es\/wp-json\/wp\/v2\/product"}],"about":[{"href":"https:\/\/texmexcurios.com\/es\/wp-json\/wp\/v2\/types\/product"}],"replies":[{"embeddable":true,"href":"https:\/\/texmexcurios.com\/es\/wp-json\/wp\/v2\/comments?post=17418"}],"wp:featuredmedia":[{"embeddable":true,"href":"https:\/\/texmexcurios.com\/es\/wp-json\/wp\/v2\/media\/18366"}],"wp:attachment":[{"href":"https:\/\/texmexcurios.com\/es\/wp-json\/wp\/v2\/media?parent=17418"}],"wp:term":[{"taxonomy":"product_brand","embeddable":true,"href":"https:\/\/texmexcurios.com\/es\/wp-json\/wp\/v2\/product_brand?post=17418"},{"taxonomy":"product_cat","embeddable":true,"href":"https:\/\/texmexcurios.com\/es\/wp-json\/wp\/v2\/product_cat?post=17418"},{"taxonomy":"product_tag","embeddable":true,"href":"https:\/\/texmexcurios.com\/es\/wp-json\/wp\/v2\/product_tag?post=17418"}],"curies":[{"name":"wp","href":"https:\/\/api.w.org\/{rel}","templated":true}]}}