{"id":17416,"date":"2024-07-15T04:58:43","date_gmt":"2024-07-15T09:58:43","guid":{"rendered":"https:\/\/texmexcurios.com\/set-de-pulsera-y-estampa-de-san-martin-caballero\/"},"modified":"2024-07-15T04:58:43","modified_gmt":"2024-07-15T09:58:43","slug":"set-de-pulsera-y-estampa-de-san-martin-caballero","status":"publish","type":"product","link":"https:\/\/texmexcurios.com\/es\/producto\/set-de-pulsera-y-estampa-de-san-martin-caballero\/","title":{"rendered":"Set de pulsera y estampa de San Mart\u00edn Caballero"},"content":{"rendered":"<p>Conjunto de pulsera San Mart\u00edn Caballero y tarjeta de oraci\u00f3n. Ponte una pulsera de piedras preciosas de San Mart\u00edn Caballero y reza tu carta a diario si est\u00e1s buscando trabajo, quieres un ascenso o mejorar el flujo de dinero en casa o en tu negocio. Tambi\u00e9n puedes colocar la pulsera en tu bolsa de amuletos y llevarla siempre contigo Santo Patr\u00f3n de la buena suerte, el trabajo y el dinero  <\/p>\n<ul>\n<li>La compra incluye una pulsera de piedras preciosas de San Mart\u00edn Caballero, una estampa y una bolsa con dijes<\/li>\n<\/ul>\n","protected":false},"excerpt":{"rendered":"<p>Subvenciones Buena Suerte y Dinero<\/p>\n","protected":false},"featured_media":14806,"comment_status":"open","ping_status":"closed","template":"","meta":{"_kad_blocks_custom_css":"","_kad_blocks_head_custom_js":"","_kad_blocks_body_custom_js":"","_kad_blocks_footer_custom_js":"","_kad_post_transparent":"","_kad_post_title":"","_kad_post_layout":"","_kad_post_sidebar_id":"","_kad_post_content_style":"","_kad_post_vertical_padding":"","_kad_post_feature":"","_kad_post_feature_position":"","_kad_post_header":false,"_kad_post_footer":false,"_kad_post_classname":""},"product_brand":[],"product_cat":[3121],"product_tag":[3136,3902,3923,3924,3925],"class_list":{"0":"post-17416","1":"product","2":"type-product","3":"status-publish","4":"has-post-thumbnail","6":"product_cat-multiplica-tu-dinero","7":"product_tag-oracion-de-san-martin-caballero","8":"product_tag-oraciones-mexicanas","9":"product_tag-pulsera-san-martin-caballero","10":"product_tag-rituales-del-dinero-patrona-de-la-buena-suerte","11":"product_tag-trabajo-y-dinero-2","12":"product_shipping_class-tarifa-plana-3","14":"first","15":"instock","16":"taxable","17":"shipping-taxable","18":"purchasable","19":"product-type-simple","20":"entry","21":"content-bg","22":"loop-entry"},"taxonomy_info":{"product_cat":[{"value":3121,"label":"Multiplica tu dinero"}],"product_tag":[{"value":3136,"label":"Oraci\u00f3n de San Mart\u00edn Caballero"},{"value":3902,"label":"Oraciones mexicanas"},{"value":3923,"label":"Pulsera San Mart\u00edn Caballero"},{"value":3924,"label":"rituales del dinero. Patrona de la buena suerte"},{"value":3925,"label":"trabajo y dinero"}]},"featured_image_src_large":["https:\/\/texmexcurios.com\/wp-content\/uploads\/2024\/07\/San-Martin-Caballero-bracelet-and-prayer-card-set-1000.jpg",1000,1000,false],"author_info":[],"comment_info":0,"_links":{"self":[{"href":"https:\/\/texmexcurios.com\/es\/wp-json\/wp\/v2\/product\/17416","targetHints":{"allow":["GET"]}}],"collection":[{"href":"https:\/\/texmexcurios.com\/es\/wp-json\/wp\/v2\/product"}],"about":[{"href":"https:\/\/texmexcurios.com\/es\/wp-json\/wp\/v2\/types\/product"}],"replies":[{"embeddable":true,"href":"https:\/\/texmexcurios.com\/es\/wp-json\/wp\/v2\/comments?post=17416"}],"wp:featuredmedia":[{"embeddable":true,"href":"https:\/\/texmexcurios.com\/es\/wp-json\/wp\/v2\/media\/14806"}],"wp:attachment":[{"href":"https:\/\/texmexcurios.com\/es\/wp-json\/wp\/v2\/media?parent=17416"}],"wp:term":[{"taxonomy":"product_brand","embeddable":true,"href":"https:\/\/texmexcurios.com\/es\/wp-json\/wp\/v2\/product_brand?post=17416"},{"taxonomy":"product_cat","embeddable":true,"href":"https:\/\/texmexcurios.com\/es\/wp-json\/wp\/v2\/product_cat?post=17416"},{"taxonomy":"product_tag","embeddable":true,"href":"https:\/\/texmexcurios.com\/es\/wp-json\/wp\/v2\/product_tag?post=17416"}],"curies":[{"name":"wp","href":"https:\/\/api.w.org\/{rel}","templated":true}]}}