{"id":17402,"date":"2024-07-16T10:13:47","date_gmt":"2024-07-16T15:13:47","guid":{"rendered":"https:\/\/texmexcurios.com\/set-de-vela-y-spray-justo-juez\/"},"modified":"2026-03-13T07:49:45","modified_gmt":"2026-03-13T12:49:45","slug":"set-de-vela-y-spray-justo-juez","status":"publish","type":"product","link":"https:\/\/texmexcurios.com\/es\/producto\/set-de-vela-y-spray-justo-juez\/","title":{"rendered":"Set de Vela y Spray Justo Juez"},"content":{"rendered":"<p>Set de Vela y Spray Justo Juez. Enciende una vela de Justo Juez y roc\u00edala con perfume en spray a diario para pedir justicia e imparcialidad y ganarte la compasi\u00f3n del Juez y del jurado en tu caso legal. Este ritual te ayudar\u00e1 en tu situaci\u00f3n si te enfrentas a una sentencia y quieres compasi\u00f3n del juez o del jurado. Quema la vela Justo Juez si t\u00fa, un amigo o un familiar hab\u00e9is sido acusados falsamente de un delito.    Las velas espirituales se fijan con hierbas m\u00e1gicas, aceites espirituales y cristales curativos.<\/p>\n<ul>\n<li>Subvenciones libertad condicional<\/li>\n<li>Pulveriza y reza<\/li>\n<li>Vela sin aroma<\/li>\n<li>Vela de oraci\u00f3n inspirada en \u00e1ngeles y santos<\/li>\n<\/ul>\n<p>PASO 1<br \/>\nRoc\u00eda tu cuerpo a diario y especialmente si vas a asistir a una reuni\u00f3n legal o a una vista judicial. Si este trabajo de oraci\u00f3n es para un ser querido, roc\u00eda su foto todos los d\u00edas. <\/p>\n<p>A continuaci\u00f3n encontrar\u00e1s ejemplos de lo que puedes escribir en tu papel de pergamino para cada vela, que pueden aplicarse o no a tu situaci\u00f3n y sirven s\u00f3lo como gu\u00eda. En \u00faltima instancia, escribe tu intenci\u00f3n y lo que deseas recibir.<br \/>\n(Juez Justo, interviene y abandona mi caso) Incluye el caso n\u00ba (Medito y rezo para que haya justicia y equidad en mi caso). ( Medito y rezo para que el Juez o el Jurado tengan piedad).  <\/p>\n<p>PASO 2<br \/>\nEscribe tu petici\u00f3n, tus deseos y lo que quieres recibir en el papel de pergamino situado sobre la vela. Puedes utilizar las dos caras del papel. <\/p>\n<p>Nota: Puedes incluir en el papel de pergamino detalles como el nombre o nombres, fecha(s) de nacimiento, direcciones, n\u00fameros importantes, n\u00ba de caso judicial, lo que creas que est\u00e1 relacionado con tu intenci\u00f3n. <\/p>\n<p>PASO 3<br \/>\nDobla el papel de pergamino 2 veces y col\u00f3calo debajo de la vela.<\/p>\n<p>PASO 4<br \/>\nEnciende la vela de Justo Juez, medita y visualiza lo que quieres que ocurra. Recita la oraci\u00f3n diariamente<br \/>\n<strong>(Nota: Para obtener resultados m\u00e1s potentes, quema una serie de 3 velas Justo Juez)<\/strong><\/p>\n","protected":false},"excerpt":{"rendered":"<p>Concede justicia y equidad<\/p>\n","protected":false},"featured_media":17405,"comment_status":"open","ping_status":"closed","template":"","meta":{"_kad_blocks_custom_css":"","_kad_blocks_head_custom_js":"","_kad_blocks_body_custom_js":"","_kad_blocks_footer_custom_js":"","_kad_post_transparent":"","_kad_post_title":"","_kad_post_layout":"","_kad_post_sidebar_id":"","_kad_post_content_style":"","_kad_post_vertical_padding":"","_kad_post_feature":"","_kad_post_feature_position":"","_kad_post_header":false,"_kad_post_footer":false,"_kad_post_classname":""},"product_brand":[],"product_cat":[3097],"product_tag":[3373,3116,3102,3122,3120,3372,3111,3118,3125,3128,3114,3099,3901,3155,3899,3105,3900,3104],"class_list":{"0":"post-17402","1":"product","2":"type-product","3":"status-publish","4":"has-post-thumbnail","6":"product_cat-gana-tu-caso-judicial","7":"product_tag-aceite-justo-juez","8":"product_tag-arreglado-justo-juez-vela","9":"product_tag-justo-juez","10":"product_tag-justo-juez-en-espanol","11":"product_tag-justo-juez-veladora","12":"product_tag-perfume-justo-juez","13":"product_tag-rituales-de-los-juicios","14":"product_tag-significado-de-justo-juez","15":"product_tag-solo-juez-vela-de-oracion","16":"product_tag-vela-de-7-dias-justo-juez","17":"product_tag-vela-de-oracion-justo-juez","18":"product_tag-vela-justo-juez","19":"product_tag-vela-scompuestas","20":"product_tag-velas-de-bendicion","21":"product_tag-velas-de-oracion","22":"product_tag-velas-de-oracion-mexicanas","23":"product_tag-velas-de-santo-mexicano-justo-juez","24":"product_tag-velas-espirituales","25":"product_shipping_class-tarifa-plana-4","27":"first","28":"instock","29":"taxable","30":"shipping-taxable","31":"purchasable","32":"product-type-simple","33":"entry","34":"content-bg","35":"loop-entry"},"taxonomy_info":{"product_cat":[{"value":3097,"label":"Gana tu caso judicial"}],"product_tag":[{"value":3373,"label":"Aceite Justo Juez"},{"value":3116,"label":"arreglado justo juez vela"},{"value":3102,"label":"Justo Juez"},{"value":3122,"label":"Justo Juez en espa\u00f1ol"},{"value":3120,"label":"Justo Juez veladora"},{"value":3372,"label":"Perfume Justo Juez"},{"value":3111,"label":"rituales de los juicios"},{"value":3118,"label":"Significado de Justo Juez"},{"value":3125,"label":"S\u00f3lo Juez vela de oraci\u00f3n"},{"value":3128,"label":"Vela de 7 d\u00edas Justo Juez"},{"value":3114,"label":"Vela de oraci\u00f3n Justo Juez"},{"value":3099,"label":"Vela Justo Juez"},{"value":3901,"label":"vela scompuestas"},{"value":3155,"label":"velas de bendici\u00f3n"},{"value":3899,"label":"velas de oraci\u00f3n"},{"value":3105,"label":"Velas de oraci\u00f3n mexicanas"},{"value":3900,"label":"Velas de santo mexicano Justo Juez"},{"value":3104,"label":"Velas espirituales"}]},"featured_image_src_large":["https:\/\/texmexcurios.com\/wp-content\/uploads\/2024\/07\/Justo-Juez-Spray-and-Candle-Set-1000.jpg",1000,1000,false],"author_info":[],"comment_info":0,"_links":{"self":[{"href":"https:\/\/texmexcurios.com\/es\/wp-json\/wp\/v2\/product\/17402","targetHints":{"allow":["GET"]}}],"collection":[{"href":"https:\/\/texmexcurios.com\/es\/wp-json\/wp\/v2\/product"}],"about":[{"href":"https:\/\/texmexcurios.com\/es\/wp-json\/wp\/v2\/types\/product"}],"replies":[{"embeddable":true,"href":"https:\/\/texmexcurios.com\/es\/wp-json\/wp\/v2\/comments?post=17402"}],"wp:featuredmedia":[{"embeddable":true,"href":"https:\/\/texmexcurios.com\/es\/wp-json\/wp\/v2\/media\/17405"}],"wp:attachment":[{"href":"https:\/\/texmexcurios.com\/es\/wp-json\/wp\/v2\/media?parent=17402"}],"wp:term":[{"taxonomy":"product_brand","embeddable":true,"href":"https:\/\/texmexcurios.com\/es\/wp-json\/wp\/v2\/product_brand?post=17402"},{"taxonomy":"product_cat","embeddable":true,"href":"https:\/\/texmexcurios.com\/es\/wp-json\/wp\/v2\/product_cat?post=17402"},{"taxonomy":"product_tag","embeddable":true,"href":"https:\/\/texmexcurios.com\/es\/wp-json\/wp\/v2\/product_tag?post=17402"}],"curies":[{"name":"wp","href":"https:\/\/api.w.org\/{rel}","templated":true}]}}