{"id":17398,"date":"2024-07-16T10:18:22","date_gmt":"2024-07-16T15:18:22","guid":{"rendered":"https:\/\/texmexcurios.com\/set-de-pulsera-y-estampa-de-justo-juez\/"},"modified":"2024-07-16T10:18:22","modified_gmt":"2024-07-16T15:18:22","slug":"set-de-pulsera-y-estampa-de-justo-juez","status":"publish","type":"product","link":"https:\/\/texmexcurios.com\/es\/producto\/set-de-pulsera-y-estampa-de-justo-juez\/","title":{"rendered":"Set de pulsera y estampa de Justo Juez"},"content":{"rendered":"<p>Set de pulsera y estampa Justo Juez. Lleva una pulsera de piedras preciosas Justo Juez y reza tu estampa a diario para pedir justicia e imparcialidad y para ganarte la compasi\u00f3n del Juez y del jurado en tu caso legal. Este ritual te ayudar\u00e1 en tu situaci\u00f3n si te enfrentas a una sentencia y quieres compasi\u00f3n del juez o del jurado. Tambi\u00e9n puedes colocar la pulsera en tu bolsa de amuletos y llevarla siempre contigo.   <\/p>\n<ul>\n<li>La compra incluye la pulsera de piedras preciosas S\u00f3lo el Juez, la estampa de oraci\u00f3n y la bolsa de amuletos<\/li>\n<li>Subvenciones libertad condicional<\/li>\n<\/ul>\n<p><strong>(Nota: Para obtener m\u00e1s potencia, quema una serie de 3 velas Justo Juez)<\/strong><\/p>\n","protected":false},"excerpt":{"rendered":"<p>Concede justicia y equidad<\/p>\n","protected":false},"featured_media":14291,"comment_status":"open","ping_status":"closed","template":"","meta":{"_kad_blocks_custom_css":"","_kad_blocks_head_custom_js":"","_kad_blocks_body_custom_js":"","_kad_blocks_footer_custom_js":"","_kad_post_transparent":"","_kad_post_title":"","_kad_post_layout":"","_kad_post_sidebar_id":"","_kad_post_content_style":"","_kad_post_vertical_padding":"","_kad_post_feature":"","_kad_post_feature_position":"","_kad_post_header":false,"_kad_post_footer":false,"_kad_post_classname":""},"product_brand":[],"product_cat":[3097],"product_tag":[3881,3892,3102,3882,3891,3889,3886,3885,3888,3111,3890,3887,3105,3103],"class_list":{"0":"post-17398","1":"product","2":"type-product","3":"status-publish","4":"has-post-thumbnail","6":"product_cat-gana-tu-caso-judicial","7":"product_tag-joyas-de-cristal","8":"product_tag-joyeria-espiritual","9":"product_tag-justo-juez","10":"product_tag-oracion-de-justo-juez-en-ingles","11":"product_tag-oracion-del-juez-justo","12":"product_tag-pulsera-hombre-justo-juez","13":"product_tag-pulsera-just-judge","14":"product_tag-pulsera-justo-juez","15":"product_tag-pulsera-mujer-justo-juez","16":"product_tag-rituales-de-los-juicios","17":"product_tag-significado-de-justojuez","18":"product_tag-solo-juez-brazalete-de-proteccion","19":"product_tag-velas-de-oracion-mexicanas","20":"product_tag-velas-de-santo-mexicano","21":"product_shipping_class-tarifa-plana-3","23":"first","24":"instock","25":"taxable","26":"shipping-taxable","27":"purchasable","28":"product-type-simple","29":"entry","30":"content-bg","31":"loop-entry"},"taxonomy_info":{"product_cat":[{"value":3097,"label":"Gana tu caso judicial"}],"product_tag":[{"value":3881,"label":"joyas de cristal"},{"value":3892,"label":"joyer\u00eda espiritual"},{"value":3102,"label":"Justo Juez"},{"value":3882,"label":"Oraci\u00f3n de Justo Juez en ingl\u00e9s"},{"value":3891,"label":"Oraci\u00f3n del Juez Justo"},{"value":3889,"label":"Pulsera Hombre Justo Juez"},{"value":3886,"label":"Pulsera Just Judge"},{"value":3885,"label":"Pulsera Justo Juez"},{"value":3888,"label":"Pulsera Mujer Justo Juez"},{"value":3111,"label":"rituales de los juicios"},{"value":3890,"label":"significado de JustoJuez"},{"value":3887,"label":"S\u00f3lo Juez brazalete de protecci\u00f3n"},{"value":3105,"label":"Velas de oraci\u00f3n mexicanas"},{"value":3103,"label":"Velas de santo mexicano"}]},"featured_image_src_large":["https:\/\/texmexcurios.com\/wp-content\/uploads\/2024\/07\/Justo-Juez-Bracelet-and-prayer-card-Set-1000.jpg",1000,1000,false],"author_info":[],"comment_info":0,"_links":{"self":[{"href":"https:\/\/texmexcurios.com\/es\/wp-json\/wp\/v2\/product\/17398","targetHints":{"allow":["GET"]}}],"collection":[{"href":"https:\/\/texmexcurios.com\/es\/wp-json\/wp\/v2\/product"}],"about":[{"href":"https:\/\/texmexcurios.com\/es\/wp-json\/wp\/v2\/types\/product"}],"replies":[{"embeddable":true,"href":"https:\/\/texmexcurios.com\/es\/wp-json\/wp\/v2\/comments?post=17398"}],"wp:featuredmedia":[{"embeddable":true,"href":"https:\/\/texmexcurios.com\/es\/wp-json\/wp\/v2\/media\/14291"}],"wp:attachment":[{"href":"https:\/\/texmexcurios.com\/es\/wp-json\/wp\/v2\/media?parent=17398"}],"wp:term":[{"taxonomy":"product_brand","embeddable":true,"href":"https:\/\/texmexcurios.com\/es\/wp-json\/wp\/v2\/product_brand?post=17398"},{"taxonomy":"product_cat","embeddable":true,"href":"https:\/\/texmexcurios.com\/es\/wp-json\/wp\/v2\/product_cat?post=17398"},{"taxonomy":"product_tag","embeddable":true,"href":"https:\/\/texmexcurios.com\/es\/wp-json\/wp\/v2\/product_tag?post=17398"}],"curies":[{"name":"wp","href":"https:\/\/api.w.org\/{rel}","templated":true}]}}