{"id":17390,"date":"2024-07-18T04:38:46","date_gmt":"2024-07-18T09:38:46","guid":{"rendered":"https:\/\/texmexcurios.com\/4-velas-de-cristal\/"},"modified":"2026-04-29T06:57:17","modified_gmt":"2026-04-29T11:57:17","slug":"4-velas-de-cristal","status":"publish","type":"product","link":"https:\/\/texmexcurios.com\/es\/producto\/4-velas-de-cristal\/","title":{"rendered":"4 Velas de cristal"},"content":{"rendered":"<p>4 Velas de Cristal. Realiza un ritual de cuatro semanas con velas de cristal para el amor y la abundancia, a fin de limpiar las vibraciones negativas, aliviar la ansiedad, desbloquear tus talentos ocultos y alcanzar la armon\u00eda y el equilibrio. <\/p>\n<ul>\n<li>La compra incluye 4 velas<\/li>\n<li>Ritual con cristales para nuevos comienzos<\/li>\n<li>Elimina las vibraciones negativas<\/li>\n<li>Velas arom\u00e1ticas florales y herbales<\/li>\n<li>Ver instrucciones a continuaci\u00f3n<\/li>\n<\/ul>\n<p>Semana 1: Empieza con la vela Amatista para eliminar la energ\u00eda negativa de tu aura y ayudarte a reunir fuerza interior.<br \/>\nSemana 2: Enciende la vela del Tigre para desbloquear tus talentos \u00fanicos y ocultos . Abre las puertas a mejores oportunidades.<br \/>\nSemana 3: Enciende la vela de Cuarzo Rosa para atraer la energ\u00eda positiva del amor. La vela de Cuarzo Rosa tambi\u00e9n te conceder\u00e1 inspiraci\u00f3n.<br \/>\nSemana 4: Enciende la vela de Cuarzo Claro para la curaci\u00f3n, el valor, la armon\u00eda, la paz y la prosperidad.  <\/p>\n<p>A continuaci\u00f3n encontrar\u00e1s ejemplos de lo que puedes escribir en tu papel de pergamino para cada vela, que pueden aplicarse o no a tu situaci\u00f3n y sirven s\u00f3lo como gu\u00eda. En \u00faltima instancia, escribe tu intenci\u00f3n y lo que deseas recibir. <\/p>\n<p>Por ejemplo:<br \/>\nVela de Amatista (Cura, protege y conc\u00e9deme valor para los nuevos comienzos). (Elimina la energ\u00eda negativa que rodea mi aura). (Dir\u00edgeme hacia la luz de la paz, la prosperidad y el amor).<br \/>\nVela de Ojo de Tigre (Poderoso ojo de Tigre desbloquea mis talentos ocultos) Incluye tu nombre y fecha de nacimiento). (Poderoso ojo de Tigre, concede a mi familia riqueza y prosperidad). (Ojo de Tigre poderoso, abre mis puertas al \u00e9xito en la vida).<br \/>\nVela de Cristal Rosa (Det\u00e9n mis l\u00e1grimas y cura mi coraz\u00f3n) Incluye tu nombre. (Conc\u00e9deme fuerza para un nuevo comienzo)  Incluye tu nombre. (Ay\u00fadame a superar esta separaci\u00f3n amorosa)<br \/>\nVela de Cristal: (Despeja mi mente para la paz y la armon\u00eda) Incluye tu nombre. (Inspirar pensamientos positivos y reducir mi estr\u00e9s) Incluye tu nombre. (Aumentar mi energ\u00eda para que pueda ser fuerte y productiva) Incluye tu nombre.<\/p>\n<p>Para cada vela, realiza los siguientes pasos:<br \/>\nPaso 1<br \/>\nEscribe tu petici\u00f3n, tus deseos, en el papel de pergamino situado sobre la vela. Puedes utilizar las dos caras del papel. En resumen, escribe lo que deseas. Puedes incluir en el papel de pergamino detalles como nombre o nombres, d\u00eda o fechas de nacimiento, direcciones, n\u00fameros importantes, lo que creas que est\u00e1 relacionado con tu intenci\u00f3n.<br \/>\nPaso 2<br \/>\nDobla el papel de pergamino 2 veces y col\u00f3calo debajo de la vela.<br \/>\nPaso 3<br \/>\nReza la oraci\u00f3n sobre la vela, medita y visualiza lo que quieres que ocurra; Reza la oraci\u00f3n a diario; Si la vela no incluye una oraci\u00f3n, reza tu oraci\u00f3n favorita.   <\/p>\n","protected":false},"excerpt":{"rendered":"<p>Ritual del Poder de los 4 Cristales<\/p>\n","protected":false},"featured_media":17392,"comment_status":"open","ping_status":"closed","template":"","meta":{"_kad_blocks_custom_css":"","_kad_blocks_head_custom_js":"","_kad_blocks_body_custom_js":"","_kad_blocks_footer_custom_js":"","_kad_post_transparent":"","_kad_post_title":"","_kad_post_layout":"","_kad_post_sidebar_id":"","_kad_post_content_style":"","_kad_post_vertical_padding":"","_kad_post_feature":"","_kad_post_feature_position":"","_kad_post_header":false,"_kad_post_footer":false,"_kad_post_classname":""},"product_brand":[],"product_cat":[3183],"product_tag":[3185,3211,3207,3203,3187,3294,3232,3871,3225,3872,3873,3226,3197],"class_list":{"0":"post-17390","1":"product","2":"type-product","3":"status-publish","4":"has-post-thumbnail","6":"product_cat-cura-con-cristales","7":"product_tag-cristales-curativos","8":"product_tag-magia-de-cristal","9":"product_tag-rituales-de-cristal","10":"product_tag-vela-de-cristal-amatista","11":"product_tag-vela-de-cristal-de-cuarzo-claro","12":"product_tag-vela-de-cristal-de-cuarzo-rosa","13":"product_tag-vela-de-cristal-ojo-de-tigre","14":"product_tag-vela-de-proteccion","15":"product_tag-vela-del-amor","16":"product_tag-vela-del-dinero","17":"product_tag-vela-limpiadora","18":"product_tag-velas-de-cristal","19":"product_tag-velas-metafisicas","20":"product_shipping_class-tarifa-plana-8","22":"first","23":"instock","24":"taxable","25":"shipping-taxable","26":"purchasable","27":"product-type-simple","28":"entry","29":"content-bg","30":"loop-entry"},"taxonomy_info":{"product_cat":[{"value":3183,"label":"Cura con cristales"}],"product_tag":[{"value":3185,"label":"cristales curativos"},{"value":3211,"label":"magia de cristal."},{"value":3207,"label":"rituales de cristal"},{"value":3203,"label":"Vela de Cristal Amatista"},{"value":3187,"label":"Vela de Cristal de Cuarzo Claro"},{"value":3294,"label":"Vela de Cristal de Cuarzo Rosa"},{"value":3232,"label":"vela de cristal ojo de tigre"},{"value":3871,"label":"vela de protecci\u00f3n"},{"value":3225,"label":"vela del amor"},{"value":3872,"label":"vela del dinero"},{"value":3873,"label":"vela limpiadora"},{"value":3226,"label":"velas de cristal"},{"value":3197,"label":"velas metaf\u00edsicas"}]},"featured_image_src_large":["https:\/\/texmexcurios.com\/wp-content\/uploads\/2024\/07\/4-Crystal-Candles-1000-1.jpg",1000,1000,false],"author_info":[],"comment_info":0,"_links":{"self":[{"href":"https:\/\/texmexcurios.com\/es\/wp-json\/wp\/v2\/product\/17390","targetHints":{"allow":["GET"]}}],"collection":[{"href":"https:\/\/texmexcurios.com\/es\/wp-json\/wp\/v2\/product"}],"about":[{"href":"https:\/\/texmexcurios.com\/es\/wp-json\/wp\/v2\/types\/product"}],"replies":[{"embeddable":true,"href":"https:\/\/texmexcurios.com\/es\/wp-json\/wp\/v2\/comments?post=17390"}],"wp:featuredmedia":[{"embeddable":true,"href":"https:\/\/texmexcurios.com\/es\/wp-json\/wp\/v2\/media\/17392"}],"wp:attachment":[{"href":"https:\/\/texmexcurios.com\/es\/wp-json\/wp\/v2\/media?parent=17390"}],"wp:term":[{"taxonomy":"product_brand","embeddable":true,"href":"https:\/\/texmexcurios.com\/es\/wp-json\/wp\/v2\/product_brand?post=17390"},{"taxonomy":"product_cat","embeddable":true,"href":"https:\/\/texmexcurios.com\/es\/wp-json\/wp\/v2\/product_cat?post=17390"},{"taxonomy":"product_tag","embeddable":true,"href":"https:\/\/texmexcurios.com\/es\/wp-json\/wp\/v2\/product_tag?post=17390"}],"curies":[{"name":"wp","href":"https:\/\/api.w.org\/{rel}","templated":true}]}}