{"id":17383,"date":"2024-07-18T08:44:29","date_gmt":"2024-07-18T13:44:29","guid":{"rendered":"https:\/\/texmexcurios.com\/varita-de-cristal-cuarzo-amatista\/"},"modified":"2024-07-18T08:44:29","modified_gmt":"2024-07-18T13:44:29","slug":"varita-de-cristal-cuarzo-amatista","status":"publish","type":"product","link":"https:\/\/texmexcurios.com\/es\/producto\/varita-de-cristal-cuarzo-amatista\/","title":{"rendered":"Varita de Cristal Cuarzo Amatista"},"content":{"rendered":"<p>Realiza este ritual de la Varita de Cristal de Cuarzo de Amatista para el equilibrio emocional, y te ayudar\u00e1 a procesar la ira, el miedo, la ansiedad y el dolor. Sost\u00e9n la varita en la mano mientras meditas concentr\u00e1ndote en tus deseos. Coloca la varita en tu mesilla de noche para tener un sue\u00f1o tranquilo; Coloca la varita en cualquier lugar o sobre tu persona para protegerte de las vibraciones negativas.  <\/p>\n<ul>\n<li>Concede paz interior<\/li>\n<li>Conc\u00e9ntrate en tus deseos<\/li>\n<li>Protecci\u00f3n contra las vibraciones negativas<\/li>\n<\/ul>\n","protected":false},"excerpt":{"rendered":"<p>Limpia las vibraciones negativas<\/p>\n","protected":false},"featured_media":14285,"comment_status":"open","ping_status":"closed","template":"","meta":{"_kad_blocks_custom_css":"","_kad_blocks_head_custom_js":"","_kad_blocks_body_custom_js":"","_kad_blocks_footer_custom_js":"","_kad_post_transparent":"","_kad_post_title":"","_kad_post_layout":"","_kad_post_sidebar_id":"","_kad_post_content_style":"","_kad_post_vertical_padding":"","_kad_post_feature":"","_kad_post_feature_position":"","_kad_post_header":false,"_kad_post_footer":false,"_kad_post_classname":""},"product_brand":[],"product_cat":[3183],"product_tag":[3185,3211,3341,3862,3207,3859,3860,3856,3863,3857,3858,3861],"class_list":{"0":"post-17383","1":"product","2":"type-product","3":"status-publish","4":"has-post-thumbnail","6":"product_cat-cura-con-cristales","7":"product_tag-cristales-curativos","8":"product_tag-magia-de-cristal","9":"product_tag-productos-metafisicos","10":"product_tag-rituales-curativos-con-cristales","11":"product_tag-rituales-de-cristal","12":"product_tag-varita-curativa-con-cuarzo","13":"product_tag-varita-curativa-de-cristal","14":"product_tag-varita-de-cristal","15":"product_tag-varita-de-cristal-de-cuarzo-amatista","16":"product_tag-varita-de-cristal-de-cuarzo-natural","17":"product_tag-varita-magica-de-cristal","18":"product_tag-varitas-de-cristal","19":"product_shipping_class-tarifa-plana-3","21":"first","22":"instock","23":"taxable","24":"shipping-taxable","25":"purchasable","26":"product-type-simple","27":"entry","28":"content-bg","29":"loop-entry"},"taxonomy_info":{"product_cat":[{"value":3183,"label":"Cura con cristales"}],"product_tag":[{"value":3185,"label":"cristales curativos"},{"value":3211,"label":"magia de cristal."},{"value":3341,"label":"productos metaf\u00edsicos"},{"value":3862,"label":"rituales curativos con cristales"},{"value":3207,"label":"rituales de cristal"},{"value":3859,"label":"varita curativa con cuarzo"},{"value":3860,"label":"varita curativa de cristal"},{"value":3856,"label":"Varita de cristal"},{"value":3863,"label":"varita de cristal de cuarzo amatista"},{"value":3857,"label":"varita de cristal de cuarzo natural"},{"value":3858,"label":"varita m\u00e1gica de cristal"},{"value":3861,"label":"varitas de cristal"}]},"featured_image_src_large":["https:\/\/texmexcurios.com\/wp-content\/uploads\/2024\/07\/Amethyst-Quart-Crystal-Wand-1000.jpg",1000,1000,false],"author_info":[],"comment_info":0,"_links":{"self":[{"href":"https:\/\/texmexcurios.com\/es\/wp-json\/wp\/v2\/product\/17383","targetHints":{"allow":["GET"]}}],"collection":[{"href":"https:\/\/texmexcurios.com\/es\/wp-json\/wp\/v2\/product"}],"about":[{"href":"https:\/\/texmexcurios.com\/es\/wp-json\/wp\/v2\/types\/product"}],"replies":[{"embeddable":true,"href":"https:\/\/texmexcurios.com\/es\/wp-json\/wp\/v2\/comments?post=17383"}],"wp:featuredmedia":[{"embeddable":true,"href":"https:\/\/texmexcurios.com\/es\/wp-json\/wp\/v2\/media\/14285"}],"wp:attachment":[{"href":"https:\/\/texmexcurios.com\/es\/wp-json\/wp\/v2\/media?parent=17383"}],"wp:term":[{"taxonomy":"product_brand","embeddable":true,"href":"https:\/\/texmexcurios.com\/es\/wp-json\/wp\/v2\/product_brand?post=17383"},{"taxonomy":"product_cat","embeddable":true,"href":"https:\/\/texmexcurios.com\/es\/wp-json\/wp\/v2\/product_cat?post=17383"},{"taxonomy":"product_tag","embeddable":true,"href":"https:\/\/texmexcurios.com\/es\/wp-json\/wp\/v2\/product_tag?post=17383"}],"curies":[{"name":"wp","href":"https:\/\/api.w.org\/{rel}","templated":true}]}}