{"id":17355,"date":"2024-08-02T05:37:42","date_gmt":"2024-08-02T10:37:42","guid":{"rendered":"https:\/\/texmexcurios.com\/altar-de-velas-para-casos-judiciales-personales\/"},"modified":"2024-08-02T05:37:42","modified_gmt":"2024-08-02T10:37:42","slug":"altar-de-velas-para-casos-judiciales-personales","status":"publish","type":"product","link":"https:\/\/texmexcurios.com\/es\/producto\/altar-de-velas-para-casos-judiciales-personales\/","title":{"rendered":"Altar de velas para casos judiciales personales"},"content":{"rendered":"<h3>Altar de velas para casos judiciales personales<\/h3>\n<p>Servicio de Altar de Velas para Casos Judiciales para ganar tu caso judicial. Servicio de altar para casos judiciales para obtener justicia y equidad en un caso penal y para ganar la simpat\u00eda del juez o del jurado. Servicio de velas para la buena suerte en la sentencia, para obtener la libertad condicional y para detener los falsos testimonios. Servicio de velas en casos judiciales para obtener la victoria en casos de lesiones personales, divorcio, custodia de menores, empleo y negocios. Personalizamos tu servicio de altar privado para adaptarlo a tus necesidades y quemamos las 4 velas por ti, una vela por semana. Env\u00edanos un mensaje describiendo tu situaci\u00f3n para que podamos preparar un altar de velas para ti y rezar por tu petici\u00f3n. Colocamos tus intenciones debajo de cada una de tus velas y comenzamos nuestra sesi\u00f3n de oraci\u00f3n en tu nombre.      <\/p>\n<p><strong>Quemamos las siguientes velas para ti. Estas velas no se te entregan. <\/strong><\/p>\n<h4 style=\"padding: 1em; margin-bottom: 1em; border-radius: 5px; border: 1px solid #444; overflow: auto;\"><a href=\"https:\/\/texmexcurios.com\/wp-content\/uploads\/2024\/08\/week1-1.jpg\"><img loading=\"lazy\" decoding=\"async\" class=\"alignleft wp-image-16942 size-full\" src=\"https:\/\/texmexcurios.com\/wp-content\/uploads\/2024\/08\/week1-1.jpg\" alt=\"\" width=\"150\" height=\"150\" title=\"\"><\/a>SEMANA 1: Comenzamos con la vela de San Ram\u00f3n Nonato. San Ram\u00f3n, un santo famoso en la tradici\u00f3n mexicana, es el patr\u00f3n de los falsos testimonios. Este poderoso Santo intervendr\u00e1 en tu caso para impedir que otros compartan mentiras sobre ti y\/o tu familia. Detendr\u00e1 los falsos testimonios a la parte contraria, o las mentiras durante el juicio, la mediaci\u00f3n o las negociaciones. San Ram\u00f3n Nonato te proteger\u00e1 de quienes intenten perjudicarte a ti y\/o a tu familia.    <\/h4>\n<h4 style=\"padding: 1em; margin-bottom: 1em; border-radius: 5px; overflow: auto; border: 1px solid #444;\"><a href=\"https:\/\/texmexcurios.com\/wp-content\/uploads\/2024\/08\/week2-1.jpg\"><img loading=\"lazy\" decoding=\"async\" class=\"alignleft wp-image-16943 size-thumbnail\" src=\"https:\/\/texmexcurios.com\/wp-content\/uploads\/2024\/08\/week2-1-150x150.jpg\" alt=\"\" width=\"150\" height=\"150\" title=\"\"><\/a>SEMANA 2: La segunda vela que encendemos en tu nombre es la vela de Justo Juez por la justicia y la equidad. Justo Juez intervendr\u00e1 por ti para que t\u00fa y\/o tu familiar teng\u00e1is un juicio justo y\/o una evaluaci\u00f3n justa de vuestro caso. Justo Juez intervendr\u00e1 en tu nombre por amor, misericordia, un veredicto positivo y la protecci\u00f3n de ti y\/o de tu familia.  <\/h4>\n<h4 style=\"padding: 1em; margin-bottom: 1em; border-radius: 5px; border: 1px solid #444; overflow: auto;\"><a href=\"https:\/\/texmexcurios.com\/wp-content\/uploads\/2024\/08\/week3-1.jpg\"><img loading=\"lazy\" decoding=\"async\" class=\"alignleft size-thumbnail wp-image-16944\" src=\"https:\/\/texmexcurios.com\/wp-content\/uploads\/2024\/08\/week3-1-150x150.jpg\" alt=\"\" width=\"150\" height=\"150\" title=\"\"><\/a>SEMANA 3: La tercera vela que encendemos es la vela de la victoria en el Caso Judicial, para que puedas ganar tu caso. Meditaremos y rezaremos por la victoria, rezaremos por una soluci\u00f3n justa y rezaremos por tu tranquilidad, rezaremos para que se retiren los cargos o se desestime el caso. <\/h4>\n<h4 style=\"padding: 1em; margin-bottom: 1em; border-radius: 5px; border: 1px solid #444; overflow: auto;\"><a href=\"https:\/\/texmexcurios.com\/wp-content\/uploads\/2024\/08\/week4-1.jpg\"><img loading=\"lazy\" decoding=\"async\" class=\"alignleft size-thumbnail wp-image-16945\" src=\"https:\/\/texmexcurios.com\/wp-content\/uploads\/2024\/08\/week4-1-150x150.jpg\" alt=\"\" width=\"150\" height=\"150\" title=\"\"><\/a>SEMANA 4: Concluimos tu sesi\u00f3n privada del altar de velas encendiendo una vela de Alejamiento de la Ley. Este ritual con velas alejar\u00e1 los asuntos legales de ti y\/o de tu familia. Finalizamos nuestra sesi\u00f3n de oraci\u00f3n con una petici\u00f3n para que a ti y a tu familia se os conceda paz, prosperidad y amor.  <\/h4>\n<p>Cada semana, te enviaremos la oraci\u00f3n por mensaje de texto o correo electr\u00f3nico por si quieres participar en la sesi\u00f3n de oraci\u00f3n. Podemos trabajar juntos para luchar y abordar tus problemas de frente. Todas nuestras velas est\u00e1n aderezadas con semillas de mostaza, aceites espirituales, cristales y hierbas. Estos antiguos rituales y poderosas tradiciones se han transmitido de generaci\u00f3n en generaci\u00f3n y, en mi caso, de mi abuela a mi madre y de \u00e9sta a m\u00ed.   <\/p>\n<p>Tras completar el ritual de las velas de 4 semanas y si lo solicitas, te enviaremos fotos de las 4 velas por delante y por detr\u00e1s. Si aparece alguna imagen en las velas, te informar\u00e9 de ello. <\/p>\n<h5>Da un giro a tu vida con este poderoso ritual privado de altar con velas y recibe las bendiciones y la inspiraci\u00f3n de \u00c1ngeles y Santos.<\/h5>\n","protected":false},"excerpt":{"rendered":"<p>Altar ritual de velas por la justicia y la equidad<br \/>\n&#8220;trabajo de velas en tu nombre&#8221;<\/p>\n","protected":false},"featured_media":15674,"comment_status":"open","ping_status":"closed","template":"","meta":{"_kad_blocks_custom_css":"","_kad_blocks_head_custom_js":"","_kad_blocks_body_custom_js":"","_kad_blocks_footer_custom_js":"","_kad_post_transparent":"","_kad_post_title":"","_kad_post_layout":"","_kad_post_sidebar_id":"","_kad_post_content_style":"","_kad_post_vertical_padding":"","_kad_post_feature":"","_kad_post_feature_position":"","_kad_post_header":false,"_kad_post_footer":false,"_kad_post_classname":""},"product_brand":[],"product_cat":[3253],"product_tag":[3792,3793,3790,3789,3795,3797,3794,3267,3266,3255,3261,3265,3264,3791,3268,3245,3788,3800,3798,3799,3796],"class_list":{"0":"post-17355","1":"product","2":"type-product","3":"status-publish","4":"has-post-thumbnail","6":"product_cat-servicio-de-quema-de-velas","7":"product_tag-altar-de-velas-para-casos-judiciales-personales","8":"product_tag-altar-ritual-de-velas-por-la-justicia-y-la-equidad","9":"product_tag-buena-suerte-en-la-sentencia","10":"product_tag-caso-judicial-vela","11":"product_tag-justicia-y-equidad","12":"product_tag-obtener-la-libertad-condicional","13":"product_tag-ritual-para-la-victoria-en-un-juicio-o-demanda-judicial","14":"product_tag-servicio-de-altar-catolico-con-velas","15":"product_tag-servicio-de-altar-con-velas","16":"product_tag-servicio-de-quema-de-velas","17":"product_tag-servicio-interno-de-quema-de-velas","18":"product_tag-servicio-ritual","19":"product_tag-servicio-ritual-de-quema-de-velas","20":"product_tag-simpatia-del-juez-y-del-jurado","21":"product_tag-tienda-de-velas-espirituales","22":"product_tag-vela-de-alejamiento-de-la-ley","23":"product_tag-vela-de-san-raimundo","24":"product_tag-vela-justo-juez-2","25":"product_tag-vela-san-ramon","26":"product_tag-vela-san-ramon-nonato","27":"product_tag-victoria-en-un-juicio-o-demanda","29":"first","30":"instock","31":"virtual","32":"purchasable","33":"product-type-simple","34":"entry","35":"content-bg","36":"loop-entry"},"taxonomy_info":{"product_cat":[{"value":3253,"label":"Servicio de Quema de Velas"}],"product_tag":[{"value":3792,"label":"Altar de velas para casos judiciales personales"},{"value":3793,"label":"Altar ritual de velas por la justicia y la equidad"},{"value":3790,"label":"buena suerte en la sentencia"},{"value":3789,"label":"Caso judicial Vela"},{"value":3795,"label":"Justicia y equidad"},{"value":3797,"label":"obtener la libertad condicional"},{"value":3794,"label":"Ritual para la Victoria en un Juicio o Demanda Judicial"},{"value":3267,"label":"Servicio de altar cat\u00f3lico con velas"},{"value":3266,"label":"Servicio de altar con velas"},{"value":3255,"label":"Servicio de quema de velas"},{"value":3261,"label":"Servicio interno de quema de velas"},{"value":3265,"label":"Servicio ritual"},{"value":3264,"label":"Servicio ritual de quema de velas"},{"value":3791,"label":"simpat\u00eda del juez y del jurado"},{"value":3268,"label":"Tienda de velas espirituales"},{"value":3245,"label":"Vela de alejamiento de la ley"},{"value":3788,"label":"Vela de San Raimundo"},{"value":3800,"label":"vela Justo Juez"},{"value":3798,"label":"vela San Ram\u00f3n"},{"value":3799,"label":"vela San Ram\u00f3n Nonato"},{"value":3796,"label":"victoria en un juicio o demanda"}]},"featured_image_src_large":["https:\/\/texmexcurios.com\/wp-content\/uploads\/2024\/08\/4-Court-Case-Candles-1000.jpg",1000,1000,false],"author_info":[],"comment_info":0,"_links":{"self":[{"href":"https:\/\/texmexcurios.com\/es\/wp-json\/wp\/v2\/product\/17355","targetHints":{"allow":["GET"]}}],"collection":[{"href":"https:\/\/texmexcurios.com\/es\/wp-json\/wp\/v2\/product"}],"about":[{"href":"https:\/\/texmexcurios.com\/es\/wp-json\/wp\/v2\/types\/product"}],"replies":[{"embeddable":true,"href":"https:\/\/texmexcurios.com\/es\/wp-json\/wp\/v2\/comments?post=17355"}],"wp:featuredmedia":[{"embeddable":true,"href":"https:\/\/texmexcurios.com\/es\/wp-json\/wp\/v2\/media\/15674"}],"wp:attachment":[{"href":"https:\/\/texmexcurios.com\/es\/wp-json\/wp\/v2\/media?parent=17355"}],"wp:term":[{"taxonomy":"product_brand","embeddable":true,"href":"https:\/\/texmexcurios.com\/es\/wp-json\/wp\/v2\/product_brand?post=17355"},{"taxonomy":"product_cat","embeddable":true,"href":"https:\/\/texmexcurios.com\/es\/wp-json\/wp\/v2\/product_cat?post=17355"},{"taxonomy":"product_tag","embeddable":true,"href":"https:\/\/texmexcurios.com\/es\/wp-json\/wp\/v2\/product_tag?post=17355"}],"curies":[{"name":"wp","href":"https:\/\/api.w.org\/{rel}","templated":true}]}}